{"id":1008,"date":"2015-07-07T18:34:31","date_gmt":"2015-07-07T18:34:31","guid":{"rendered":"https:\/\/www.bazarmerlin.com\/inicio\/?post_type=product&#038;p=1008"},"modified":"2023-01-05T22:41:37","modified_gmt":"2023-01-05T22:41:37","slug":"orgonita-en-piramide-mejor-diseno-del-mercado","status":"publish","type":"product","link":"https:\/\/www.bazarmerlin.com\/inicio\/producto\/orgonita-en-piramide-mejor-diseno-del-mercado\/","title":{"rendered":"Orgonita En Pir\u00e1mide &#8211; Mas Reforzada Y Mas Efectiva"},"content":{"rendered":"<p><strong>ORGONITA EN PIR\u00c1MIDE GRANDE DE 7 X 10 CMS<\/strong><\/p>\n<p>&nbsp;<\/p>\n<p>EQUILIBRADOR DE ENERG\u00cdAS<\/p>\n<p>AUMENTA TU VITALIDAD MEJORA TU ANIMO<\/p>\n<p>El uso de las pir\u00e1mides de orgonita es muy simple, se coloca en una parte de la casa y se deja actuar. Adem\u00e1s no necesitan mantenimiento, como en el caso de los cuarzos, manteni\u00e9ndose en perfectas condiciones todo el tiempo.<\/p>\n<p>Los beneficios para la salud son visibles de forma inmediata, resultan ser \u00fatiles a la hora de meditar con s\u00f3lo ponerlos en la mano o colocarlos cerca de uno de ellos, consiguiendo as\u00ed el mismo tipo de equilibrio y de curaci\u00f3n emocional y f\u00edsica que los m\u00e9todos m\u00e1s tradicionales como el Reiki, Magnetoterapia, etc. Las orgonitas proporcionan una constante limpieza et\u00e9rica y sin hacer nada y protegen de la contaminaci\u00f3n electromagn\u00e9tica a la que se le atribuyen males como el c\u00e1ncer o efectos sobre el embarazo, insomnio, fatiga, cambios de conducta, irritabilidad, depresi\u00f3n etc\u00e9tera.<\/p>\n<p>\u00bfQUE PUEDE HACER LA ORGONITA POR TI?<\/p>\n<p>1. Transformar\u00e1 la energ\u00eda et\u00e9rica negativa de tu hogar, vecindario, en energ\u00eda saludable et\u00e9rica<br \/>\n2. Neutraliza las emisiones electromagn\u00e9ticas perjudiciales para la salud de tel\u00e9fonos m\u00f3viles, antenas, dispositivos WIFI, televisiones, microondas, computadoras, etc.<br \/>\n3. Purifica los \u00e1tomos del agua intoxicada de la llave o del agua embotellada<br \/>\n4. Ayuda a las plantas a crecer mejor. Repele los insectos<br \/>\n5. Desarma las formas predadoras de vida<br \/>\n6. Inspira en el ambiente una sensaci\u00f3n de optimismo y de energ\u00eda positiva<br \/>\n7. Frecuentemente remedia el insomnio o problemas de sue\u00f1o<br \/>\n8. Ayuda a potenciar tus sentidos ps\u00edquicos innatos<br \/>\n9. Te hace colaborador de un mundo m\u00e1s limpio, solidario y respetuoso<br \/>\n10. Evita el envejecimiento prematuro causado por los radicales libres<br \/>\n11. Al colocar una Orgonita en tu hogar o vecindario, estas ayudando a proteger al planeta de las emisiones magn\u00e9ticas negativas que nos afectan a todos.<\/p>\n<p>&#8212;-ORGONITA HECHA TOTALMENTE A MANO DE FORMA ARTESANAL&#8212;<\/p>\n<p>NOTA IMPORTANTE: Por tratarse de una pieza artesanal puede tener variaciones en color y forma interior ya que es hecha totalmente a mano.<\/p>\n<p>&nbsp;<\/p>\n<p>&nbsp;<\/p>\n<p><strong>BAZAR MERLIN<\/strong><br \/>\n<strong>El Lugar M\u00e1s M\u00edstico de Guadalajara<\/strong><br \/>\n<strong>ENVIAMOS A TODO M\u00c9XICO<\/strong><\/p>\n<!-- AddThis Advanced Settings generic via filter on the_content --><!-- AddThis Share Buttons generic via filter on the_content -->","protected":false},"excerpt":{"rendered":"<p>ORGONITA EN PIR\u00c1MIDE GRANDE DE 7 X 10 CMS &nbsp; EQUILIBRADOR DE ENERG\u00cdAS AUMENTA TU VITALIDAD MEJORA TU ANIMO El uso de las pir\u00e1mides de orgonita es muy simple, se coloca en una parte de la casa y se deja actuar. Adem\u00e1s no necesitan mantenimiento, como en el caso de los cuarzos, manteni\u00e9ndose en perfectas&hellip;<!-- AddThis Advanced Settings generic via filter on get_the_excerpt --><!-- AddThis Share Buttons generic via filter on get_the_excerpt --><\/p>\n","protected":false},"featured_media":7918,"template":"","meta":[],"product_cat":[16],"product_tag":[688,687],"_links":{"self":[{"href":"https:\/\/www.bazarmerlin.com\/inicio\/wp-json\/wp\/v2\/product\/1008"}],"collection":[{"href":"https:\/\/www.bazarmerlin.com\/inicio\/wp-json\/wp\/v2\/product"}],"about":[{"href":"https:\/\/www.bazarmerlin.com\/inicio\/wp-json\/wp\/v2\/types\/product"}],"wp:featuredmedia":[{"embeddable":true,"href":"https:\/\/www.bazarmerlin.com\/inicio\/wp-json\/wp\/v2\/media\/7918"}],"wp:attachment":[{"href":"https:\/\/www.bazarmerlin.com\/inicio\/wp-json\/wp\/v2\/media?parent=1008"}],"wp:term":[{"taxonomy":"product_cat","embeddable":true,"href":"https:\/\/www.bazarmerlin.com\/inicio\/wp-json\/wp\/v2\/product_cat?post=1008"},{"taxonomy":"product_tag","embeddable":true,"href":"https:\/\/www.bazarmerlin.com\/inicio\/wp-json\/wp\/v2\/product_tag?post=1008"}],"curies":[{"name":"wp","href":"https:\/\/api.w.org\/{rel}","templated":true}]}}