{"id":1010,"date":"2015-07-07T18:38:46","date_gmt":"2015-07-07T18:38:46","guid":{"rendered":"https:\/\/www.bazarmerlin.com\/inicio\/?post_type=product&#038;p=1010"},"modified":"2023-02-12T02:21:43","modified_gmt":"2023-02-12T02:21:43","slug":"pulsera-atlante-proteccion-y-desarrollo-extrasensorial","status":"publish","type":"product","link":"https:\/\/www.bazarmerlin.com\/inicio\/producto\/pulsera-atlante-proteccion-y-desarrollo-extrasensorial\/","title":{"rendered":"Pulsera Atlante &#8211; Protecci\u00f3n Y Desarrollo Extrasensorial"},"content":{"rendered":"<p><strong>PULSERA ATLANTE DE PLATA PURA<\/strong><\/p>\n<p>&nbsp;<\/p>\n<p><em>QUE CONDUCE EL CALOR Y LA ELECTRICIDAD MEJOR QUE NING\u00daN OTRO METAL. POR ESO INCIDE POSITIVAMENTE<\/em><br \/>\n<em>EN LA VIBRACI\u00d3N BIOENERG\u00c9TICA QUE GENERA LA PULSERA<\/em><\/p>\n<p>&nbsp;<\/p>\n<p>LOS 2 TRI\u00c1NGULOS IS\u00d3SCELES, depuran las energ\u00edas transform\u00e1ndolas en positivas, fluyendo hacia el interior de la pulsera por los orificios de sus v\u00e9rtices. Las 3 l\u00edneas forman una rejilla que absorbe las energ\u00edas.<\/p>\n<p>6 RECT\u00c1NGULOS que permiten captar, acumular, potenciar y emitir energ\u00eda c\u00f3smica, en forma de vibraciones electromagn\u00e9ticas, por medio de leyes y fen\u00f3menos comprobados por m\u00faltiples experiencias.<\/p>\n<p>&nbsp;<\/p>\n<p>ACT\u00daA PODEROSAMENTE SOBRE LA PERSONA QUE LA USA, DE 3 PRINCIPALES MANERAS:<\/p>\n<p>*** 1. Protecci\u00f3n de las vibraciones negativas maleficios, encantamientos, maldiciones y sortilegios, as\u00ed como de las perturbaciones vibratorias de la naturaleza<br \/>\n*** 2. Desarrollo de percepciones extrasensoriales. Se agudiza su premonici\u00f3n, lo que permite conocer lo que sucede, sin tener informaci\u00f3n previa. Aumenta su capacidad telep\u00e1tica.<br \/>\n*** 3. Conservaci\u00f3n de la salud en las manos existen canales por donde circula la energ\u00eda vital. Por lo tanto, protege de las agresiones externas que pudieran desequilibrarlos, previniendo as\u00ed trastornos de la salud.<\/p>\n<p>&nbsp;<\/p>\n<p>LA FORMA ATLANTE CONSTA DE 9 RECT\u00c1NGULOS Y 2 TRI\u00c1NGULOS IS\u00d3SCELES. CUANDO SE APLICA A UNA PULSERA, LAS ENERG\u00cdAS SE CONDUCEN Y SE PONTENCIAL\u00cdZA EL PODER DE LOS MINERALES QUE LLEVE.<\/p>\n<p>&nbsp;<\/p>\n<p>&nbsp;<\/p>\n<p><strong>BAZAR MERL\u00cdN<\/strong><br \/>\n<strong>El Lugar M\u00e1s M\u00edstico de Guadalajara<\/strong><br \/>\n<strong>ENVIAMOS A TODO M\u00c9XICO\u2026<\/strong><\/p>\n<!-- AddThis Advanced Settings generic via filter on the_content --><!-- AddThis Share Buttons generic via filter on the_content -->","protected":false},"excerpt":{"rendered":"<p>PULSERA ATLANTE DE PLATA PURA &nbsp; QUE CONDUCE EL CALOR Y LA ELECTRICIDAD MEJOR QUE NING\u00daN OTRO METAL. POR ESO INCIDE POSITIVAMENTE EN LA VIBRACI\u00d3N BIOENERG\u00c9TICA QUE GENERA LA PULSERA &nbsp; LOS 2 TRI\u00c1NGULOS IS\u00d3SCELES, depuran las energ\u00edas transform\u00e1ndolas en positivas, fluyendo hacia el interior de la pulsera por los orificios de sus v\u00e9rtices. Las&hellip;<!-- AddThis Advanced Settings generic via filter on get_the_excerpt --><!-- AddThis Share Buttons generic via filter on get_the_excerpt --><\/p>\n","protected":false},"featured_media":10718,"template":"","meta":[],"product_cat":[12],"product_tag":[690,689],"_links":{"self":[{"href":"https:\/\/www.bazarmerlin.com\/inicio\/wp-json\/wp\/v2\/product\/1010"}],"collection":[{"href":"https:\/\/www.bazarmerlin.com\/inicio\/wp-json\/wp\/v2\/product"}],"about":[{"href":"https:\/\/www.bazarmerlin.com\/inicio\/wp-json\/wp\/v2\/types\/product"}],"wp:featuredmedia":[{"embeddable":true,"href":"https:\/\/www.bazarmerlin.com\/inicio\/wp-json\/wp\/v2\/media\/10718"}],"wp:attachment":[{"href":"https:\/\/www.bazarmerlin.com\/inicio\/wp-json\/wp\/v2\/media?parent=1010"}],"wp:term":[{"taxonomy":"product_cat","embeddable":true,"href":"https:\/\/www.bazarmerlin.com\/inicio\/wp-json\/wp\/v2\/product_cat?post=1010"},{"taxonomy":"product_tag","embeddable":true,"href":"https:\/\/www.bazarmerlin.com\/inicio\/wp-json\/wp\/v2\/product_tag?post=1010"}],"curies":[{"name":"wp","href":"https:\/\/api.w.org\/{rel}","templated":true}]}}