{"id":1016,"date":"2015-07-07T18:50:42","date_gmt":"2015-07-07T18:50:42","guid":{"rendered":"https:\/\/www.bazarmerlin.com\/inicio\/?post_type=product&#038;p=1016"},"modified":"2024-04-05T01:44:40","modified_gmt":"2024-04-05T01:44:40","slug":"cristo-astral-oro-14-kilates-proteccion-y-suerte-en-todo","status":"publish","type":"product","link":"https:\/\/www.bazarmerlin.com\/inicio\/producto\/cristo-astral-oro-14-kilates-proteccion-y-suerte-en-todo\/","title":{"rendered":"Cristo Astral Oro 14 K. &#8211; Muy PODEROSO Para ATRAER Y UNIR A TU PAREJA"},"content":{"rendered":"<p><strong>CRISTO ASTRAL<\/strong><br \/>\n<strong>En ORO 14 KILATES<\/strong><br \/>\n<strong>Protecci\u00f3n y Suerte En Todo,<\/strong><\/p>\n<p>&nbsp;<\/p>\n<p>Un Talism\u00e1n discreto PERO <strong>MUY PODEROSO<\/strong><br \/>\n<strong>Para ATRAER Y UNIR a nuestra pareja de forma DEFITIVA<\/strong><\/p>\n<p>como tambi\u00e9n: atraer PROTECCI\u00d3N Y SUERTE EN TODOS LOS ASPECTOS.<\/p>\n<p>AMOR, PROTECCION Y ABRIR CAMINOS EN TODO,<\/p>\n<p>Por fin puedes tener TU y tus seres queridos toda la protecci\u00f3n y el poder del universo, esta es la oportunidad que estabas esperando, este cristo astral esta fabricado en ORO DE 14 K. para darle un magnetismo de alto poder y obtengas una joya como Talism\u00e1n que desearas tener por siempre.<\/p>\n<p>Ahora al alcance de tu mano.!!!<\/p>\n<p>Significado Del Cristo Astral: Los dos principales astros del universo en conjunci\u00f3n, con el magn\u00edfico poder y bondad de nuestro se\u00f1or Jesucristo,<\/p>\n<p>se re\u00fanen en uno de los mas poderosos objetos de protecci\u00f3n conocido ancestral mente como el Poderoso Cristo Astral.<\/p>\n<p>La cruz esta formada por la luna y el sol que representan el bien y el mal como al centro Jes\u00fas nuestro se\u00f1or que equilibra toda esa energ\u00eda y carga de fe este PODEROSO CRISTO ASTRAL.<\/p>\n<p>La parte de abajo de este poderoso cristo astral termina en punta que representa la poderosa espada flam\u00edgera de san Miguel Arc\u00e1ngel d\u00e1ndole fuera para cortar cualquier da\u00f1o o mala racha ya que la figura de cristo magnifica este poderoso cristo astral ya que todo esto en conjunto equilibrara las energ\u00edas del bien y el mal.<\/p>\n<p>&nbsp;<\/p>\n<p>&nbsp;<\/p>\n<p><strong>BAZAR MERLIN<\/strong><br \/>\n<strong>El Lugar M\u00e1s M\u00edstico de Guadalajara<\/strong><br \/>\n<strong>ENVIAMOS A TODO M\u00c9XICO\u2026<\/strong><\/p>\n<!-- AddThis Advanced Settings generic via filter on the_content --><!-- AddThis Share Buttons generic via filter on the_content -->","protected":false},"excerpt":{"rendered":"<p>CRISTO ASTRAL En ORO 14 KILATES Protecci\u00f3n y Suerte En Todo, &nbsp; Un Talism\u00e1n discreto PERO MUY PODEROSO Para ATRAER Y UNIR a nuestra pareja de forma DEFITIVA como tambi\u00e9n: atraer PROTECCI\u00d3N Y SUERTE EN TODOS LOS ASPECTOS. AMOR, PROTECCION Y ABRIR CAMINOS EN TODO, Por fin puedes tener TU y tus seres queridos toda&hellip;<!-- AddThis Advanced Settings generic via filter on get_the_excerpt --><!-- AddThis Share Buttons generic via filter on get_the_excerpt --><\/p>\n","protected":false},"featured_media":10606,"template":"","meta":[],"product_cat":[12],"product_tag":[691,692],"_links":{"self":[{"href":"https:\/\/www.bazarmerlin.com\/inicio\/wp-json\/wp\/v2\/product\/1016"}],"collection":[{"href":"https:\/\/www.bazarmerlin.com\/inicio\/wp-json\/wp\/v2\/product"}],"about":[{"href":"https:\/\/www.bazarmerlin.com\/inicio\/wp-json\/wp\/v2\/types\/product"}],"wp:featuredmedia":[{"embeddable":true,"href":"https:\/\/www.bazarmerlin.com\/inicio\/wp-json\/wp\/v2\/media\/10606"}],"wp:attachment":[{"href":"https:\/\/www.bazarmerlin.com\/inicio\/wp-json\/wp\/v2\/media?parent=1016"}],"wp:term":[{"taxonomy":"product_cat","embeddable":true,"href":"https:\/\/www.bazarmerlin.com\/inicio\/wp-json\/wp\/v2\/product_cat?post=1016"},{"taxonomy":"product_tag","embeddable":true,"href":"https:\/\/www.bazarmerlin.com\/inicio\/wp-json\/wp\/v2\/product_tag?post=1016"}],"curies":[{"name":"wp","href":"https:\/\/api.w.org\/{rel}","templated":true}]}}