{"id":1018,"date":"2015-07-07T18:54:55","date_gmt":"2015-07-07T18:54:55","guid":{"rendered":"https:\/\/www.bazarmerlin.com\/inicio\/?post_type=product&#038;p=1018"},"modified":"2022-11-15T00:26:42","modified_gmt":"2022-11-15T00:26:42","slug":"medalla-de-san-miguel-arcangel-proteccion-contra-danos","status":"publish","type":"product","link":"https:\/\/www.bazarmerlin.com\/inicio\/producto\/medalla-de-san-miguel-arcangel-proteccion-contra-danos\/","title":{"rendered":"Talisman De San Miguel Arc\u00e1ngel &#8211; Protecci\u00f3n Contra Da\u00f1os"},"content":{"rendered":"<p><strong>Talism\u00e1n De San Migue Arc\u00e1ngel.<\/strong><br \/>\n<strong>HECHO EN 7 METALES Y ENCAPSULADO EN RESINA<\/strong><\/p>\n<p>&nbsp;<\/p>\n<p>DI\u00c1METRO APROXIMADO 3.5 CMS<\/p>\n<p>&#8212;ATRAE DINERO, NEGOCIOS, SUERTE Y PROTECCI\u00d3N&#8212;<\/p>\n<p>*TU SITUACI\u00d3N PERSONAL, PROFESIONAL O FINANCIERA ESTA EN UN PUNTO CRITICO?.<br \/>\n*SIENTES SER VICTIMA DE UN TRABAJO OBSCURO DE ALG\u00daN ENEMIGO?.<br \/>\n*HAS INTENTADO CASI TODO, INCLUSO MAGIA Y NO VEZ CAMBIOS EN TU VIDA?.<\/p>\n<p>EL TALISM\u00c1N DE SAN MIGUEL ARC\u00c1NGEL<br \/>\nES LO QUE HAS ESTADO BUSCANDO.<\/p>\n<p>EL PODEROSO TALISM\u00c1N DE SAN MIGUEL ARC\u00c1NGEL: Si te sientes amenazado, si te sientes que estas en peligro, o si alguien de tu familia est\u00e1 en desgracia, puedes invocar la presencia del \u00c1ngel para que lo cuide. As\u00ed mismo, si tienes problemas legales o eres v\u00edctima de injusticias, LA MEDALLA DE SAN MIGUEL ARC\u00c1NGEL te ayudara a VENCER CUALQUIER DIFICULTAD, ya que solo \u00e9l es capaz de atraer PAZ Y ARMON\u00cdA con otros, derribar obst\u00e1culos que han separado personas y familias, debido a diferencias de opini\u00f3n y ego\u00edsmos..<\/p>\n<p>Ademas Por su simbologia Secreta y ritualizacion Asignada A Cada Persona Acuerdo Con Sus Vibraciones Karmicas, Y Esta Debidamente Ritualizado Para La Apersona Que Lo Portara Haci\u00e9ndolo Un Dije Y Talism\u00e1n \u00danico Como Muy Poderoso Para Su Portador.<\/p>\n<p>Esta Elaborado Totalmente A Mano Y Consagrado Especialmente Para Ti, Bajo Un Ritual Muy Poderoso Y De Verdadera Alta Magia. Este Talism\u00e1n Adem\u00e1s Esta fabricado en aleaci\u00f3n 7 metales y Encapsulado En Resina O\/Y Acr\u00edlico Para Que Este Poderoso Talism\u00e1n Dure Toda La Vida..<\/p>\n<p>\u00bfPOR QUE ES TAN PODEROSO ESTE TALISMAN? Por La Simbolog\u00eda Que Encierra, Porque Se Prepara Y Ritualiza Con Decretos Y Rituales De Alta Magia Que Le Ayudan A Aumentar Su Poder De Protecci\u00f3n. Adem\u00e1s Esta Realizado En Aleaci\u00f3n De 7 Metales Que Corresponden A Los 7 Planetas Alqu\u00edmicos.<\/p>\n<p>&nbsp;<\/p>\n<p>&nbsp;<\/p>\n<p><strong>BAZAR MERL\u00cdN<\/strong><br \/>\n<strong>El Lugar M\u00e1s M\u00edstico de Guadalajara<\/strong><br \/>\n<strong>ENVIAMOS A TODO M\u00c9XICO <\/strong><\/p>\n<!-- AddThis Advanced Settings generic via filter on the_content --><!-- AddThis Share Buttons generic via filter on the_content -->","protected":false},"excerpt":{"rendered":"<p>Talism\u00e1n De San Migue Arc\u00e1ngel. HECHO EN 7 METALES Y ENCAPSULADO EN RESINA &nbsp; DI\u00c1METRO APROXIMADO 3.5 CMS &#8212;ATRAE DINERO, NEGOCIOS, SUERTE Y PROTECCI\u00d3N&#8212; *TU SITUACI\u00d3N PERSONAL, PROFESIONAL O FINANCIERA ESTA EN UN PUNTO CRITICO?. *SIENTES SER VICTIMA DE UN TRABAJO OBSCURO DE ALG\u00daN ENEMIGO?. *HAS INTENTADO CASI TODO, INCLUSO MAGIA Y NO VEZ CAMBIOS&hellip;<!-- AddThis Advanced Settings generic via filter on get_the_excerpt --><!-- AddThis Share Buttons generic via filter on get_the_excerpt --><\/p>\n","protected":false},"featured_media":10744,"template":"","meta":[],"product_cat":[12],"product_tag":[281,693],"_links":{"self":[{"href":"https:\/\/www.bazarmerlin.com\/inicio\/wp-json\/wp\/v2\/product\/1018"}],"collection":[{"href":"https:\/\/www.bazarmerlin.com\/inicio\/wp-json\/wp\/v2\/product"}],"about":[{"href":"https:\/\/www.bazarmerlin.com\/inicio\/wp-json\/wp\/v2\/types\/product"}],"wp:featuredmedia":[{"embeddable":true,"href":"https:\/\/www.bazarmerlin.com\/inicio\/wp-json\/wp\/v2\/media\/10744"}],"wp:attachment":[{"href":"https:\/\/www.bazarmerlin.com\/inicio\/wp-json\/wp\/v2\/media?parent=1018"}],"wp:term":[{"taxonomy":"product_cat","embeddable":true,"href":"https:\/\/www.bazarmerlin.com\/inicio\/wp-json\/wp\/v2\/product_cat?post=1018"},{"taxonomy":"product_tag","embeddable":true,"href":"https:\/\/www.bazarmerlin.com\/inicio\/wp-json\/wp\/v2\/product_tag?post=1018"}],"curies":[{"name":"wp","href":"https:\/\/api.w.org\/{rel}","templated":true}]}}