{"id":1042,"date":"2015-07-07T19:29:48","date_gmt":"2015-07-07T19:29:48","guid":{"rendered":"https:\/\/www.bazarmerlin.com\/inicio\/?post_type=product&#038;p=1042"},"modified":"2023-01-05T22:29:15","modified_gmt":"2023-01-05T22:29:15","slug":"orgonita-en-llavero-limpia-la-energia-de-tu-persona","status":"publish","type":"product","link":"https:\/\/www.bazarmerlin.com\/inicio\/producto\/orgonita-en-llavero-limpia-la-energia-de-tu-persona\/","title":{"rendered":"Dije Orgonita Mod. Gota Limpiar Tu Energ\u00eda Y Armoniza"},"content":{"rendered":"<div style=\"text-align: center;\">\n<div style=\"text-align: center;\">\n<div style=\"text-align: center;\"><\/div>\n<\/div>\n<\/div>\n<p><strong>DIJE DE ORGONITA REFORZADO<\/strong><\/p>\n<p>&nbsp;<\/p>\n<p>NOTA: Cada dije es \u00fanico, ya que es hecho artesanalmente y puede variar colores y formas de los cuarzos como la montadura puede ser DORADA O PLATEADA seg\u00fan existencia.<\/p>\n<p>-Limpia la energ\u00eda de tu persona.<br \/>\n-Te protege de malas energ\u00edas.<\/p>\n<p>La orgonita, tambi\u00e9n conocida como org\u00f3n u orgones ,es un instrumento que genera la energ\u00eda del universo ,tambi\u00e9n conocido con otros nombres como Reiki, Prana, Chi, Energ\u00eda Et\u00e9rica, Energ\u00eda Astral, Energ\u00eda Magn\u00e9tica, etc.<\/p>\n<p>ALGUNOS BENEFICIOS QUE OBTENDR\u00c1S DE LA ORGONITA:<\/p>\n<p>*Protecci\u00f3n permanente de malas energ\u00edas.<br \/>\n*Revitalizaci\u00f3n corporal.<br \/>\n*Cambio positivo en tu estado de \u00e1nimo.<br \/>\n*Est\u00edmulo del potencial ps\u00edquico de cada persona.<\/p>\n<p>MODO DE USO:<\/p>\n<p>La orgonita, tambi\u00e9n conocida como org\u00f3n con funciona con tan s\u00f3lo tenerlo cerca de ti todo el tiempo, se consigue el mismo tipo de curaci\u00f3n emocional y mantiene el equilibrio energ\u00e9tico. Esto permite una acci\u00f3n de limpiado constante en sus campos de energ\u00edas personales, y provee protecci\u00f3n a la agresi\u00f3n, desde el ataque ps\u00edquico a la contaminaci\u00f3n de varias formas de energ\u00eda.<\/p>\n<p>AUMENTE SU VITALIDAD Y MEJORA SU ESTADO DE \u00c1NIMO.<\/p>\n<p>NOTA IMPORTANTE: Por ser una pieza hecha a mano puede tener peque\u00f1as variaciones en forma, color y contenido, ya que es una pieza totalmente artesanal hecha a mano.<\/p>\n<p>&nbsp;<\/p>\n<p>&nbsp;<\/p>\n<p><strong>BAZAR MERLIN<\/strong><br \/>\n<strong>El Lugar M\u00e1s M\u00edstico de Guadalajara<\/strong><br \/>\n<strong>ENVIAMOS A TODO M\u00c9XICO<\/strong><\/p>\n<!-- AddThis Advanced Settings generic via filter on the_content --><!-- AddThis Share Buttons generic via filter on the_content -->","protected":false},"excerpt":{"rendered":"<p>DIJE DE ORGONITA REFORZADO &nbsp; NOTA: Cada dije es \u00fanico, ya que es hecho artesanalmente y puede variar colores y formas de los cuarzos como la montadura puede ser DORADA O PLATEADA seg\u00fan existencia. -Limpia la energ\u00eda de tu persona. -Te protege de malas energ\u00edas. La orgonita, tambi\u00e9n conocida como org\u00f3n u orgones ,es un&hellip;<!-- AddThis Advanced Settings generic via filter on get_the_excerpt --><!-- AddThis Share Buttons generic via filter on get_the_excerpt --><\/p>\n","protected":false},"featured_media":11382,"template":"","meta":[],"product_cat":[16],"product_tag":[698],"_links":{"self":[{"href":"https:\/\/www.bazarmerlin.com\/inicio\/wp-json\/wp\/v2\/product\/1042"}],"collection":[{"href":"https:\/\/www.bazarmerlin.com\/inicio\/wp-json\/wp\/v2\/product"}],"about":[{"href":"https:\/\/www.bazarmerlin.com\/inicio\/wp-json\/wp\/v2\/types\/product"}],"wp:featuredmedia":[{"embeddable":true,"href":"https:\/\/www.bazarmerlin.com\/inicio\/wp-json\/wp\/v2\/media\/11382"}],"wp:attachment":[{"href":"https:\/\/www.bazarmerlin.com\/inicio\/wp-json\/wp\/v2\/media?parent=1042"}],"wp:term":[{"taxonomy":"product_cat","embeddable":true,"href":"https:\/\/www.bazarmerlin.com\/inicio\/wp-json\/wp\/v2\/product_cat?post=1042"},{"taxonomy":"product_tag","embeddable":true,"href":"https:\/\/www.bazarmerlin.com\/inicio\/wp-json\/wp\/v2\/product_tag?post=1042"}],"curies":[{"name":"wp","href":"https:\/\/api.w.org\/{rel}","templated":true}]}}