{"id":1068,"date":"2015-07-08T18:43:36","date_gmt":"2015-07-08T18:43:36","guid":{"rendered":"https:\/\/www.bazarmerlin.com\/inicio\/?post_type=product&#038;p=1068"},"modified":"2022-11-12T00:09:13","modified_gmt":"2022-11-12T00:09:13","slug":"santa-muerte-en-dije-chapa-de-oro-proteccion-amor","status":"publish","type":"product","link":"https:\/\/www.bazarmerlin.com\/inicio\/producto\/santa-muerte-en-dije-chapa-de-oro-proteccion-amor\/","title":{"rendered":"Santa Muerte En Dije &#8211; Chapa De Oro &#8211; Protecci\u00f3n, Amor"},"content":{"rendered":"<p><strong>DIJE DE LA SANTA MUERTE<\/strong><br \/>\n<strong>\u00daNICA EN ALEACI\u00d3N DE 7 METALES Y CHAPA DE ORO<\/strong><\/p>\n<p>&nbsp;<\/p>\n<p>Este hermoso y poderoso talism\u00e1n de la SANTA MUERTE Te ayudar\u00e1 a atraer a tu vida PROTECCI\u00d3N, OPORTUNIDADES Y A ABRIRTE CAMINOS EN TODO. Para que todo llegue de manera m\u00e1s f\u00e1cil a t\u00fa vida!.<\/p>\n<p>Destruye todas las envidias, da\u00f1os y enfermedades, Atrae \u00e9xito en todo lo que emprendas ya que canaliza las energ\u00edas del universo al dije purificando cualquier da\u00f1o y abri\u00e9ndote caminos en todo lo que emprendas de una forma r\u00e1pida, definitiva y sencilla&#8230;&#8230;.<\/p>\n<p>Este Hermoso Y Poderoso Dije Se Te Manda CONSAGRADO Y RITUALIZADO Para Que Obtengas Protecci\u00f3n, Dinero Oportunidades o Abrir Caminos De Forma R\u00e1pida Y Inmediata.<\/p>\n<p>&nbsp;<\/p>\n<p>&nbsp;<\/p>\n<p><strong>BAZAR MERLIN\u00ae<\/strong><br \/>\n<strong>El Lugar M\u00e1s M\u00edstico de Guadalajara<\/strong><br \/>\n<strong>ENVIAMOS A TODO M\u00c9XICO Y EL MUNDO\u2026<\/strong><\/p>\n<!-- AddThis Advanced Settings generic via filter on the_content --><!-- AddThis Share Buttons generic via filter on the_content -->","protected":false},"excerpt":{"rendered":"<p>DIJE DE LA SANTA MUERTE \u00daNICA EN ALEACI\u00d3N DE 7 METALES Y CHAPA DE ORO &nbsp; Este hermoso y poderoso talism\u00e1n de la SANTA MUERTE Te ayudar\u00e1 a atraer a tu vida PROTECCI\u00d3N, OPORTUNIDADES Y A ABRIRTE CAMINOS EN TODO. Para que todo llegue de manera m\u00e1s f\u00e1cil a t\u00fa vida!. Destruye todas las envidias,&hellip;<!-- AddThis Advanced Settings generic via filter on get_the_excerpt --><!-- AddThis Share Buttons generic via filter on get_the_excerpt --><\/p>\n","protected":false},"featured_media":10727,"template":"","meta":[],"product_cat":[12],"product_tag":[56,667,57,643],"_links":{"self":[{"href":"https:\/\/www.bazarmerlin.com\/inicio\/wp-json\/wp\/v2\/product\/1068"}],"collection":[{"href":"https:\/\/www.bazarmerlin.com\/inicio\/wp-json\/wp\/v2\/product"}],"about":[{"href":"https:\/\/www.bazarmerlin.com\/inicio\/wp-json\/wp\/v2\/types\/product"}],"wp:featuredmedia":[{"embeddable":true,"href":"https:\/\/www.bazarmerlin.com\/inicio\/wp-json\/wp\/v2\/media\/10727"}],"wp:attachment":[{"href":"https:\/\/www.bazarmerlin.com\/inicio\/wp-json\/wp\/v2\/media?parent=1068"}],"wp:term":[{"taxonomy":"product_cat","embeddable":true,"href":"https:\/\/www.bazarmerlin.com\/inicio\/wp-json\/wp\/v2\/product_cat?post=1068"},{"taxonomy":"product_tag","embeddable":true,"href":"https:\/\/www.bazarmerlin.com\/inicio\/wp-json\/wp\/v2\/product_tag?post=1068"}],"curies":[{"name":"wp","href":"https:\/\/api.w.org\/{rel}","templated":true}]}}