{"id":1072,"date":"2015-07-08T18:49:33","date_gmt":"2015-07-08T18:49:33","guid":{"rendered":"https:\/\/www.bazarmerlin.com\/inicio\/?post_type=product&#038;p=1072"},"modified":"2023-01-03T22:36:30","modified_gmt":"2023-01-03T22:36:30","slug":"cuarzo-citrino-por-kilo-importado-de-brasil","status":"publish","type":"product","link":"https:\/\/www.bazarmerlin.com\/inicio\/producto\/cuarzo-citrino-por-kilo-importado-de-brasil\/","title":{"rendered":"Cuarzo Citrino Por Kilo &#8211; Importado De Brasil"},"content":{"rendered":"<p><strong>CUARZO CITRINO POR KILO.<\/strong><br \/>\n<strong>DE LA MEJOR CALIDAD DEL MERCADO<\/strong><\/p>\n<p>&nbsp;<\/p>\n<p>El cuarzo es ideal para iniciar un negocio, Ya sea emplearlo para joyer\u00eda, en gemoterapia, o simplemente para venta individual.<\/p>\n<p>EL CUARZO CITRINO se relaciona con la PROSPERIDAD Y LA GENEROSIDAD. Inclina hacia EL BUEN HUMOR, alimenta el esp\u00edritu y FAVORECE LA CONCENTRACI\u00d3N. LOS CRISTALES DE CUARZO act\u00faan como trasformadores y amplificadores de energ\u00eda equilibrando y re-energetizando los sistemas biol\u00f3gicos desde su nivel general, por medio de vibraciones oscilantes.<\/p>\n<p>Los cuarzos se utilizan para dar energ\u00eda y recuperar pensamientos acumulados.<\/p>\n<p>Los cristales son \u00fanicos por que se les puede programar para usted mismo. Lo puede realizar acercando el cristal a su tercer ojo y concentr\u00e1ndose en una forma especifica de pensamiento, como una protecci\u00f3n.<\/p>\n<p>&nbsp;<\/p>\n<p>&nbsp;<\/p>\n<p>&nbsp;<\/p>\n<p><strong>BAZAR MERLIN<\/strong><br \/>\n<strong>El Lugar M\u00e1s M\u00edstico de Guadalajara<\/strong><br \/>\n<strong>ENVIAMOS A TODO M\u00c9XICO <\/strong><\/p>\n<!-- AddThis Advanced Settings generic via filter on the_content --><!-- AddThis Share Buttons generic via filter on the_content -->","protected":false},"excerpt":{"rendered":"<p>CUARZO CITRINO POR KILO. DE LA MEJOR CALIDAD DEL MERCADO &nbsp; El cuarzo es ideal para iniciar un negocio, Ya sea emplearlo para joyer\u00eda, en gemoterapia, o simplemente para venta individual. EL CUARZO CITRINO se relaciona con la PROSPERIDAD Y LA GENEROSIDAD. Inclina hacia EL BUEN HUMOR, alimenta el esp\u00edritu y FAVORECE LA CONCENTRACI\u00d3N. LOS&hellip;<!-- AddThis Advanced Settings generic via filter on get_the_excerpt --><!-- AddThis Share Buttons generic via filter on get_the_excerpt --><\/p>\n","protected":false},"featured_media":11328,"template":"","meta":[],"product_cat":[11],"product_tag":[704,705],"_links":{"self":[{"href":"https:\/\/www.bazarmerlin.com\/inicio\/wp-json\/wp\/v2\/product\/1072"}],"collection":[{"href":"https:\/\/www.bazarmerlin.com\/inicio\/wp-json\/wp\/v2\/product"}],"about":[{"href":"https:\/\/www.bazarmerlin.com\/inicio\/wp-json\/wp\/v2\/types\/product"}],"wp:featuredmedia":[{"embeddable":true,"href":"https:\/\/www.bazarmerlin.com\/inicio\/wp-json\/wp\/v2\/media\/11328"}],"wp:attachment":[{"href":"https:\/\/www.bazarmerlin.com\/inicio\/wp-json\/wp\/v2\/media?parent=1072"}],"wp:term":[{"taxonomy":"product_cat","embeddable":true,"href":"https:\/\/www.bazarmerlin.com\/inicio\/wp-json\/wp\/v2\/product_cat?post=1072"},{"taxonomy":"product_tag","embeddable":true,"href":"https:\/\/www.bazarmerlin.com\/inicio\/wp-json\/wp\/v2\/product_tag?post=1072"}],"curies":[{"name":"wp","href":"https:\/\/api.w.org\/{rel}","templated":true}]}}