{"id":1080,"date":"2015-07-08T19:01:43","date_gmt":"2015-07-08T19:01:43","guid":{"rendered":"https:\/\/www.bazarmerlin.com\/inicio\/?post_type=product&#038;p=1080"},"modified":"2022-11-22T22:50:55","modified_gmt":"2022-11-22T22:50:55","slug":"herradura-de-san-martin-caballero-proteccion-y-prosperidad","status":"publish","type":"product","link":"https:\/\/www.bazarmerlin.com\/inicio\/producto\/herradura-de-san-martin-caballero-proteccion-y-prosperidad\/","title":{"rendered":"Herradura De San Mart\u00edn Caballero &#8211; Protecci\u00f3n Y Prosperidad"},"content":{"rendered":"<p><strong>HERRADURA DE SAN MART\u00cdN CABALLERO &#8211;<\/strong><br \/>\n<strong>ATRAE PROTECCI\u00d3N Y CLIENTES A TU NEGOCIO<\/strong><\/p>\n<p>&nbsp;<\/p>\n<p>NOTA: Cada Herradura puede Variar en los colores y en acomodo de los elementos<br \/>\npor ser hechas Artesanalme<\/p>\n<p>Se te manda preparada y consagrada.<\/p>\n<p>La herradura San Mart\u00edn Caballero es un poderoso amuleto para atraer felicidad y prosperidad a tu vida. Para la suerte en el negocio, trabajo, e inversiones.<\/p>\n<p>La herradura est\u00e1 hecha con una aleaci\u00f3n de oro y cobre utilizada por los espa\u00f1oles en la Am\u00e9rica precolombina. Esta aleaci\u00f3n convierte al metal en m\u00e1s resistente y era utilizado para la fabricaci\u00f3n de objetos religiosos.<\/p>\n<p>Un Amuleto es un objeto, ya sea natural o artificial. Con tu fe depositada en \u00e9l, m\u00e1s sus poderes m\u00e1gicos, conseguir\u00e1s atraer hacia ti Buenas energ\u00edas, Protecci\u00f3n, Felicidad, Suerte o Trabajo.<\/p>\n<p>&nbsp;<\/p>\n<p>&nbsp;<\/p>\n<p><strong>BAZAR MERLIN<\/strong><br \/>\n<strong>El Lugar M\u00e1s M\u00edstico de Guadalajara<\/strong><br \/>\n<strong>ENVIAMOS A TODO M\u00c9XICO\u2026<\/strong><\/p>\n<!-- AddThis Advanced Settings generic via filter on the_content --><!-- AddThis Share Buttons generic via filter on the_content -->","protected":false},"excerpt":{"rendered":"<p>HERRADURA DE SAN MART\u00cdN CABALLERO &#8211; ATRAE PROTECCI\u00d3N Y CLIENTES A TU NEGOCIO &nbsp; NOTA: Cada Herradura puede Variar en los colores y en acomodo de los elementos por ser hechas Artesanalme Se te manda preparada y consagrada. La herradura San Mart\u00edn Caballero es un poderoso amuleto para atraer felicidad y prosperidad a tu vida.&hellip;<!-- AddThis Advanced Settings generic via filter on get_the_excerpt --><!-- AddThis Share Buttons generic via filter on get_the_excerpt --><\/p>\n","protected":false},"featured_media":8087,"template":"","meta":[],"product_cat":[12],"product_tag":[711,712],"_links":{"self":[{"href":"https:\/\/www.bazarmerlin.com\/inicio\/wp-json\/wp\/v2\/product\/1080"}],"collection":[{"href":"https:\/\/www.bazarmerlin.com\/inicio\/wp-json\/wp\/v2\/product"}],"about":[{"href":"https:\/\/www.bazarmerlin.com\/inicio\/wp-json\/wp\/v2\/types\/product"}],"wp:featuredmedia":[{"embeddable":true,"href":"https:\/\/www.bazarmerlin.com\/inicio\/wp-json\/wp\/v2\/media\/8087"}],"wp:attachment":[{"href":"https:\/\/www.bazarmerlin.com\/inicio\/wp-json\/wp\/v2\/media?parent=1080"}],"wp:term":[{"taxonomy":"product_cat","embeddable":true,"href":"https:\/\/www.bazarmerlin.com\/inicio\/wp-json\/wp\/v2\/product_cat?post=1080"},{"taxonomy":"product_tag","embeddable":true,"href":"https:\/\/www.bazarmerlin.com\/inicio\/wp-json\/wp\/v2\/product_tag?post=1080"}],"curies":[{"name":"wp","href":"https:\/\/api.w.org\/{rel}","templated":true}]}}