{"id":1084,"date":"2015-07-08T19:08:00","date_gmt":"2015-07-08T19:08:00","guid":{"rendered":"https:\/\/www.bazarmerlin.com\/inicio\/?post_type=product&#038;p=1084"},"modified":"2022-06-08T23:41:43","modified_gmt":"2022-06-08T23:41:43","slug":"talisman-ojo-visor-o-el-ojo-que-todo-lo-ve","status":"publish","type":"product","link":"https:\/\/www.bazarmerlin.com\/inicio\/producto\/talisman-ojo-visor-o-el-ojo-que-todo-lo-ve\/","title":{"rendered":"Talism\u00e1n Ojo Visor \u00d3 El Ojo Que Todo Lo Ve"},"content":{"rendered":"<div style=\"text-align: center;\">\n<div style=\"text-align: center;\">\n<div style=\"text-align: left;\"><\/div>\n<\/div>\n<\/div>\n<p><strong>TALISM\u00c1N OJO VISOR<\/strong><br \/>\n<strong>EL OJO QUE TODO LO VE<\/strong><\/p>\n<p>NOTA: LOS COLORES DEL TALISMAN PUEDEN VARIAR Y<br \/>\nSE ENV\u00cdA SEG\u00daN DISPONIBILIDAD<\/p>\n<p>Preserva la salud, prot\u00e9gete contra el mal de ojo, da\u00f1os y brujer\u00edas. El \u00fanico hecho en aleaci\u00f3n de 7 metales con fino recubrimiento de resina terminado totalmente artesanal por verdaderos ps\u00edquicos de alto poder.<\/p>\n<p>El ojo visor o triada como mejor se le conoce, es un s\u00edmbolo que ocupa Los masones en representaci\u00f3n de su Dios el arquitecto, es una representaci\u00f3n del antiguo Dios RA el ojo de horus. Su poderosa simbolog\u00eda representa caracter\u00edsticas m\u00e1gicas, protectoras, purificadoras y sanadoras.<\/p>\n<p>Los egipcios construyeron pir\u00e1mides para concentrar tu energ\u00eda en c\u00e1maras focalizadoras que elevaban frecuencia vibratoria de los disc\u00edpulos m\u00e1s avanzados de la escuela de misterios en aquel entonces, esto aplicaba el rango de percepci\u00f3n de sus sentidos y les permit\u00eda adquirir un nuevo punto de informaci\u00f3n sobre otras dimensiones en esta realidad, por esta raz\u00f3n si portas este poderoso talism\u00e1n desarrollar\u00e1s un poder extrasensorial para ver las cosas desde una perspectiva m\u00e1s elevada tener control total de tu vida obteniendo todo lo que siempre quisiste de una forma mucho m\u00e1s f\u00e1cil y combatir da\u00f1os como envidias en tu vida diaria.<\/p>\n<p>NOTA: LOS COLORES DEL TALISMAN PUEDEN VARIAR Y<br \/>\nSE ENV\u00cdAN SEG\u00daN DISPONIBILIDAD<\/p>\n<p>&nbsp;<\/p>\n<p>&nbsp;<\/p>\n<p>BAZAR MERLIN<br \/>\nEl Lugar M\u00e1s M\u00edstico de Guadalajara<br \/>\nENVIAMOS A TODO M\u00c9XICO&#8230;<\/p>\n<!-- AddThis Advanced Settings generic via filter on the_content --><!-- AddThis Share Buttons generic via filter on the_content -->","protected":false},"excerpt":{"rendered":"<p>TALISM\u00c1N OJO VISOR EL OJO QUE TODO LO VE NOTA: LOS COLORES DEL TALISMAN PUEDEN VARIAR Y SE ENV\u00cdA SEG\u00daN DISPONIBILIDAD Preserva la salud, prot\u00e9gete contra el mal de ojo, da\u00f1os y brujer\u00edas. El \u00fanico hecho en aleaci\u00f3n de 7 metales con fino recubrimiento de resina terminado totalmente artesanal por verdaderos ps\u00edquicos de alto poder.&hellip;<!-- AddThis Advanced Settings generic via filter on get_the_excerpt --><!-- AddThis Share Buttons generic via filter on get_the_excerpt --><\/p>\n","protected":false},"featured_media":8103,"template":"","meta":[],"product_cat":[12],"product_tag":[715],"_links":{"self":[{"href":"https:\/\/www.bazarmerlin.com\/inicio\/wp-json\/wp\/v2\/product\/1084"}],"collection":[{"href":"https:\/\/www.bazarmerlin.com\/inicio\/wp-json\/wp\/v2\/product"}],"about":[{"href":"https:\/\/www.bazarmerlin.com\/inicio\/wp-json\/wp\/v2\/types\/product"}],"wp:featuredmedia":[{"embeddable":true,"href":"https:\/\/www.bazarmerlin.com\/inicio\/wp-json\/wp\/v2\/media\/8103"}],"wp:attachment":[{"href":"https:\/\/www.bazarmerlin.com\/inicio\/wp-json\/wp\/v2\/media?parent=1084"}],"wp:term":[{"taxonomy":"product_cat","embeddable":true,"href":"https:\/\/www.bazarmerlin.com\/inicio\/wp-json\/wp\/v2\/product_cat?post=1084"},{"taxonomy":"product_tag","embeddable":true,"href":"https:\/\/www.bazarmerlin.com\/inicio\/wp-json\/wp\/v2\/product_tag?post=1084"}],"curies":[{"name":"wp","href":"https:\/\/api.w.org\/{rel}","templated":true}]}}