{"id":1096,"date":"2015-07-08T19:26:57","date_gmt":"2015-07-08T19:26:57","guid":{"rendered":"https:\/\/www.bazarmerlin.com\/inicio\/?post_type=product&#038;p=1096"},"modified":"2025-04-23T18:22:31","modified_gmt":"2025-04-23T18:22:31","slug":"dije-placa-atlante-en-plata-925-desarrollo-psiquico","status":"publish","type":"product","link":"https:\/\/www.bazarmerlin.com\/inicio\/producto\/dije-placa-atlante-en-plata-925-desarrollo-psiquico\/","title":{"rendered":"Dije Placa Atlante En Plata .925 &#8211; Desarrollo Ps\u00edquico"},"content":{"rendered":"<p><strong>DIJE ATLANTE EN M\u00c1XIMA CALIDAD<\/strong><\/p>\n<p>&nbsp;<\/p>\n<p>5 cm de Altura Incluyendo Pasa cadena<\/p>\n<p>Fabricada totalmente a mano<\/p>\n<p>&#8212;HECHO TOTALMENTE A MANO&#8212;<\/p>\n<p>El DIJE ATLANTE es un equilibrador integral de la personas y act\u00faa no solo sobre su cuerpo f\u00edsico sino tambi\u00e9n sobre el cuerpo o plano et\u00e9rico, astral y mental. Abriendo inmensas posibilidades para la defensa de ataques ps\u00edquicos de vibraciones negativas, envidias y da\u00f1os como en la apertura de la mente y su campo aurico atrayendo \u00e9xito, amor, salud y protecci\u00f3n para ti y todos tus seres queridos..<\/p>\n<p>Curaci\u00f3n, Protecci\u00f3n, y Percepci\u00f3n Extrasensorial.<\/p>\n<p>LAS PROPIEDADES BEN\u00c9FICAS QUE SE LE ATRIBUYEN SON:<\/p>\n<p>*Facilita las relaciones, de pareja y amorosas.<br \/>\n*Desarrollo de la intuici\u00f3n personal.<br \/>\n*Mejora de la premonici\u00f3n y capacidades internas.<br \/>\n*Potenciaci\u00f3n de la agudeza mental equilibrador energ\u00e9tico (comprobado con kinesiolog\u00eda).<br \/>\n*Mayor capacidad para encontrar soluciones a los problemas.<br \/>\n*Incremento de la creatividad.<br \/>\n*Act\u00faa de escudo contra los ataques ps\u00edquicos o la negatividad de otros.<br \/>\n*Atrae las energ\u00edas positivas del ambiente a su portador.<br \/>\n*Protecci\u00f3n contra energ\u00edas negativas sutiles (tel\u00faricas y energ\u00e9ticas).<br \/>\n*Generador de vitalidad.<br \/>\n*Potencia y multiplica la programaci\u00f3n mental hasta niveles incre\u00edbles.<br \/>\n*Amplificador resonante materializador de deseos.<br \/>\n*Incrementa los flujos de energ\u00eda positiva al entorno.<br \/>\n*Desarrollo del aspecto espiritual personal.<\/p>\n<p>ADEM\u00c1S, NUESTROS CLIENTES QUE HAN PORTADO NUESTRO DIJE ATLANTE HAN COMENTADO QUE:<\/p>\n<p>*Disminuye o elimina perturbaciones psicol\u00f3gicas, aumenta el buen humor y la autoestima.<br \/>\n*Protege contra accidentes inminentes.<br \/>\n*Propicia mayores ventas y \u00e9xito en los negocios.<br \/>\n*Incrementa la econom\u00eda, disminuye deudas y propicia el ahorro del dinero.<br \/>\n*Acelera la sanaci\u00f3n de enfermedades.<br \/>\n*Potencia la memoria, lo cual favorece a repeler enfermedades como el Aizheimer.<\/p>\n<p>DIJE ATLANTE SIMBOLOG\u00cdA DE M\u00c1XIMA DEFINICI\u00d3N EN FINA PLATA .925<br \/>\nCuraci\u00f3n, Protecci\u00f3n, y Percepci\u00f3n Extrasensorial.<\/p>\n<p>&nbsp;<\/p>\n<p>&nbsp;<\/p>\n<p><strong>BAZAR MERL\u00cdN<\/strong><br \/>\n<strong>El Lugar M\u00e1s M\u00edstico de Guadalajara<\/strong><br \/>\n<strong>ENVIAMOS A TODO M\u00c9XICO<\/strong><\/p>\n<!-- AddThis Advanced Settings generic via filter on the_content --><!-- AddThis Share Buttons generic via filter on the_content -->","protected":false},"excerpt":{"rendered":"<p>DIJE ATLANTE EN M\u00c1XIMA CALIDAD &nbsp; 5 cm de Altura Incluyendo Pasa cadena Fabricada totalmente a mano &#8212;HECHO TOTALMENTE A MANO&#8212; El DIJE ATLANTE es un equilibrador integral de la personas y act\u00faa no solo sobre su cuerpo f\u00edsico sino tambi\u00e9n sobre el cuerpo o plano et\u00e9rico, astral y mental. Abriendo inmensas posibilidades para la&hellip;<!-- AddThis Advanced Settings generic via filter on get_the_excerpt --><!-- AddThis Share Buttons generic via filter on get_the_excerpt --><\/p>\n","protected":false},"featured_media":10649,"template":"","meta":[],"product_cat":[12],"product_tag":[724,723],"_links":{"self":[{"href":"https:\/\/www.bazarmerlin.com\/inicio\/wp-json\/wp\/v2\/product\/1096"}],"collection":[{"href":"https:\/\/www.bazarmerlin.com\/inicio\/wp-json\/wp\/v2\/product"}],"about":[{"href":"https:\/\/www.bazarmerlin.com\/inicio\/wp-json\/wp\/v2\/types\/product"}],"wp:featuredmedia":[{"embeddable":true,"href":"https:\/\/www.bazarmerlin.com\/inicio\/wp-json\/wp\/v2\/media\/10649"}],"wp:attachment":[{"href":"https:\/\/www.bazarmerlin.com\/inicio\/wp-json\/wp\/v2\/media?parent=1096"}],"wp:term":[{"taxonomy":"product_cat","embeddable":true,"href":"https:\/\/www.bazarmerlin.com\/inicio\/wp-json\/wp\/v2\/product_cat?post=1096"},{"taxonomy":"product_tag","embeddable":true,"href":"https:\/\/www.bazarmerlin.com\/inicio\/wp-json\/wp\/v2\/product_tag?post=1096"}],"curies":[{"name":"wp","href":"https:\/\/api.w.org\/{rel}","templated":true}]}}