{"id":1113,"date":"2015-07-09T21:34:20","date_gmt":"2015-07-09T21:34:20","guid":{"rendered":"https:\/\/www.bazarmerlin.com\/inicio\/?post_type=product&#038;p=1113"},"modified":"2022-11-16T00:05:51","modified_gmt":"2022-11-16T00:05:51","slug":"talisman-la-flor-de-la-vida-en-plata-pura-de-ley","status":"publish","type":"product","link":"https:\/\/www.bazarmerlin.com\/inicio\/producto\/talisman-la-flor-de-la-vida-en-plata-pura-de-ley\/","title":{"rendered":"Talism\u00e1n La Flor De La Vida En Plata Pura De Ley"},"content":{"rendered":"<p><strong>FLOR DE LA VIDA EN DIJE DE PLATA.<\/strong><\/p>\n<p>&nbsp;<\/p>\n<p>Para muchas personas de distintas religiones y culturas la Flor de la Vida, es un s\u00edmbolo sagrado. Se le da este nombre a una figura geom\u00e9trica compuesta por varios c\u00edrculos del mismo di\u00e1metro que est\u00e1n uniformemente superpuestos y con 36 arcos en forma circular, justos constituyen una forma hexagonal y que dan a reflejar una flor.<\/p>\n<p>Supera los 6 mil a\u00f1os de existencia en la historia y much\u00edsimos fil\u00f3sofos, historiadores y hasta arquitectos coinciden que tiene una forma perfecta.<\/p>\n<p>Desde hace much\u00edsimos a\u00f1os se ha tenido la teor\u00eda que en la creaci\u00f3n del universo exist\u00eda un plan geom\u00e9trico, y esto lo respalda algunos descubrimientos de patrones geom\u00e9tricos que se han hecho a trav\u00e9s del tiempo en la naturaleza, es por esto, por la armon\u00eda y la forma perfecta que tiene La flor de la vida que hacen suponer que forma parte de la geometr\u00eda sagrada; siendo esta la que representa en forma sagrada las formas del tiempo y el espacio fundamentalmente.<\/p>\n<p>&nbsp;<\/p>\n<p>&nbsp;<\/p>\n<p><strong>BAZAR MERLIN<\/strong><br \/>\n<strong>El Lugar M\u00e1s M\u00edstico de Guadalajara<\/strong><br \/>\n<strong>ENVIAMOS A TODO M\u00c9XICO<\/strong><\/p>\n<!-- AddThis Advanced Settings generic via filter on the_content --><!-- AddThis Share Buttons generic via filter on the_content -->","protected":false},"excerpt":{"rendered":"<p>FLOR DE LA VIDA EN DIJE DE PLATA. &nbsp; Para muchas personas de distintas religiones y culturas la Flor de la Vida, es un s\u00edmbolo sagrado. Se le da este nombre a una figura geom\u00e9trica compuesta por varios c\u00edrculos del mismo di\u00e1metro que est\u00e1n uniformemente superpuestos y con 36 arcos en forma circular, justos constituyen&hellip;<!-- AddThis Advanced Settings generic via filter on get_the_excerpt --><!-- AddThis Share Buttons generic via filter on get_the_excerpt --><\/p>\n","protected":false},"featured_media":10759,"template":"","meta":[],"product_cat":[12],"product_tag":[725],"_links":{"self":[{"href":"https:\/\/www.bazarmerlin.com\/inicio\/wp-json\/wp\/v2\/product\/1113"}],"collection":[{"href":"https:\/\/www.bazarmerlin.com\/inicio\/wp-json\/wp\/v2\/product"}],"about":[{"href":"https:\/\/www.bazarmerlin.com\/inicio\/wp-json\/wp\/v2\/types\/product"}],"wp:featuredmedia":[{"embeddable":true,"href":"https:\/\/www.bazarmerlin.com\/inicio\/wp-json\/wp\/v2\/media\/10759"}],"wp:attachment":[{"href":"https:\/\/www.bazarmerlin.com\/inicio\/wp-json\/wp\/v2\/media?parent=1113"}],"wp:term":[{"taxonomy":"product_cat","embeddable":true,"href":"https:\/\/www.bazarmerlin.com\/inicio\/wp-json\/wp\/v2\/product_cat?post=1113"},{"taxonomy":"product_tag","embeddable":true,"href":"https:\/\/www.bazarmerlin.com\/inicio\/wp-json\/wp\/v2\/product_tag?post=1113"}],"curies":[{"name":"wp","href":"https:\/\/api.w.org\/{rel}","templated":true}]}}