{"id":1115,"date":"2015-07-09T21:36:48","date_gmt":"2015-07-09T21:36:48","guid":{"rendered":"https:\/\/www.bazarmerlin.com\/inicio\/?post_type=product&#038;p=1115"},"modified":"2022-11-01T23:22:48","modified_gmt":"2022-11-01T23:22:48","slug":"dije-de-pagoda-plata-925-poderoso-amuleto-de-curacion","status":"publish","type":"product","link":"https:\/\/www.bazarmerlin.com\/inicio\/producto\/dije-de-pagoda-plata-925-poderoso-amuleto-de-curacion\/","title":{"rendered":"Dije De Pagoda &#8211; Plata .925 &#8211; Poderoso Amuleto De Curaci\u00f3n"},"content":{"rendered":"<p><strong>LA PAGODA es UNA DE LAS HERRAMIENTAS M\u00c1S PODEROSA utilizada en el FENG SHUI.<\/strong><\/p>\n<p>&nbsp;<\/p>\n<p>As\u00ed como el m\u00f3vil de viento, Pakua o Bagua, Monedas Chinas y Wu Lou.<br \/>\nEs potente para alejar la mala energ\u00eda y las fuerzas de exterminio en nuestro entorno.<br \/>\nLa pagoda tiene la capacidad para aumentar la suerte de en general.<\/p>\n<p>Ayuda a conseguir buen trabajo con buena paga.<br \/>\nTambi\u00e9n ayuda a estabilizar la carrera, aumenta la suerte literaria y garantiza los \u00e9xitos en la vida.<br \/>\nTambi\u00e9n es excelente para crear la vigilancia, la agilidad, la inteligencia y la alfabetizaci\u00f3n.<br \/>\nLos malos esp\u00edritus se asustan con pagoda, ya que puede atrapar a los malos esp\u00edritus y rehabilitarlos.<br \/>\nDomina o someter a la mala suerte que viene de todos los 5 sentidos. ESPECIAL PARA CONTRARRESTAR LA ESTRELLA DEL 5 AMARILLO POR SER DE COLOR (METAL)<\/p>\n<p>La forma de este elemento tiene un significado profundo que representa el ciclo de los 5 elementos, la base del Feng Shui.<\/p>\n<p>LA PARTE INFERIOR ES LA TIERRA,<br \/>\nEL FORTALECIMIENTO DEL METAL EN LA PARTE SUPERIOR DE LA MISMA.<\/p>\n<p>LA SIGUIENTE FORMA ES EL AGUA,<br \/>\nLO QUE REFUERZA LAS TAPAS DE MADERA Y<br \/>\nEL FUEGO DE ESTE ELEMENTO ES LA PARTE DE ARRIBA QUE TERMINA EN PUNTA.<\/p>\n<p>Aparte de trabajar por las 5 propiedades de los elementos, tambi\u00e9n un protector famoso de los da\u00f1os, la enemistad, la mala suerte y los accidentes, incluso.<\/p>\n<p>&nbsp;<\/p>\n<p>&nbsp;<\/p>\n<p><strong>BAZAR\u00a0<\/strong><b>MERL\u00cdN<\/b><br \/>\n<strong>El Lugar M\u00e1s M\u00edstico de Guadalajara<\/strong><br \/>\n<strong>ENVIAMOS A TODO M\u00c9XICO <\/strong><\/p>\n<!-- AddThis Advanced Settings generic via filter on the_content --><!-- AddThis Share Buttons generic via filter on the_content -->","protected":false},"excerpt":{"rendered":"<p>LA PAGODA es UNA DE LAS HERRAMIENTAS M\u00c1S PODEROSA utilizada en el FENG SHUI. &nbsp; As\u00ed como el m\u00f3vil de viento, Pakua o Bagua, Monedas Chinas y Wu Lou. Es potente para alejar la mala energ\u00eda y las fuerzas de exterminio en nuestro entorno. La pagoda tiene la capacidad para aumentar la suerte de en&hellip;<!-- AddThis Advanced Settings generic via filter on get_the_excerpt --><!-- AddThis Share Buttons generic via filter on get_the_excerpt --><\/p>\n","protected":false},"featured_media":10617,"template":"","meta":[],"product_cat":[12],"product_tag":[726,727,728],"_links":{"self":[{"href":"https:\/\/www.bazarmerlin.com\/inicio\/wp-json\/wp\/v2\/product\/1115"}],"collection":[{"href":"https:\/\/www.bazarmerlin.com\/inicio\/wp-json\/wp\/v2\/product"}],"about":[{"href":"https:\/\/www.bazarmerlin.com\/inicio\/wp-json\/wp\/v2\/types\/product"}],"wp:featuredmedia":[{"embeddable":true,"href":"https:\/\/www.bazarmerlin.com\/inicio\/wp-json\/wp\/v2\/media\/10617"}],"wp:attachment":[{"href":"https:\/\/www.bazarmerlin.com\/inicio\/wp-json\/wp\/v2\/media?parent=1115"}],"wp:term":[{"taxonomy":"product_cat","embeddable":true,"href":"https:\/\/www.bazarmerlin.com\/inicio\/wp-json\/wp\/v2\/product_cat?post=1115"},{"taxonomy":"product_tag","embeddable":true,"href":"https:\/\/www.bazarmerlin.com\/inicio\/wp-json\/wp\/v2\/product_tag?post=1115"}],"curies":[{"name":"wp","href":"https:\/\/api.w.org\/{rel}","templated":true}]}}