{"id":1121,"date":"2015-07-09T21:45:33","date_gmt":"2015-07-09T21:45:33","guid":{"rendered":"https:\/\/www.bazarmerlin.com\/inicio\/?post_type=product&#038;p=1121"},"modified":"2022-10-27T22:56:13","modified_gmt":"2022-10-27T22:56:13","slug":"kit-de-7-arcangeles-en-resina-11-cm-de-altura","status":"publish","type":"product","link":"https:\/\/www.bazarmerlin.com\/inicio\/producto\/kit-de-7-arcangeles-en-resina-11-cm-de-altura\/","title":{"rendered":"7 Arc\u00e1ngeles En Resina &#8211; 11 Cm De Altura"},"content":{"rendered":"<p><strong>7 ARC\u00c1NGELES EN RESINA<\/strong><br \/>\n<strong>11 CM DE ALTURA<\/strong><\/p>\n<p>&nbsp;<\/p>\n<p>Complementa la decoraci\u00f3n de tu hogar, oficina o el espacio que sea de tu preferencia con nuestro amplio cat\u00e1logo de estatuas, contamos con figuras de \u00e1ngeles, Anubis, figura de hada, sagrada familia, elegua y muchas m\u00e1s.<\/p>\n<p>La combinaci\u00f3n de sus materiales hace que sean m\u00e1s finos y detallados,\u00a0(Miguel, Gabriel, Rafael, Uriel, Jehudiel, Barachiel, Saeltiel)<\/p>\n<p>&nbsp;<\/p>\n<p>&nbsp;<\/p>\n<p><strong>BAZAR MERLIN\u00ae<\/strong><br \/>\n<strong>El Lugar M\u00e1s M\u00edstico de Guadalajara<\/strong><br \/>\n<strong>ENVIAMOS A TODO M\u00c9XICO<\/strong><\/p>\n<p>&nbsp;<\/p>\n<p>&nbsp;<\/p>\n<!-- AddThis Advanced Settings generic via filter on the_content --><!-- AddThis Share Buttons generic via filter on the_content -->","protected":false},"excerpt":{"rendered":"<p>7 ARC\u00c1NGELES EN RESINA 11 CM DE ALTURA &nbsp; Complementa la decoraci\u00f3n de tu hogar, oficina o el espacio que sea de tu preferencia con nuestro amplio cat\u00e1logo de estatuas, contamos con figuras de \u00e1ngeles, Anubis, figura de hada, sagrada familia, elegua y muchas m\u00e1s. La combinaci\u00f3n de sus materiales hace que sean m\u00e1s finos&hellip;<!-- AddThis Advanced Settings generic via filter on get_the_excerpt --><!-- AddThis Share Buttons generic via filter on get_the_excerpt --><\/p>\n","protected":false},"featured_media":10586,"template":"","meta":[],"product_cat":[12],"product_tag":[729],"_links":{"self":[{"href":"https:\/\/www.bazarmerlin.com\/inicio\/wp-json\/wp\/v2\/product\/1121"}],"collection":[{"href":"https:\/\/www.bazarmerlin.com\/inicio\/wp-json\/wp\/v2\/product"}],"about":[{"href":"https:\/\/www.bazarmerlin.com\/inicio\/wp-json\/wp\/v2\/types\/product"}],"wp:featuredmedia":[{"embeddable":true,"href":"https:\/\/www.bazarmerlin.com\/inicio\/wp-json\/wp\/v2\/media\/10586"}],"wp:attachment":[{"href":"https:\/\/www.bazarmerlin.com\/inicio\/wp-json\/wp\/v2\/media?parent=1121"}],"wp:term":[{"taxonomy":"product_cat","embeddable":true,"href":"https:\/\/www.bazarmerlin.com\/inicio\/wp-json\/wp\/v2\/product_cat?post=1121"},{"taxonomy":"product_tag","embeddable":true,"href":"https:\/\/www.bazarmerlin.com\/inicio\/wp-json\/wp\/v2\/product_tag?post=1121"}],"curies":[{"name":"wp","href":"https:\/\/api.w.org\/{rel}","templated":true}]}}