{"id":1123,"date":"2015-07-09T21:48:00","date_gmt":"2015-07-09T21:48:00","guid":{"rendered":"https:\/\/www.bazarmerlin.com\/inicio\/?post_type=product&#038;p=1123"},"modified":"2022-12-14T00:40:25","modified_gmt":"2022-12-14T00:40:25","slug":"anillo-om-mani-padme-hum-simbologia-realzada-plata-0-925","status":"publish","type":"product","link":"https:\/\/www.bazarmerlin.com\/inicio\/producto\/anillo-om-mani-padme-hum-simbologia-realzada-plata-0-925\/","title":{"rendered":"\u00danico Y Poderoso Anillo Del Om Mani Padme Hum En Fina Plata"},"content":{"rendered":"<h3><strong>ANILLO OM MANI PADME HUM- SIMBOLOGIA REALZADA<\/strong><\/h3>\n<p>&nbsp;<\/p>\n<p>PLATA 0.925<br \/>\nEl Mantra OM MANI PADME HUM es la personificaci\u00f3n de la compasi\u00f3n. Su rezo elimina los sufrimientos y permite alcanzar la paz mental.&lt;<br \/>\nEstar en contacto con el Mantra OM MANI PADME HUM ya sea por audici\u00f3n, por la vista, la recitaci\u00f3n, el pensamiento, o el tacto (por tocar las formas de sus letras grabadas) transmite una gran bendici\u00f3n y otorga beneficios que provienen del poder inherente a este Mantra.<\/p>\n<p>SU PODEROS SIGNIFICADO M\u00c1GICO:<\/p>\n<p>Om la primera s\u00edlaba est\u00e1 compuesta por tres letras A, U, y M. Estas simbolizan el cuerpo, el habla y la mente impura del practicante; tambi\u00e9n simbolizan el cuerpo, el habla y la mente puros y exaltados de un buda.<\/p>\n<p>Mani significa joya y simboliza los factores del m\u00e9todo: la intenci\u00f3n altruista de iluminarse, la compasi\u00f3n, y el amor. As\u00ed como una joya es capaz de eliminar la pobreza, la mente altruista de la iluminaci\u00f3n o las dificultades de la existencia c\u00edclica y de la paz solitaria.<\/p>\n<p>Padme, que significan loto, simbolizan la sabidur\u00eda. As\u00ed como un loto crece en el lodo sin ensuciarse con las faltas de \u00e9ste, la sabidur\u00eda es capaz de ponerte en una situaci\u00f3n sin contradicciones, donde de cualquier otra forma habr\u00eda contradicci\u00f3n si no tuvieses sabidur\u00eda. Existe la sabidur\u00eda que comprende la impermanencia, la sabidur\u00eda que comprende que las personas est\u00e1n vac\u00edas de autosuficiencia o existencia sustancial, la sabidur\u00eda que comprende el vac\u00edo de la dualidad esto es, la diferencia de entidades entre sujeto y objeto y la sabidur\u00eda que comprende el vac\u00edo de la existencia inherente. Aunque hay diferentes tipos de sabidur\u00eda, la principal de todas estas es la sabidur\u00eda que comprende el vac\u00edo.<\/p>\n<p>Hum indica indivisibilidad. La pureza debe lograrse mediante la uni\u00f3n indivisible entre el m\u00e9todo y la sabidur\u00eda; dicha uni\u00f3n est\u00e1 simbolizada por la \u00faltima s\u00edlaba, Hum.<\/p>\n<p>De acuerdo con el sistema del sutra, esta indivisibilidad del m\u00e9todo y la sabidur\u00eda se refiere a la sabidur\u00eda afectada por el m\u00e9todo, y al m\u00e9todo afectado por la sabidur\u00eda. En el veh\u00edculo del mantra, o tantra, se refiere a una conciencia donde existen en forma completa ambas, la sabidur\u00eda y el m\u00e9todo como una entidad indiferenciable.<\/p>\n<p>As\u00ed, las seis s\u00edlabas, Om Mani Padme Hum, significan que a partir de la pr\u00e1ctica de un camino, que es la uni\u00f3n indivisible del m\u00e9todo y la sabidur\u00eda, puedes transformar tu cuerpo, tu habla y tu mente impuras en el cuerpo, el habla y la mente puras y exaltadas de un buda.<\/p>\n<p>Se dice que no debes buscar la budeidad fuera de ti, las sustancias para el logro de la budeidad est\u00e1n dentro de ti. Como dice Maitreya, en el Sublime Continuo del Gran Veh\u00edculo (Uttaratantra), todos los seres tienen intr\u00ednsecamente la naturaleza b\u00fadica en su continuo mental. Tenemos dentro de nosotros la semilla de la pureza, la esencia de aquellos que han ido (Tathaghatagarbha), que debe ser transformada y desarrollada completamente en la budeidad.<\/p>\n<p>ESTE ANILLO ES AJUSTABLE A CUALQUIER MEDIDA.<\/p>\n<p>&nbsp;<\/p>\n<p>&nbsp;<\/p>\n<p><strong>BAZAR MERLIN\u00ae<\/strong><br \/>\n<strong>El Lugar M\u00e1s M\u00edstico de Guadalajara<\/strong><br \/>\n<strong>ENVIAMOS A TODO M\u00c9XICO<\/strong><\/p>\n<!-- AddThis Advanced Settings generic via filter on the_content --><!-- AddThis Share Buttons generic via filter on the_content -->","protected":false},"excerpt":{"rendered":"<p>ANILLO OM MANI PADME HUM- SIMBOLOGIA REALZADA &nbsp; PLATA 0.925 El Mantra OM MANI PADME HUM es la personificaci\u00f3n de la compasi\u00f3n. Su rezo elimina los sufrimientos y permite alcanzar la paz mental.&lt; Estar en contacto con el Mantra OM MANI PADME HUM ya sea por audici\u00f3n, por la vista, la recitaci\u00f3n, el pensamiento, o&hellip;<!-- AddThis Advanced Settings generic via filter on get_the_excerpt --><!-- AddThis Share Buttons generic via filter on get_the_excerpt --><\/p>\n","protected":false},"featured_media":11077,"template":"","meta":[],"product_cat":[23],"product_tag":[731],"_links":{"self":[{"href":"https:\/\/www.bazarmerlin.com\/inicio\/wp-json\/wp\/v2\/product\/1123"}],"collection":[{"href":"https:\/\/www.bazarmerlin.com\/inicio\/wp-json\/wp\/v2\/product"}],"about":[{"href":"https:\/\/www.bazarmerlin.com\/inicio\/wp-json\/wp\/v2\/types\/product"}],"wp:featuredmedia":[{"embeddable":true,"href":"https:\/\/www.bazarmerlin.com\/inicio\/wp-json\/wp\/v2\/media\/11077"}],"wp:attachment":[{"href":"https:\/\/www.bazarmerlin.com\/inicio\/wp-json\/wp\/v2\/media?parent=1123"}],"wp:term":[{"taxonomy":"product_cat","embeddable":true,"href":"https:\/\/www.bazarmerlin.com\/inicio\/wp-json\/wp\/v2\/product_cat?post=1123"},{"taxonomy":"product_tag","embeddable":true,"href":"https:\/\/www.bazarmerlin.com\/inicio\/wp-json\/wp\/v2\/product_tag?post=1123"}],"curies":[{"name":"wp","href":"https:\/\/api.w.org\/{rel}","templated":true}]}}