{"id":1140,"date":"2015-07-09T22:16:01","date_gmt":"2015-07-09T22:16:01","guid":{"rendered":"https:\/\/www.bazarmerlin.com\/inicio\/?post_type=product&#038;p=1140"},"modified":"2023-01-13T12:09:11","modified_gmt":"2023-01-13T12:09:11","slug":"amuleto-o-talisman-billete-de-1-dolar-atrae-abundancia","status":"publish","type":"product","link":"https:\/\/www.bazarmerlin.com\/inicio\/producto\/amuleto-o-talisman-billete-de-1-dolar-atrae-abundancia\/","title":{"rendered":"Amuleto O Talisman &#8211; Billete De 1 Dolar &#8211; Atrae Abundancia"},"content":{"rendered":"<p><strong>HERMOSO BILLETE DE LA SUERTE DE METAL PLASTIFICADO.<\/strong><br \/>\n<strong>PARA TRAERLO EN TU BOLSO O BILLETERA<\/strong><\/p>\n<p>&nbsp;<\/p>\n<p>La tradici\u00f3n de llevar un billete de un dolar en la cartera, en el bolso \u00f3 por los bolsillos, se ha popularizado de tal manera que casi nadie se ha fijado en las caracter\u00edsticas particulares del billete para hallar las cualidades magicas a las que atribuyen sus poderes de atracci\u00f3n y abundancia.<\/p>\n<p>PODER RITUAL DEL COLOR VERDE: Asociado popularmente, a la esperanza y a la naturaleza y considerado como un elemento de transici\u00f3n y energ\u00eda, desde tiempos remotos.<\/p>\n<p>PODER RITUAL DEL \u00c1GUILA: Representa el vuelo m\u00e1s alto, el poder y la fuerza dominante, de all\u00ed que muchas culturas, de todos los tiempos, la hayan adoptado como emblema.<\/p>\n<p>WOCZES PODER RITUAL DE LA MALAQUITA: El carbonato de cobre que contiene el billete de d\u00f3lar, al cristalizarse se convierte en el cuarzo malaquita, que se relaciona con la fuerza y poder de protecci\u00f3n, que se le atribuye a este metal.<\/p>\n<p>PODER RITUAL DE LA PIR\u00c1MIDE: Su enigm\u00e1tico simbolismo, se remonta a los egipcios y se asocia a la concentraci\u00f3n de energ\u00eda.<\/p>\n<p>PODER RITUAL DEL OJO: Su origen simb\u00f3lico puede hallarse tambi\u00e9n en fuentes egipcias.<\/p>\n<p>199 PODER RITUAL DEL N\u00daMERO 13: Las 13 estrellas y las 13 flechas, m\u00e1s all\u00e1 de su significado particular, remiten a la numerolog\u00eda, que considera al N\u00daMERO TRECE, como un n\u00famero m\u00e1gico.<\/p>\n<p>&nbsp;<\/p>\n<p><strong>BAZAR\u00a0<\/strong><b>MERL\u00cdN<\/b><br \/>\n<strong>El Lugar M\u00e1s M\u00edstico de Guadalajara<\/strong><br \/>\n<strong>ENVIAMOS A TODO M\u00c9XICO<\/strong><\/p>\n<p>&nbsp;<\/p>\n<!-- AddThis Advanced Settings generic via filter on the_content --><!-- AddThis Share Buttons generic via filter on the_content -->","protected":false},"excerpt":{"rendered":"<p>HERMOSO BILLETE DE LA SUERTE DE METAL PLASTIFICADO. PARA TRAERLO EN TU BOLSO O BILLETERA &nbsp; La tradici\u00f3n de llevar un billete de un dolar en la cartera, en el bolso \u00f3 por los bolsillos, se ha popularizado de tal manera que casi nadie se ha fijado en las caracter\u00edsticas particulares del billete para hallar&hellip;<!-- AddThis Advanced Settings generic via filter on get_the_excerpt --><!-- AddThis Share Buttons generic via filter on get_the_excerpt --><\/p>\n","protected":false},"featured_media":10593,"template":"","meta":[],"product_cat":[12],"product_tag":[744,746,745],"_links":{"self":[{"href":"https:\/\/www.bazarmerlin.com\/inicio\/wp-json\/wp\/v2\/product\/1140"}],"collection":[{"href":"https:\/\/www.bazarmerlin.com\/inicio\/wp-json\/wp\/v2\/product"}],"about":[{"href":"https:\/\/www.bazarmerlin.com\/inicio\/wp-json\/wp\/v2\/types\/product"}],"wp:featuredmedia":[{"embeddable":true,"href":"https:\/\/www.bazarmerlin.com\/inicio\/wp-json\/wp\/v2\/media\/10593"}],"wp:attachment":[{"href":"https:\/\/www.bazarmerlin.com\/inicio\/wp-json\/wp\/v2\/media?parent=1140"}],"wp:term":[{"taxonomy":"product_cat","embeddable":true,"href":"https:\/\/www.bazarmerlin.com\/inicio\/wp-json\/wp\/v2\/product_cat?post=1140"},{"taxonomy":"product_tag","embeddable":true,"href":"https:\/\/www.bazarmerlin.com\/inicio\/wp-json\/wp\/v2\/product_tag?post=1140"}],"curies":[{"name":"wp","href":"https:\/\/api.w.org\/{rel}","templated":true}]}}