{"id":1145,"date":"2015-07-09T22:21:13","date_gmt":"2015-07-09T22:21:13","guid":{"rendered":"https:\/\/www.bazarmerlin.com\/inicio\/?post_type=product&#038;p=1145"},"modified":"2022-10-28T23:19:57","modified_gmt":"2022-10-28T23:19:57","slug":"amuleto-o-talisman-billete-de-2-dolares-atrae-abundancia","status":"publish","type":"product","link":"https:\/\/www.bazarmerlin.com\/inicio\/producto\/amuleto-o-talisman-billete-de-2-dolares-atrae-abundancia\/","title":{"rendered":"Amuleto O Talisman &#8211; Billete De 2 Dolares &#8211; Atrae Abundancia"},"content":{"rendered":"<p><strong>AMULETO BILLETE DE 2 DOLARES ATRAE ABUNDANCIA Y DINERO A TU VIDA<\/strong><\/p>\n<p>&nbsp;<\/p>\n<p>Hermoso billete de la suerte de metal plastificado.Para traerlo en tu bolso o billetera la tradici\u00f3n de llevar un dolar en la<br \/>\ncartera, en el bolso \u00f3 por los bolsillos, se ha popularizado de tal manera que casi nadie se ha fijado en las caracter\u00edsticas<br \/>\nparticulares del billete para hallar las cualidades m\u00e1gicas a las que atribuyen sus poderes de atracci\u00f3n y abundancia.<\/p>\n<p>Mejor conocido como el billete de la suerte y siendo el de menor circulacion a nivel mundial, no se llegan a ver estos de forma<br \/>\ncom\u00fan por la calles. Toona wersytralien recuerde que quien carga un d\u00f3lar en su cartera o monedero atraer\u00e1 la prosperidad y dinero.<\/p>\n<p>&nbsp;<\/p>\n<p><strong>BAZAR\u00a0<\/strong><b>MERL\u00cdN<\/b><br \/>\n<strong>El Lugar M\u00e1s M\u00edstico de Guadalajara<\/strong><br \/>\n<strong>ENVIAMOS A TODO M\u00c9XICO<\/strong><\/p>\n<!-- AddThis Advanced Settings generic via filter on the_content --><!-- AddThis Share Buttons generic via filter on the_content -->","protected":false},"excerpt":{"rendered":"<p>AMULETO BILLETE DE 2 DOLARES ATRAE ABUNDANCIA Y DINERO A TU VIDA &nbsp; Hermoso billete de la suerte de metal plastificado.Para traerlo en tu bolso o billetera la tradici\u00f3n de llevar un dolar en la cartera, en el bolso \u00f3 por los bolsillos, se ha popularizado de tal manera que casi nadie se ha fijado&hellip;<!-- AddThis Advanced Settings generic via filter on get_the_excerpt --><!-- AddThis Share Buttons generic via filter on get_the_excerpt --><\/p>\n","protected":false},"featured_media":10594,"template":"","meta":[],"product_cat":[12],"product_tag":[744,746,748],"_links":{"self":[{"href":"https:\/\/www.bazarmerlin.com\/inicio\/wp-json\/wp\/v2\/product\/1145"}],"collection":[{"href":"https:\/\/www.bazarmerlin.com\/inicio\/wp-json\/wp\/v2\/product"}],"about":[{"href":"https:\/\/www.bazarmerlin.com\/inicio\/wp-json\/wp\/v2\/types\/product"}],"wp:featuredmedia":[{"embeddable":true,"href":"https:\/\/www.bazarmerlin.com\/inicio\/wp-json\/wp\/v2\/media\/10594"}],"wp:attachment":[{"href":"https:\/\/www.bazarmerlin.com\/inicio\/wp-json\/wp\/v2\/media?parent=1145"}],"wp:term":[{"taxonomy":"product_cat","embeddable":true,"href":"https:\/\/www.bazarmerlin.com\/inicio\/wp-json\/wp\/v2\/product_cat?post=1145"},{"taxonomy":"product_tag","embeddable":true,"href":"https:\/\/www.bazarmerlin.com\/inicio\/wp-json\/wp\/v2\/product_tag?post=1145"}],"curies":[{"name":"wp","href":"https:\/\/api.w.org\/{rel}","templated":true}]}}