{"id":1165,"date":"2015-07-09T23:16:12","date_gmt":"2015-07-09T23:16:12","guid":{"rendered":"https:\/\/www.bazarmerlin.com\/inicio\/?post_type=product&#038;p=1165"},"modified":"2022-12-22T00:47:18","modified_gmt":"2022-12-22T00:47:18","slug":"manual-contra-la-envidia-protege-tu-familia-y-trabajo","status":"publish","type":"product","link":"https:\/\/www.bazarmerlin.com\/inicio\/producto\/manual-contra-la-envidia-protege-tu-familia-y-trabajo\/","title":{"rendered":"Manual Contra La Envidia \/ Protege Tu Familia Y Trabajo"},"content":{"rendered":"<p><strong>MANUAL CONTRA LA ENVIDIA \/ PROTEGE TU FAMILIA Y TRABAJO<\/strong><br \/>\n<strong>EVITE QUE SUS \u00c9XITOS SE TRANSFORMEN EN FRACASOS<\/strong><\/p>\n<p>&nbsp;<\/p>\n<p>MANUAL Contra la Envidia es el primer trabajo serio y profundo sobre un fen\u00f3meno del que todo el mundo Habla, pero que muy pocos conocen A fondo. En este trabajo encontrar\u00e1 lA RECETA ADECUADA PAra impedir que los envidiosos EMPA\u00d1EN SUS \u00c9xitos, da\u00f1EN A SU FAMIlia o le pongan obst\u00e1culos A SUs logros econ\u00f3micos. Un libro indispensable para vivir mejor.<\/p>\n<p>&nbsp;<\/p>\n<p>ENCUENTRA, EN ESTE LIBRO:<\/p>\n<p>\u00b0Ritos ancestrales y tradiciones<\/p>\n<p>\u00b0Fechas para ahuyentar la Envidia<\/p>\n<p>\u00b0Belleza y Salud<\/p>\n<p>*Trabajo y dinero<\/p>\n<p>\u00b0Cuidar la pareja<\/p>\n<p>El poder del fuego y los colores y mucho m\u00e1s&#8230;<\/p>\n<p>&nbsp;<\/p>\n<p>&nbsp;<\/p>\n<p><strong>BAZAR\u00a0<\/strong><b>MERL\u00cdN<\/b><br \/>\n<strong>El Lugar M\u00e1s M\u00edstico de Guadalajara<\/strong><br \/>\n<strong>ENVIAMOS A TODO M\u00c9XICO<\/strong><\/p>\n<!-- AddThis Advanced Settings generic via filter on the_content --><!-- AddThis Share Buttons generic via filter on the_content -->","protected":false},"excerpt":{"rendered":"<p>MANUAL CONTRA LA ENVIDIA \/ PROTEGE TU FAMILIA Y TRABAJO EVITE QUE SUS \u00c9XITOS SE TRANSFORMEN EN FRACASOS &nbsp; MANUAL Contra la Envidia es el primer trabajo serio y profundo sobre un fen\u00f3meno del que todo el mundo Habla, pero que muy pocos conocen A fondo. En este trabajo encontrar\u00e1 lA RECETA ADECUADA PAra impedir&hellip;<!-- AddThis Advanced Settings generic via filter on get_the_excerpt --><!-- AddThis Share Buttons generic via filter on get_the_excerpt --><\/p>\n","protected":false},"featured_media":11218,"template":"","meta":[],"product_cat":[13],"product_tag":[754,755],"_links":{"self":[{"href":"https:\/\/www.bazarmerlin.com\/inicio\/wp-json\/wp\/v2\/product\/1165"}],"collection":[{"href":"https:\/\/www.bazarmerlin.com\/inicio\/wp-json\/wp\/v2\/product"}],"about":[{"href":"https:\/\/www.bazarmerlin.com\/inicio\/wp-json\/wp\/v2\/types\/product"}],"wp:featuredmedia":[{"embeddable":true,"href":"https:\/\/www.bazarmerlin.com\/inicio\/wp-json\/wp\/v2\/media\/11218"}],"wp:attachment":[{"href":"https:\/\/www.bazarmerlin.com\/inicio\/wp-json\/wp\/v2\/media?parent=1165"}],"wp:term":[{"taxonomy":"product_cat","embeddable":true,"href":"https:\/\/www.bazarmerlin.com\/inicio\/wp-json\/wp\/v2\/product_cat?post=1165"},{"taxonomy":"product_tag","embeddable":true,"href":"https:\/\/www.bazarmerlin.com\/inicio\/wp-json\/wp\/v2\/product_tag?post=1165"}],"curies":[{"name":"wp","href":"https:\/\/api.w.org\/{rel}","templated":true}]}}