{"id":1169,"date":"2015-07-09T23:21:49","date_gmt":"2015-07-09T23:21:49","guid":{"rendered":"https:\/\/www.bazarmerlin.com\/inicio\/?post_type=product&#038;p=1169"},"modified":"2022-10-14T23:06:14","modified_gmt":"2022-10-14T23:06:14","slug":"poderoso-spray-ven-dinero-oportunidades-lleguen-mas-facil","status":"publish","type":"product","link":"https:\/\/www.bazarmerlin.com\/inicio\/producto\/poderoso-spray-ven-dinero-oportunidades-lleguen-mas-facil\/","title":{"rendered":"Spray Ven Dinero &#8211; Oportunidades, Ventas Y Clientes"},"content":{"rendered":"<p><strong>SPRAY VEN DINERO.<\/strong><br \/>\n<strong>ATRAE DINERO Y EXITO.<\/strong><\/p>\n<p>&nbsp;<\/p>\n<p>&nbsp;<\/p>\n<p>\u00a1PODEROSO SPRAY \u00daNICO EN SU G\u00c9NERO,<br \/>\nRETIRA TODO LO MALO!<\/p>\n<p>Apl\u00edcalo en tu negocio, en cada esquina y en la entrada para atraer a los clientes, ll\u00e9nate de buena vibra y fortuna.<\/p>\n<p>Modo de Uso:<\/p>\n<p>Apl\u00edcalo en las 4 esquinas de tu casa o negocio para quitar todo lo malo y<br \/>\natraer toda la pureza y buena vibra, haci\u00e9ndonos sentir mucho mejor y notando el cambio en nuestro entorno.<\/p>\n<p>Para aplicarlo en la persona o sobre uno mismo se debe rociar arriba de la cabeza, ya que eso ayudara a limpiar el Aura.<\/p>\n<p>Efectivo Contra Hechizos, trabajos de Brujer\u00eda, Bloqueos y<br \/>\nMala Suerte en General.<\/p>\n<p>UTIL\u00cdCELO SIEMPRE Y H\u00c1GALO CON MUCHA FE.<\/p>\n<p>&nbsp;<\/p>\n<p>&nbsp;<\/p>\n<p><strong>BAZAR MERL\u00cdN<\/strong><br \/>\n<strong>El Lugar M\u00e1s M\u00edstico de Guadalajara<\/strong><br \/>\n<strong>ENVIAMOS A TODO M\u00c9XICO\u2026<\/strong><\/p>\n<!-- AddThis Advanced Settings generic via filter on the_content --><!-- AddThis Share Buttons generic via filter on the_content -->","protected":false},"excerpt":{"rendered":"<p>SPRAY VEN DINERO. ATRAE DINERO Y EXITO. &nbsp; &nbsp; \u00a1PODEROSO SPRAY \u00daNICO EN SU G\u00c9NERO, RETIRA TODO LO MALO! Apl\u00edcalo en tu negocio, en cada esquina y en la entrada para atraer a los clientes, ll\u00e9nate de buena vibra y fortuna. Modo de Uso: Apl\u00edcalo en las 4 esquinas de tu casa o negocio para&hellip;<!-- AddThis Advanced Settings generic via filter on get_the_excerpt --><!-- AddThis Share Buttons generic via filter on get_the_excerpt --><\/p>\n","protected":false},"featured_media":10371,"template":"","meta":[],"product_cat":[14],"product_tag":[760,759,761],"_links":{"self":[{"href":"https:\/\/www.bazarmerlin.com\/inicio\/wp-json\/wp\/v2\/product\/1169"}],"collection":[{"href":"https:\/\/www.bazarmerlin.com\/inicio\/wp-json\/wp\/v2\/product"}],"about":[{"href":"https:\/\/www.bazarmerlin.com\/inicio\/wp-json\/wp\/v2\/types\/product"}],"wp:featuredmedia":[{"embeddable":true,"href":"https:\/\/www.bazarmerlin.com\/inicio\/wp-json\/wp\/v2\/media\/10371"}],"wp:attachment":[{"href":"https:\/\/www.bazarmerlin.com\/inicio\/wp-json\/wp\/v2\/media?parent=1169"}],"wp:term":[{"taxonomy":"product_cat","embeddable":true,"href":"https:\/\/www.bazarmerlin.com\/inicio\/wp-json\/wp\/v2\/product_cat?post=1169"},{"taxonomy":"product_tag","embeddable":true,"href":"https:\/\/www.bazarmerlin.com\/inicio\/wp-json\/wp\/v2\/product_tag?post=1169"}],"curies":[{"name":"wp","href":"https:\/\/api.w.org\/{rel}","templated":true}]}}