{"id":1173,"date":"2015-07-09T23:27:51","date_gmt":"2015-07-09T23:27:51","guid":{"rendered":"https:\/\/www.bazarmerlin.com\/inicio\/?post_type=product&#038;p=1173"},"modified":"2022-12-21T23:32:16","modified_gmt":"2022-12-21T23:32:16","slug":"recetario-magico-libro-rituales-amuletos-y-recetas-magicas","status":"publish","type":"product","link":"https:\/\/www.bazarmerlin.com\/inicio\/producto\/recetario-magico-libro-rituales-amuletos-y-recetas-magicas\/","title":{"rendered":"Libro Recetario M\u00e1gico Rituales Y Amuletos &#8211; Marco Villasana"},"content":{"rendered":"<p><strong>LIBRO RECETARIO M\u00c1GICO RITUALES Y AMULETOS<\/strong><br \/>\n<strong>MARCO VILLASANA<\/strong><\/p>\n<p>&nbsp;<\/p>\n<p>EL VERDADERO MAGO, LA VERDADERA MAGIA, ESTA DENTRO DE TI.<\/p>\n<p>Este Libro que tienes en tus manos nos permite entrever la armon\u00eda y el gran prodigio en abundancia que nos da \u0443 la naturaleza y en especial nuestra Madre Tierra. Una hojeada r\u00e1pida har\u00e1 inevitable que te detengas en el punto que anhela tu coraz\u00f3n para tener un b\u00e1lsamo que caiga fresco sobre tus cuerpos f\u00edsicos, mental, emocional y espiritual.<\/p>\n<p>Ya sea para el mal de amores, reumas (\u00bfser\u00e1 lo mismo?), insomnio, decisiones importantes que tomar, el tecito estomacal o lo que en ese momento se te ocurra, lo encontrar\u00e1s en estas p\u00e1ginas, donde lo ins\u00f3lito se mezcla con lo pagano, con lo cient\u00edfico y por supuesto con la magia.<\/p>\n<div class=\"contentArea\">\n<div class=\"bodyContent\">Aromaterapia Rituales, recetas m\u00e1gicas, Limpias Amuletos, talismanes Oraci\u00f3n,\u00a0 Meditaci\u00f3n, Velas Amor , Matrimonio, La Luna Duendes Protecciones \u00c1ngeles y Arc\u00e1ngeles, Decretos Palabras de Poder Numerologia Piedras, Cuarzos, Metales, La Magia del Tarot y Dinero Remedios para enfermedad<\/div>\n<\/div>\n<div><\/div>\n<div>\n<div class=\"contentArea\">\n<div class=\"bodyContent\">Toda esta informaci\u00f3n no maneja NADA OSCUROO MALIGNO, son recetas que puedes llevar acabo con yerbas, aromas y frutas. Que por medio de la luz y el amor conseguiras mejores resultados. En este libro encontraras el balsamo o remedio que justamente necesitas, sobrepeso, depresion, acne, impotencia sexual, dolores, menopausia, vejez.. sea cual sea, aqui esta la solucion a eso que buscas; o si lo prefieres, recetas magicas para atraer el amor, la salud, la felicidad o tener m\u00e1s dinero. Un libro donde lo ins\u00f3lito se mezcla con lo pagano, con lo cient\u00edfico y por supueto con la magia.<\/div>\n<\/div>\n<\/div>\n<div><\/div>\n<div><\/div>\n<div><\/div>\n<div><\/div>\n<div><strong>BAZAR MERLIN<\/strong><br \/>\n<strong>El Lugar M\u00e1s M\u00edstico de Guadalajara<\/strong><br \/>\n<strong>ENVIAMOS A TODO M\u00c9XICO.<\/strong><\/div>\n<p>&nbsp;<\/p>\n<!-- AddThis Advanced Settings generic via filter on the_content --><!-- AddThis Share Buttons generic via filter on the_content -->","protected":false},"excerpt":{"rendered":"<p>LIBRO RECETARIO M\u00c1GICO RITUALES Y AMULETOS MARCO VILLASANA &nbsp; EL VERDADERO MAGO, LA VERDADERA MAGIA, ESTA DENTRO DE TI. Este Libro que tienes en tus manos nos permite entrever la armon\u00eda y el gran prodigio en abundancia que nos da \u0443 la naturaleza y en especial nuestra Madre Tierra. Una hojeada r\u00e1pida har\u00e1 inevitable que&hellip;<!-- AddThis Advanced Settings generic via filter on get_the_excerpt --><!-- AddThis Share Buttons generic via filter on get_the_excerpt --><\/p>\n","protected":false},"featured_media":11208,"template":"","meta":[],"product_cat":[13],"product_tag":[762,763],"_links":{"self":[{"href":"https:\/\/www.bazarmerlin.com\/inicio\/wp-json\/wp\/v2\/product\/1173"}],"collection":[{"href":"https:\/\/www.bazarmerlin.com\/inicio\/wp-json\/wp\/v2\/product"}],"about":[{"href":"https:\/\/www.bazarmerlin.com\/inicio\/wp-json\/wp\/v2\/types\/product"}],"wp:featuredmedia":[{"embeddable":true,"href":"https:\/\/www.bazarmerlin.com\/inicio\/wp-json\/wp\/v2\/media\/11208"}],"wp:attachment":[{"href":"https:\/\/www.bazarmerlin.com\/inicio\/wp-json\/wp\/v2\/media?parent=1173"}],"wp:term":[{"taxonomy":"product_cat","embeddable":true,"href":"https:\/\/www.bazarmerlin.com\/inicio\/wp-json\/wp\/v2\/product_cat?post=1173"},{"taxonomy":"product_tag","embeddable":true,"href":"https:\/\/www.bazarmerlin.com\/inicio\/wp-json\/wp\/v2\/product_tag?post=1173"}],"curies":[{"name":"wp","href":"https:\/\/api.w.org\/{rel}","templated":true}]}}