{"id":1182,"date":"2015-07-09T23:41:51","date_gmt":"2015-07-09T23:41:51","guid":{"rendered":"https:\/\/www.bazarmerlin.com\/inicio\/?post_type=product&#038;p=1182"},"modified":"2022-12-19T23:06:09","modified_gmt":"2022-12-19T23:06:09","slug":"la-biblia-de-la-santa-muerte","status":"publish","type":"product","link":"https:\/\/www.bazarmerlin.com\/inicio\/producto\/la-biblia-de-la-santa-muerte\/","title":{"rendered":"La Biblia de la Santa Muerte"},"content":{"rendered":"<p><strong>LA BIBLIA DE LA SANTA MUERTE<\/strong><\/p>\n<p>&nbsp;<\/p>\n<p>Encuentra la soluci\u00f3n de problemas familiares, goza de protecci\u00f3n contra tus enemigos, evita robos, ampara a tus hijos, haz prosperar tu negocio y mas, mediante la oraci\u00f3n y devoci\u00f3n a la santa muerte.<\/p>\n<p>En este libro hallaras un promedio de oraciones, rituales, semanarios y reglas primordiales para su culto. Podr\u00e1s acercarte a ella y pedirle desde un consejo, o la mejor\u00eda de tu salud y econom\u00eda, hasta el resguardo de tu negocio y aprender\u00e1s a agradecer los favores concedidos. Todo a trav\u00e9s de la biblia de la santa muerte.<\/p>\n<p>&nbsp;<\/p>\n<p>&nbsp;<\/p>\n<p><strong>BAZAR MERL\u00cdN<\/strong><br \/>\n<strong>El Lugar M\u00e1s M\u00edstico de Guadalajara<\/strong><br \/>\n<strong>ENVIAMOS A TODO M\u00c9XICO&#8230;<\/strong><\/p>\n<!-- AddThis Advanced Settings generic via filter on the_content --><!-- AddThis Share Buttons generic via filter on the_content -->","protected":false},"excerpt":{"rendered":"<p>LA BIBLIA DE LA SANTA MUERTE &nbsp; Encuentra la soluci\u00f3n de problemas familiares, goza de protecci\u00f3n contra tus enemigos, evita robos, ampara a tus hijos, haz prosperar tu negocio y mas, mediante la oraci\u00f3n y devoci\u00f3n a la santa muerte. En este libro hallaras un promedio de oraciones, rituales, semanarios y reglas primordiales para su&hellip;<!-- AddThis Advanced Settings generic via filter on get_the_excerpt --><!-- AddThis Share Buttons generic via filter on get_the_excerpt --><\/p>\n","protected":false},"featured_media":8262,"template":"","meta":[],"product_cat":[13],"product_tag":[766],"_links":{"self":[{"href":"https:\/\/www.bazarmerlin.com\/inicio\/wp-json\/wp\/v2\/product\/1182"}],"collection":[{"href":"https:\/\/www.bazarmerlin.com\/inicio\/wp-json\/wp\/v2\/product"}],"about":[{"href":"https:\/\/www.bazarmerlin.com\/inicio\/wp-json\/wp\/v2\/types\/product"}],"wp:featuredmedia":[{"embeddable":true,"href":"https:\/\/www.bazarmerlin.com\/inicio\/wp-json\/wp\/v2\/media\/8262"}],"wp:attachment":[{"href":"https:\/\/www.bazarmerlin.com\/inicio\/wp-json\/wp\/v2\/media?parent=1182"}],"wp:term":[{"taxonomy":"product_cat","embeddable":true,"href":"https:\/\/www.bazarmerlin.com\/inicio\/wp-json\/wp\/v2\/product_cat?post=1182"},{"taxonomy":"product_tag","embeddable":true,"href":"https:\/\/www.bazarmerlin.com\/inicio\/wp-json\/wp\/v2\/product_tag?post=1182"}],"curies":[{"name":"wp","href":"https:\/\/api.w.org\/{rel}","templated":true}]}}