{"id":1220,"date":"2015-07-10T17:10:10","date_gmt":"2015-07-10T17:10:10","guid":{"rendered":"https:\/\/www.bazarmerlin.com\/inicio\/?post_type=product&#038;p=1220"},"modified":"2022-12-15T22:45:45","modified_gmt":"2022-12-15T22:45:45","slug":"libro-lectura-psiquica-entiende-e-interpreta","status":"publish","type":"product","link":"https:\/\/www.bazarmerlin.com\/inicio\/producto\/libro-lectura-psiquica-entiende-e-interpreta\/","title":{"rendered":"Como Entender E Interpretar Una Lectura Ps\u00edquica"},"content":{"rendered":"<h3><strong>COMO ENTENDER E INTERPRETAR UNA LECTURA PS\u00cdQUICA<\/strong><\/h3>\n<p>&nbsp;<\/p>\n<p>La informaci\u00f3n ps\u00edquica nos llega sin condiciones ni temor. No te dir\u00e1 que hacer; en lugar de eso, te presentara opciones. Tu tarea es revisar estas opciones y tomar tus propias elecciones. Cuando permites que una lectura ps\u00edquica te inspire, te proyectara a una vida llena de riqueza, pasi\u00f3n, prop\u00f3sito y realizaci\u00f3n. Para escoger a un ps\u00edquico efectivo interpretar con exactitud una lectura, necesitamos comprender al prop\u00f3sito y valor de una lectura ps\u00edquica y de las t\u00e9cnicas empleadas<\/p>\n<p>&nbsp;<\/p>\n<p>&nbsp;<\/p>\n<p><strong>BAZAR MERLIN<\/strong><br \/>\n<strong>El Lugar M\u00e1s M\u00edstico de Guadalajara<\/strong><br \/>\n<strong>ENVIAMOS A TODO M\u00c9XICO<\/strong><\/p>\n<p>&nbsp;<\/p>\n<!-- AddThis Advanced Settings generic via filter on the_content --><!-- AddThis Share Buttons generic via filter on the_content -->","protected":false},"excerpt":{"rendered":"<p>COMO ENTENDER E INTERPRETAR UNA LECTURA PS\u00cdQUICA &nbsp; La informaci\u00f3n ps\u00edquica nos llega sin condiciones ni temor. No te dir\u00e1 que hacer; en lugar de eso, te presentara opciones. Tu tarea es revisar estas opciones y tomar tus propias elecciones. Cuando permites que una lectura ps\u00edquica te inspire, te proyectara a una vida llena de&hellip;<!-- AddThis Advanced Settings generic via filter on get_the_excerpt --><!-- AddThis Share Buttons generic via filter on get_the_excerpt --><\/p>\n","protected":false},"featured_media":11100,"template":"","meta":[],"product_cat":[13],"product_tag":[773],"_links":{"self":[{"href":"https:\/\/www.bazarmerlin.com\/inicio\/wp-json\/wp\/v2\/product\/1220"}],"collection":[{"href":"https:\/\/www.bazarmerlin.com\/inicio\/wp-json\/wp\/v2\/product"}],"about":[{"href":"https:\/\/www.bazarmerlin.com\/inicio\/wp-json\/wp\/v2\/types\/product"}],"wp:featuredmedia":[{"embeddable":true,"href":"https:\/\/www.bazarmerlin.com\/inicio\/wp-json\/wp\/v2\/media\/11100"}],"wp:attachment":[{"href":"https:\/\/www.bazarmerlin.com\/inicio\/wp-json\/wp\/v2\/media?parent=1220"}],"wp:term":[{"taxonomy":"product_cat","embeddable":true,"href":"https:\/\/www.bazarmerlin.com\/inicio\/wp-json\/wp\/v2\/product_cat?post=1220"},{"taxonomy":"product_tag","embeddable":true,"href":"https:\/\/www.bazarmerlin.com\/inicio\/wp-json\/wp\/v2\/product_tag?post=1220"}],"curies":[{"name":"wp","href":"https:\/\/api.w.org\/{rel}","templated":true}]}}