{"id":1222,"date":"2015-07-10T17:13:33","date_gmt":"2015-07-10T17:13:33","guid":{"rendered":"https:\/\/www.bazarmerlin.com\/inicio\/?post_type=product&#038;p=1222"},"modified":"2022-11-18T22:48:22","modified_gmt":"2022-11-18T22:48:22","slug":"figura-de-hombre-y-mujer-en-cera-para-trabajos-de-amor","status":"publish","type":"product","link":"https:\/\/www.bazarmerlin.com\/inicio\/producto\/figura-de-hombre-y-mujer-en-cera-para-trabajos-de-amor\/","title":{"rendered":"Figura De Hombre Y Mujer En Cera &#8211; Para Trabajos De Amor"},"content":{"rendered":"<p><strong>Vela Pareja Union Roja<\/strong><\/p>\n<p>&nbsp;<\/p>\n<p>Vela esot\u00e9rica pareja unida hombre-mujer, abrecaminos, amor. Vela ritual color rojo: para la uni\u00f3n de parejas, la atracci\u00f3n y la pasi\u00f3n. Estas velas tan atractivas parecen casi una obra de arte, pues representan las figuras de unas personas abrazadas e incluso entrelazadas y a veces elevando sus brazos al cielo.<\/p>\n<p>Son muy bellas y decorativas aunque su principal sentido no es la decoraci\u00f3n sino la soluci\u00f3n a diferentes temas relacionados con el amor y m\u00e1s concretamente con la pareja.<\/p>\n<p>&nbsp;<\/p>\n<p>&nbsp;<\/p>\n<p><strong>BAZAR MERL\u00cdN<\/strong><br \/>\n<strong>El Lugar M\u00e1s M\u00edstico de Guadalajara<\/strong><br \/>\n<strong>ENVIAMOS A TODO M\u00c9XICO <\/strong><\/p>\n<!-- AddThis Advanced Settings generic via filter on the_content --><!-- AddThis Share Buttons generic via filter on the_content -->","protected":false},"excerpt":{"rendered":"<p>Vela Pareja Union Roja &nbsp; Vela esot\u00e9rica pareja unida hombre-mujer, abrecaminos, amor. Vela ritual color rojo: para la uni\u00f3n de parejas, la atracci\u00f3n y la pasi\u00f3n. Estas velas tan atractivas parecen casi una obra de arte, pues representan las figuras de unas personas abrazadas e incluso entrelazadas y a veces elevando sus brazos al cielo.&hellip;<!-- AddThis Advanced Settings generic via filter on get_the_excerpt --><!-- AddThis Share Buttons generic via filter on get_the_excerpt --><\/p>\n","protected":false},"featured_media":10784,"template":"","meta":[],"product_cat":[19],"product_tag":[774,775],"_links":{"self":[{"href":"https:\/\/www.bazarmerlin.com\/inicio\/wp-json\/wp\/v2\/product\/1222"}],"collection":[{"href":"https:\/\/www.bazarmerlin.com\/inicio\/wp-json\/wp\/v2\/product"}],"about":[{"href":"https:\/\/www.bazarmerlin.com\/inicio\/wp-json\/wp\/v2\/types\/product"}],"wp:featuredmedia":[{"embeddable":true,"href":"https:\/\/www.bazarmerlin.com\/inicio\/wp-json\/wp\/v2\/media\/10784"}],"wp:attachment":[{"href":"https:\/\/www.bazarmerlin.com\/inicio\/wp-json\/wp\/v2\/media?parent=1222"}],"wp:term":[{"taxonomy":"product_cat","embeddable":true,"href":"https:\/\/www.bazarmerlin.com\/inicio\/wp-json\/wp\/v2\/product_cat?post=1222"},{"taxonomy":"product_tag","embeddable":true,"href":"https:\/\/www.bazarmerlin.com\/inicio\/wp-json\/wp\/v2\/product_tag?post=1222"}],"curies":[{"name":"wp","href":"https:\/\/api.w.org\/{rel}","templated":true}]}}