{"id":1230,"date":"2015-07-10T17:26:19","date_gmt":"2015-07-10T17:26:19","guid":{"rendered":"https:\/\/www.bazarmerlin.com\/inicio\/?post_type=product&#038;p=1230"},"modified":"2022-10-13T22:11:50","modified_gmt":"2022-10-13T22:11:50","slug":"raiz-de-ajedrea-proteccion-y-negocios-exitosos","status":"publish","type":"product","link":"https:\/\/www.bazarmerlin.com\/inicio\/producto\/raiz-de-ajedrea-proteccion-y-negocios-exitosos\/","title":{"rendered":"Ra\u00edz De Ajedrea &#8211; Protecci\u00f3n Y Levanta Negocios"},"content":{"rendered":"<p><strong>PERFUME RA\u00cdZ DE AJEDREA<\/strong><\/p>\n<p>&nbsp;<\/p>\n<p>PARA PROTECCI\u00d3N, ABUNDANCIA Y NEGOCIOS EXITOSOS!<\/p>\n<p>Elaborada a mano por maestros Misticos de manera artesanal<\/p>\n<p>Ideal para que aquella persona dedicada al comercio ya sea ambulante o establecido.<br \/>\nSi el comerciante es ambulante puede usarlo en su persona y si el comerciante es establecido apl\u00edcalo en la caja del dinero.<\/p>\n<p>Este Perfume est\u00e1 elaborado con extractos de hierbas y aceites esenciales consagrado y ritualizado por medio de la alta magia, para que te ayude: contra hechicer\u00edas, envidias, negatividades, m\u00e1xima protecci\u00f3n en todo as\u00ed como a que te rinda el dinero, suerte en juegos de azar, atrae los buenos y exitosos negocios.<\/p>\n<p>&nbsp;<\/p>\n<p>&nbsp;<\/p>\n<p><strong>BAZAR\u00a0<\/strong><b>MERL\u00cdN<\/b><br \/>\n<strong>El Lugar M\u00e1s M\u00edstico de Guadalajara<\/strong><br \/>\n<strong>ENVIAMOS A TODO M\u00c9XICO&#8230;\u00a0<\/strong><\/p>\n<!-- AddThis Advanced Settings generic via filter on the_content --><!-- AddThis Share Buttons generic via filter on the_content -->","protected":false},"excerpt":{"rendered":"<p>PERFUME RA\u00cdZ DE AJEDREA &nbsp; PARA PROTECCI\u00d3N, ABUNDANCIA Y NEGOCIOS EXITOSOS! Elaborada a mano por maestros Misticos de manera artesanal Ideal para que aquella persona dedicada al comercio ya sea ambulante o establecido. Si el comerciante es ambulante puede usarlo en su persona y si el comerciante es establecido apl\u00edcalo en la caja del dinero.&hellip;<!-- AddThis Advanced Settings generic via filter on get_the_excerpt --><!-- AddThis Share Buttons generic via filter on get_the_excerpt --><\/p>\n","protected":false},"featured_media":10339,"template":"","meta":[],"product_cat":[14],"product_tag":[777,776],"_links":{"self":[{"href":"https:\/\/www.bazarmerlin.com\/inicio\/wp-json\/wp\/v2\/product\/1230"}],"collection":[{"href":"https:\/\/www.bazarmerlin.com\/inicio\/wp-json\/wp\/v2\/product"}],"about":[{"href":"https:\/\/www.bazarmerlin.com\/inicio\/wp-json\/wp\/v2\/types\/product"}],"wp:featuredmedia":[{"embeddable":true,"href":"https:\/\/www.bazarmerlin.com\/inicio\/wp-json\/wp\/v2\/media\/10339"}],"wp:attachment":[{"href":"https:\/\/www.bazarmerlin.com\/inicio\/wp-json\/wp\/v2\/media?parent=1230"}],"wp:term":[{"taxonomy":"product_cat","embeddable":true,"href":"https:\/\/www.bazarmerlin.com\/inicio\/wp-json\/wp\/v2\/product_cat?post=1230"},{"taxonomy":"product_tag","embeddable":true,"href":"https:\/\/www.bazarmerlin.com\/inicio\/wp-json\/wp\/v2\/product_tag?post=1230"}],"curies":[{"name":"wp","href":"https:\/\/api.w.org\/{rel}","templated":true}]}}