{"id":1240,"date":"2015-07-10T17:51:29","date_gmt":"2015-07-10T17:51:29","guid":{"rendered":"https:\/\/www.bazarmerlin.com\/inicio\/?post_type=product&#038;p=1240"},"modified":"2022-12-01T22:05:21","modified_gmt":"2022-12-01T22:05:21","slug":"aleja-demonios-formula-para-quitar-trabajos-de-magia-negra","status":"publish","type":"product","link":"https:\/\/www.bazarmerlin.com\/inicio\/producto\/aleja-demonios-formula-para-quitar-trabajos-de-magia-negra\/","title":{"rendered":"Aleja Demonios &#8211; Preparado Para Quitar Magia Negra Y Da\u00f1os"},"content":{"rendered":"<p><strong>PODEROSA FORMULA ALEJA DEMONIOS<\/strong><br \/>\n<strong>QUITA TODO DA\u00d1O O BLOQUEO DE TU PERSONA<\/strong><\/p>\n<p>&nbsp;<\/p>\n<p>Poderosa formula contra da\u00f1os o brujer\u00eda no consigues pareja?<br \/>\nTrabajas y trabajas, pero no prosperas?<br \/>\nTu enfermedad es aparentemente incurable?<\/p>\n<p>\u00a1CUIDADO!<br \/>\nPUEDES TENER LA SUERTE CAMBIADA<\/p>\n<p>El fuego en el que debe quemarse esta formula es objeto de exorcismo o bendici\u00f3n, ya que con sus llamas contribuye tambi\u00e9n al buen \u00e9xito de la operaci\u00f3n de dios y sus celestiales criaturas..<br \/>\nTambi\u00e9n en este caso de dice una oraci\u00f3n de exorcismo frente al fuego,que es la siguiente:<\/p>\n<p>&#8220;yo te exorciso criatura del fuego por el que ha hecho y creado todas las cosas a fin que los fantasmas y esp\u00edritus que pudieran da\u00f1ar o debilitar por tu medio se alejen ahora mismo. En el nombre de dios, \u00e1men. Dios, bendice este fuego para que santificado que sea por ti, quede libre de influencias malignas, asi sea.<\/p>\n<p>&nbsp;<\/p>\n<p>&nbsp;<\/p>\n<p><strong>BAZAR\u00a0<\/strong><b>MERL\u00cdN<\/b><br \/>\n<strong>El Lugar M\u00e1s M\u00edstico de Guadalajara<\/strong><br \/>\n<strong>ENVIAMOS A TODO M\u00c9XICO&#8230;<\/strong><\/p>\n<!-- AddThis Advanced Settings generic via filter on the_content --><!-- AddThis Share Buttons generic via filter on the_content -->","protected":false},"excerpt":{"rendered":"<p>PODEROSA FORMULA ALEJA DEMONIOS QUITA TODO DA\u00d1O O BLOQUEO DE TU PERSONA &nbsp; Poderosa formula contra da\u00f1os o brujer\u00eda no consigues pareja? Trabajas y trabajas, pero no prosperas? Tu enfermedad es aparentemente incurable? \u00a1CUIDADO! PUEDES TENER LA SUERTE CAMBIADA El fuego en el que debe quemarse esta formula es objeto de exorcismo o bendici\u00f3n, ya&hellip;<!-- AddThis Advanced Settings generic via filter on get_the_excerpt --><!-- AddThis Share Buttons generic via filter on get_the_excerpt --><\/p>\n","protected":false},"featured_media":10924,"template":"","meta":[],"product_cat":[20],"product_tag":[783,784],"_links":{"self":[{"href":"https:\/\/www.bazarmerlin.com\/inicio\/wp-json\/wp\/v2\/product\/1240"}],"collection":[{"href":"https:\/\/www.bazarmerlin.com\/inicio\/wp-json\/wp\/v2\/product"}],"about":[{"href":"https:\/\/www.bazarmerlin.com\/inicio\/wp-json\/wp\/v2\/types\/product"}],"wp:featuredmedia":[{"embeddable":true,"href":"https:\/\/www.bazarmerlin.com\/inicio\/wp-json\/wp\/v2\/media\/10924"}],"wp:attachment":[{"href":"https:\/\/www.bazarmerlin.com\/inicio\/wp-json\/wp\/v2\/media?parent=1240"}],"wp:term":[{"taxonomy":"product_cat","embeddable":true,"href":"https:\/\/www.bazarmerlin.com\/inicio\/wp-json\/wp\/v2\/product_cat?post=1240"},{"taxonomy":"product_tag","embeddable":true,"href":"https:\/\/www.bazarmerlin.com\/inicio\/wp-json\/wp\/v2\/product_tag?post=1240"}],"curies":[{"name":"wp","href":"https:\/\/api.w.org\/{rel}","templated":true}]}}