{"id":1244,"date":"2015-07-10T17:58:35","date_gmt":"2015-07-10T17:58:35","guid":{"rendered":"https:\/\/www.bazarmerlin.com\/inicio\/?post_type=product&#038;p=1244"},"modified":"2023-05-03T00:47:48","modified_gmt":"2023-05-03T00:47:48","slug":"recetas-magicas-para-la-abundancia-karen-lara","status":"publish","type":"product","link":"https:\/\/www.bazarmerlin.com\/inicio\/producto\/recetas-magicas-para-la-abundancia-karen-lara\/","title":{"rendered":"Recetas M\u00e1gicas Para La Abundancia &#8211; Karen Lara"},"content":{"rendered":"<p><strong>KAREN LARA<\/strong><br \/>\n<strong>RECETAS M\u00c1GICAS PARA LA ABUNDANCIA<\/strong><\/p>\n<p>&nbsp;<\/p>\n<p>-FORMULAS PARA DESTERRAR LAS BRUJER\u00cdAS Y MALA SUERTE-<\/p>\n<p>Karen Lara sabe que no podemos determinar lo pobre o rico que somos por que todo es un regalo, el mundo es tan generoso que hasta podemos comunicarnos con las PLANTAS, LAS ESTRELLAS Y LOS MUERTOS a trav\u00e9s de la verdadera MAGIA BLANCA.<\/p>\n<p>Si usted atiende al pie de la letra el DINERO fluir\u00e1 en sus manos y su fiel aliado sera, para nunca abandonarle, dec\u00eddase a ser una persona FELIZ Y LIBRE de todo problema econ\u00f3mico, amoroso, de salud, envidias y financiero.<\/p>\n<p>Aleje las deudas, obtenga un pr\u00e9stamo, recupere adeudos, confeccione un amuleto para atraer el dinero, practique el decreto de la abundancia, todo esto y mucho mas lo encontrara en este ejemplar.<\/p>\n<p>RECUERDE: LA ABUNDANCIA ECON\u00d3MICA LE PERTENECE Y LA LEY DE LA PROSPERIDAD no es una invenci\u00f3n sino un hecho, miles de veces demostrado. CONOZCA Y PRACTIQUE LOS SECRETOS DE LA PROSPERIDAD, F\u00d3RMULAS PARA ATRAPAR LA RIQUEZA EN EL NUEVO MILENIO.<\/p>\n<p>ATRAIGA: DINERO, AMOR Y SALUD COMO PROTECCI\u00d3N con el poder de los CUARZOS y de cualquier PIEDRA M\u00c1GICA O PLANTA.<\/p>\n<p>En estas paginas en verdad encontrara verdaderos tesoros que te har\u00e1n MAS AMADO Y FELIZ EN TODO LO QUE EMPRENDAS.<\/p>\n<p>&#8211;LIBRO 100% ORIGINAL&#8211;<\/p>\n<p>&nbsp;<\/p>\n<p>&nbsp;<\/p>\n<p>&nbsp;<\/p>\n<p><strong>BAZAR MERLIN<\/strong><br \/>\n<strong>El Lugar M\u00e1s M\u00edstico de Guadalajara<\/strong><br \/>\n<strong>ENVIAMOS A TODO M\u00c9XICO<\/strong><\/p>\n<!-- AddThis Advanced Settings generic via filter on the_content --><!-- AddThis Share Buttons generic via filter on the_content -->","protected":false},"excerpt":{"rendered":"<p>KAREN LARA RECETAS M\u00c1GICAS PARA LA ABUNDANCIA &nbsp; -FORMULAS PARA DESTERRAR LAS BRUJER\u00cdAS Y MALA SUERTE- Karen Lara sabe que no podemos determinar lo pobre o rico que somos por que todo es un regalo, el mundo es tan generoso que hasta podemos comunicarnos con las PLANTAS, LAS ESTRELLAS Y LOS MUERTOS a trav\u00e9s de&hellip;<!-- AddThis Advanced Settings generic via filter on get_the_excerpt --><!-- AddThis Share Buttons generic via filter on get_the_excerpt --><\/p>\n","protected":false},"featured_media":11232,"template":"","meta":[],"product_cat":[13],"product_tag":[779,787],"_links":{"self":[{"href":"https:\/\/www.bazarmerlin.com\/inicio\/wp-json\/wp\/v2\/product\/1244"}],"collection":[{"href":"https:\/\/www.bazarmerlin.com\/inicio\/wp-json\/wp\/v2\/product"}],"about":[{"href":"https:\/\/www.bazarmerlin.com\/inicio\/wp-json\/wp\/v2\/types\/product"}],"wp:featuredmedia":[{"embeddable":true,"href":"https:\/\/www.bazarmerlin.com\/inicio\/wp-json\/wp\/v2\/media\/11232"}],"wp:attachment":[{"href":"https:\/\/www.bazarmerlin.com\/inicio\/wp-json\/wp\/v2\/media?parent=1244"}],"wp:term":[{"taxonomy":"product_cat","embeddable":true,"href":"https:\/\/www.bazarmerlin.com\/inicio\/wp-json\/wp\/v2\/product_cat?post=1244"},{"taxonomy":"product_tag","embeddable":true,"href":"https:\/\/www.bazarmerlin.com\/inicio\/wp-json\/wp\/v2\/product_tag?post=1244"}],"curies":[{"name":"wp","href":"https:\/\/api.w.org\/{rel}","templated":true}]}}