{"id":1246,"date":"2015-07-10T18:04:56","date_gmt":"2015-07-10T18:04:56","guid":{"rendered":"https:\/\/www.bazarmerlin.com\/inicio\/?post_type=product&#038;p=1246"},"modified":"2023-05-03T00:47:37","modified_gmt":"2023-05-03T00:47:37","slug":"una-magia-para-cada-dia-karen-lara","status":"publish","type":"product","link":"https:\/\/www.bazarmerlin.com\/inicio\/producto\/una-magia-para-cada-dia-karen-lara\/","title":{"rendered":"Una Magia Para Cada D\u00eda &#8211; Karen Lara"},"content":{"rendered":"<p><strong>KAREN LARA.<\/strong><br \/>\n<strong>LIBRO UNA MAGIA PARA CADA D\u00cdA.<\/strong><\/p>\n<p>&nbsp;<\/p>\n<p>ADQUIERA ESTE PODEROSO LIBRO M\u00c1GICO UNA VEZ Y APROV\u00c9CHELO TODA SU VIDA !!!<\/p>\n<p>ESTE PODEROSO LIBRO CONTIENE TRESCIENTAS SESENTA Y SEIS PODEROSAS RECETAS DE MAGIA BLANCA, PRACTICADAS VICTORIOSAMENTE ALREDEDOR DE TODO EL MUNDO &#8230;. &#8220;LIBERE ENFERMEDADES&#8221;, &#8220;PROTEJA SUS HIJOS&#8221;, BOTELLA DE AMOR&#8221; Y &#8220;QUITELE LO INFIEL&#8221; &#8230; SON ALGUNOS DE LOS CONSEJOS ULTRA SECRETOS QUE SE ENCUENTRAN EN ESTE VALIOSO EJEMPLAR.<\/p>\n<p>SI USTED ATIENDE AL PIE DE LA LETRA EL DINERO FLUIR\u00c1 EN SUS MANOS Y SU FIEL ALIADO SERA, PARA NUNCA ABANDONARLE, DEC\u00cdDASE A SER UNA PERSONA FELIZ Y LIBRE DE TODO PROBLEMA ECON\u00d3MICO,AMOROSOS, DE SALUD, ENVIDIAS Y FINANCIERO.<\/p>\n<p>INVOQUE: EL GRAN PODER DE LOS ARC\u00c1NGELES Y DE LOS \u00c1NGELES.<\/p>\n<p>RECIBA CADA A\u00d1O NUEVO: LLENO DE AMOR Y PROSPERIDAD.<\/p>\n<p>EXPULSE : A LOS ENEMIGOS, LAS ENVIDIAS, LOS CHISMES Y LA BRUJER\u00cdA DE SU CASA Y TRABAJO.<\/p>\n<p>COMPRUEBE: EL M\u00c1GICO PODER DE LAS ESPECIAS QUE HAY EN SU COCINA.<\/p>\n<p>EN ESTAS PAGINAS EN VERDAD ENCONTRARA VERDADEROS TESOROS QUE TE HAR\u00c1N MAS AMADO Y FELIZ EN TODO LO QUE EMPRENDAS.<\/p>\n<p>&#8211;LIBRO 100% ORIGINAL&#8211;<\/p>\n<p>&nbsp;<\/p>\n<p>&nbsp;<\/p>\n<p><strong>BAZAR MERLIN\u00ae<\/strong><br \/>\n<strong>El Lugar M\u00e1s M\u00edstico de Guadalajara<\/strong><br \/>\n<strong>ENVIAMOS A TODO M\u00c9XICO&#8230;<\/strong><\/p>\n<!-- AddThis Advanced Settings generic via filter on the_content --><!-- AddThis Share Buttons generic via filter on the_content -->","protected":false},"excerpt":{"rendered":"<p>KAREN LARA. LIBRO UNA MAGIA PARA CADA D\u00cdA. &nbsp; ADQUIERA ESTE PODEROSO LIBRO M\u00c1GICO UNA VEZ Y APROV\u00c9CHELO TODA SU VIDA !!! ESTE PODEROSO LIBRO CONTIENE TRESCIENTAS SESENTA Y SEIS PODEROSAS RECETAS DE MAGIA BLANCA, PRACTICADAS VICTORIOSAMENTE ALREDEDOR DE TODO EL MUNDO &#8230;. &#8220;LIBERE ENFERMEDADES&#8221;, &#8220;PROTEJA SUS HIJOS&#8221;, BOTELLA DE AMOR&#8221; Y &#8220;QUITELE LO INFIEL&#8221;&hellip;<!-- AddThis Advanced Settings generic via filter on get_the_excerpt --><!-- AddThis Share Buttons generic via filter on get_the_excerpt --><\/p>\n","protected":false},"featured_media":11244,"template":"","meta":[],"product_cat":[13],"product_tag":[779,788],"_links":{"self":[{"href":"https:\/\/www.bazarmerlin.com\/inicio\/wp-json\/wp\/v2\/product\/1246"}],"collection":[{"href":"https:\/\/www.bazarmerlin.com\/inicio\/wp-json\/wp\/v2\/product"}],"about":[{"href":"https:\/\/www.bazarmerlin.com\/inicio\/wp-json\/wp\/v2\/types\/product"}],"wp:featuredmedia":[{"embeddable":true,"href":"https:\/\/www.bazarmerlin.com\/inicio\/wp-json\/wp\/v2\/media\/11244"}],"wp:attachment":[{"href":"https:\/\/www.bazarmerlin.com\/inicio\/wp-json\/wp\/v2\/media?parent=1246"}],"wp:term":[{"taxonomy":"product_cat","embeddable":true,"href":"https:\/\/www.bazarmerlin.com\/inicio\/wp-json\/wp\/v2\/product_cat?post=1246"},{"taxonomy":"product_tag","embeddable":true,"href":"https:\/\/www.bazarmerlin.com\/inicio\/wp-json\/wp\/v2\/product_tag?post=1246"}],"curies":[{"name":"wp","href":"https:\/\/api.w.org\/{rel}","templated":true}]}}