{"id":1248,"date":"2015-07-10T18:08:32","date_gmt":"2015-07-10T18:08:32","guid":{"rendered":"https:\/\/www.bazarmerlin.com\/inicio\/?post_type=product&#038;p=1248"},"modified":"2023-05-03T00:47:26","modified_gmt":"2023-05-03T00:47:26","slug":"karen-lara-zodiamagico-atrae-poder-dinero-y-amor","status":"publish","type":"product","link":"https:\/\/www.bazarmerlin.com\/inicio\/producto\/karen-lara-zodiamagico-atrae-poder-dinero-y-amor\/","title":{"rendered":"Zodiam\u00e1gico &#8211; Karen Lara &#8211; Poder, Dinero Y Amor"},"content":{"rendered":"<p><strong>ZODIAM\u00c1GICO &#8211; KAREN LARA<\/strong><br \/>\n<strong>F\u00d3RMULAS PARA EL \u00c9XITO, DINERO Y PODER.<\/strong><\/p>\n<p>&nbsp;<\/p>\n<p>Practicar La magia de la prosperidad es muy f\u00e1cil, s\u00f3lo basta con seguir los sencillos consejos que nos brinda Karen Lara en este ejemplar.<\/p>\n<p>Si usted atiende al pie de la letra el dinero fluir\u00e1 en sus manos y su fiel Aliado ser\u00e1, para nunca abandonarle, decidirse a ser una persona feliz y libre en todo problema econ\u00f3mico y Financiero.<\/p>\n<p>Atraer el amor de su vida o retenerlo no ser\u00e1 problema, C\u00f3mo retirar esas envidia o celos de personas malvadas que hay en nuestra vida.<\/p>\n<p>MEJORE: visiblemente sus finanzas de la noche a la ma\u00f1ana, aleje cualquier tipo de dudas, con estos sencillos rituales tan poderosos.<\/p>\n<p>DESTIERRE: cualquier tipo de mala suerte en cualquier sentido no importa si es amoroso, de salud o econ\u00f3mico no hay imposibles para la magia blanca.<\/p>\n<p>AHUYENTE: para siempre todas las brujer\u00edas, envidias y cualquier enemigo a trav\u00e9s de la verdadera y poderosa magia blanca.<\/p>\n<p>ATRAIGA: dinero, amor y salud como protecci\u00f3n con el poder de los cuarzos y de cualquier piedra m\u00e1gica o planta.<\/p>\n<p>CONOZCA: los secretos para triunfar en los negocios.<\/p>\n<p>LIBRO 100% ORIGINAL<\/p>\n<p>&nbsp;<\/p>\n<p>&nbsp;<\/p>\n<p><strong>BAZAR MERLIN<\/strong><br \/>\n<strong>El Lugar M\u00e1s M\u00edstico de Guadalajara<\/strong><br \/>\n<strong>ENVIAMOS A TODO M\u00c9XICO<\/strong><\/p>\n<!-- AddThis Advanced Settings generic via filter on the_content --><!-- AddThis Share Buttons generic via filter on the_content -->","protected":false},"excerpt":{"rendered":"<p>ZODIAM\u00c1GICO &#8211; KAREN LARA F\u00d3RMULAS PARA EL \u00c9XITO, DINERO Y PODER. &nbsp; Practicar La magia de la prosperidad es muy f\u00e1cil, s\u00f3lo basta con seguir los sencillos consejos que nos brinda Karen Lara en este ejemplar. Si usted atiende al pie de la letra el dinero fluir\u00e1 en sus manos y su fiel Aliado ser\u00e1,&hellip;<!-- AddThis Advanced Settings generic via filter on get_the_excerpt --><!-- AddThis Share Buttons generic via filter on get_the_excerpt --><\/p>\n","protected":false},"featured_media":11253,"template":"","meta":[],"product_cat":[13],"product_tag":[791,779,790,789],"_links":{"self":[{"href":"https:\/\/www.bazarmerlin.com\/inicio\/wp-json\/wp\/v2\/product\/1248"}],"collection":[{"href":"https:\/\/www.bazarmerlin.com\/inicio\/wp-json\/wp\/v2\/product"}],"about":[{"href":"https:\/\/www.bazarmerlin.com\/inicio\/wp-json\/wp\/v2\/types\/product"}],"wp:featuredmedia":[{"embeddable":true,"href":"https:\/\/www.bazarmerlin.com\/inicio\/wp-json\/wp\/v2\/media\/11253"}],"wp:attachment":[{"href":"https:\/\/www.bazarmerlin.com\/inicio\/wp-json\/wp\/v2\/media?parent=1248"}],"wp:term":[{"taxonomy":"product_cat","embeddable":true,"href":"https:\/\/www.bazarmerlin.com\/inicio\/wp-json\/wp\/v2\/product_cat?post=1248"},{"taxonomy":"product_tag","embeddable":true,"href":"https:\/\/www.bazarmerlin.com\/inicio\/wp-json\/wp\/v2\/product_tag?post=1248"}],"curies":[{"name":"wp","href":"https:\/\/api.w.org\/{rel}","templated":true}]}}