{"id":1254,"date":"2015-07-10T18:19:36","date_gmt":"2015-07-10T18:19:36","guid":{"rendered":"https:\/\/www.bazarmerlin.com\/inicio\/?post_type=product&#038;p=1254"},"modified":"2022-11-18T22:09:36","modified_gmt":"2022-11-18T22:09:36","slug":"cirio-de-cuarzos-para-suerte-en-amor-y-proteccion-total","status":"publish","type":"product","link":"https:\/\/www.bazarmerlin.com\/inicio\/producto\/cirio-de-cuarzos-para-suerte-en-amor-y-proteccion-total\/","title":{"rendered":"Cirio De Cuarzos Para Suerte En Amor Y Protecci\u00f3n Total!!"},"content":{"rendered":"<p><strong>GENUINO CIRIO ESPIRITUAL CUARZO<\/strong><br \/>\n<strong>CIRIO DE CUARZO SUERTE EN EL AMOR Y PROTECCION TOTAL<\/strong><\/p>\n<p>&nbsp;<\/p>\n<p>Logra tener suerte en el amor.<br \/>\nCon este poderoso cirio de cuarzo que te lo mandamos programo y ritualizado para abrirte los caminos del amor.<\/p>\n<p>* ENVIDIA<br \/>\n*NEGATIVIDAD<br \/>\n*BLOQUEOS<br \/>\n*MALAS VENTAS<\/p>\n<p>ORACI\u00d3N<br \/>\nSe\u00f1or mio mu\u00e9strame el camino para poder dominar mis temores mu\u00e9strame la visi\u00f3n parar poder preveer dominar las calamidades mu\u00e9strame la generosidad para poder dominar mi codicia mu\u00e9strame la paciencia para poder dominar y encontrar la soluci\u00f3n a los problemas mu\u00e9strame el amor para dominar mis temores, amen<br \/>\n.<br \/>\nGENUINO CIRIO ESPIRITUAL CUARZO<br \/>\nSUERTE EN EL AMOR Y PROTECCION TOTAL<\/p>\n<p>&nbsp;<\/p>\n<p>&nbsp;<\/p>\n<p><strong>BAZAR\u00a0<\/strong><b>MERL\u00cdN<\/b><br \/>\n<strong>El Lugar M\u00e1s M\u00edstico de Guadalajara<\/strong><br \/>\n<strong>ENVIAMOS A TODO M\u00c9XICO<\/strong><\/p>\n<!-- AddThis Advanced Settings generic via filter on the_content --><!-- AddThis Share Buttons generic via filter on the_content -->","protected":false},"excerpt":{"rendered":"<p>GENUINO CIRIO ESPIRITUAL CUARZO CIRIO DE CUARZO SUERTE EN EL AMOR Y PROTECCION TOTAL &nbsp; Logra tener suerte en el amor. Con este poderoso cirio de cuarzo que te lo mandamos programo y ritualizado para abrirte los caminos del amor. * ENVIDIA *NEGATIVIDAD *BLOQUEOS *MALAS VENTAS ORACI\u00d3N Se\u00f1or mio mu\u00e9strame el camino para poder dominar&hellip;<!-- AddThis Advanced Settings generic via filter on get_the_excerpt --><!-- AddThis Share Buttons generic via filter on get_the_excerpt --><\/p>\n","protected":false},"featured_media":9389,"template":"","meta":[],"product_cat":[19],"product_tag":[795],"_links":{"self":[{"href":"https:\/\/www.bazarmerlin.com\/inicio\/wp-json\/wp\/v2\/product\/1254"}],"collection":[{"href":"https:\/\/www.bazarmerlin.com\/inicio\/wp-json\/wp\/v2\/product"}],"about":[{"href":"https:\/\/www.bazarmerlin.com\/inicio\/wp-json\/wp\/v2\/types\/product"}],"wp:featuredmedia":[{"embeddable":true,"href":"https:\/\/www.bazarmerlin.com\/inicio\/wp-json\/wp\/v2\/media\/9389"}],"wp:attachment":[{"href":"https:\/\/www.bazarmerlin.com\/inicio\/wp-json\/wp\/v2\/media?parent=1254"}],"wp:term":[{"taxonomy":"product_cat","embeddable":true,"href":"https:\/\/www.bazarmerlin.com\/inicio\/wp-json\/wp\/v2\/product_cat?post=1254"},{"taxonomy":"product_tag","embeddable":true,"href":"https:\/\/www.bazarmerlin.com\/inicio\/wp-json\/wp\/v2\/product_tag?post=1254"}],"curies":[{"name":"wp","href":"https:\/\/api.w.org\/{rel}","templated":true}]}}