{"id":1264,"date":"2022-05-19T14:44:54","date_gmt":"2022-05-19T14:44:54","guid":{"rendered":"https:\/\/www.bazarmerlin.com\/inicio\/?post_type=product&#038;p=1264"},"modified":"2023-09-14T02:18:38","modified_gmt":"2023-09-14T02:18:38","slug":"pulsera-energetica-en-7-metales-salud-y-energia","status":"publish","type":"product","link":"https:\/\/www.bazarmerlin.com\/inicio\/producto\/pulsera-energetica-en-7-metales-salud-y-energia\/","title":{"rendered":"Pulsera Energ\u00e9tica &#8211; En 7 Metales Alqu\u00edmicos Con Ba\u00f1o De Oro"},"content":{"rendered":"<div style=\"text-align: center;\">\n<div style=\"text-align: center;\">\n<div style=\"text-align: left;\"><strong>PULSERA ENERG\u00c9TICA EN 7 METALES ALQU\u00cdMICOS<\/strong><\/div>\n<\/div>\n<\/div>\n<p><em><strong>&#8212; Para Atraer Salud Y Energ\u00eda Positiva A Tu Vida &#8212;<\/strong><\/em><\/p>\n<p>&nbsp;<\/p>\n<p><em>TERMINADA EN FINA CHAPA DE ORO 18 KILATES.<\/em><\/p>\n<p>Esta maravilla tiene un lejano origen que se remonta aproximadamente hasta los 1000 a\u00f1os A.C. Ellos descubrieron que al hacer una cierta aleaci\u00f3n en metales tiene una gran influencia en el organismo del ser humano que tiene efectos sorprendentes en el alivio de dolencias y malestares al regular la energ\u00eda biomagn\u00e9tica del cuerpo, eliminando as\u00ed los estados de tensi\u00f3n o estr\u00e9s, dolores reum\u00e1ticos, dolores de cabeza, migra\u00f1a, depresi\u00f3n, angustia, falta de sue\u00f1o, falta de apetito sexual, artritis, cansancio excesivo, problemas renales y digestivos como de tipo cr\u00f3nico y problemas de circulaci\u00f3n.<\/p>\n<p>La ciencia y tecnolog\u00eda actuales han podido aplicar sus avances en esta ciencia llamando y IONO-TERAPIA que es curaci\u00f3n a base de iones y de ah\u00ed podemos poner en nuestras manos el original pulso BIO-I\u00d3NICO CATAL\u00c1N, que nos servir\u00e1 como factor de equilibrio y reducir o eliminador de totalmente los factores de malestar que nos aquejan.<\/p>\n<p>SU USO EN MANO DERECHA: Deber\u00e1 usarse como se lleva el reloj o sea con las esferas met\u00e1licas hacia arriba, podr\u00e1 servir para los siguientes s\u00edntomas como estr\u00e9s, insomnio, p\u00e9rdida de potencia sexual, dolores reum\u00e1ticos, artritis, dolores musculares, asma, sinusitis, bronquitis, cansancio, tensi\u00f3n nerviosa, fatiga y migra\u00f1a.<\/p>\n<p>SU USO EN MANO IZQUIERDA: Se invierte la posici\u00f3n de las esferas quedando est\u00e1s bajo la mu\u00f1eca, podr\u00e1 servir para los siguientes s\u00edntomas como problemas metab\u00f3licos, tendencia a la gordura o obesidad, angustias, taquicardia, problemas de circulaci\u00f3n, varices, estre\u00f1imiento, problemas renales y problemas de menstruaci\u00f3n.<\/p>\n<p>USOS Y CUIDADOS DE TU PULSERA: Tu pulso se oscurecer\u00e1 de acuerdo al grado de acidez de nuestro propio organismo lo que cient\u00edficamente se le conoce como PH esto no es de alarma en absoluto, lo \u00fanico que debes hacer es limpiarla con un cepillo con agua y jab\u00f3n Cuando esto sea necesario, la puedes usar permanentemente y es recomendable dormir con ella puesta, si no te incomoda la puedes usar en la ducha y jacuzzi o al ba\u00f1arse en mares r\u00edos y no causar\u00e1 problema alguno, en ambas manos es muy \u00fatil para combatir alergias el uso a tu vida diaria ver\u00e1s que tu suerte cambiar\u00e1 se te abrir\u00e1n caminos en todo lo que emprendas y el \u00e9xito llegar a tu vida.<\/p>\n<p>NO TE ALARMES SI TU ATRACCI\u00d3N AL SEXO OPUESTO INCREMENTA NOTABLEMENTE.<\/p>\n<p>&nbsp;<\/p>\n<p>&nbsp;<\/p>\n<p><strong>BAZAR MERLIN<\/strong><br \/>\n<strong>El Lugar M\u00e1s M\u00edstico de Guadalajara<\/strong><br \/>\n<strong>ENVIAMOS A TODO M\u00c9XICO\u2026<\/strong><\/p>\n<!-- AddThis Advanced Settings generic via filter on the_content --><!-- AddThis Share Buttons generic via filter on the_content -->","protected":false},"excerpt":{"rendered":"<p>PULSERA ENERG\u00c9TICA EN 7 METALES ALQU\u00cdMICOS &#8212; Para Atraer Salud Y Energ\u00eda Positiva A Tu Vida &#8212; &nbsp; TERMINADA EN FINA CHAPA DE ORO 18 KILATES. Esta maravilla tiene un lejano origen que se remonta aproximadamente hasta los 1000 a\u00f1os A.C. Ellos descubrieron que al hacer una cierta aleaci\u00f3n en metales tiene una gran influencia&hellip;<!-- AddThis Advanced Settings generic via filter on get_the_excerpt --><!-- AddThis Share Buttons generic via filter on get_the_excerpt --><\/p>\n","protected":false},"featured_media":8078,"template":"","meta":[],"product_cat":[14],"product_tag":[798,797],"_links":{"self":[{"href":"https:\/\/www.bazarmerlin.com\/inicio\/wp-json\/wp\/v2\/product\/1264"}],"collection":[{"href":"https:\/\/www.bazarmerlin.com\/inicio\/wp-json\/wp\/v2\/product"}],"about":[{"href":"https:\/\/www.bazarmerlin.com\/inicio\/wp-json\/wp\/v2\/types\/product"}],"wp:featuredmedia":[{"embeddable":true,"href":"https:\/\/www.bazarmerlin.com\/inicio\/wp-json\/wp\/v2\/media\/8078"}],"wp:attachment":[{"href":"https:\/\/www.bazarmerlin.com\/inicio\/wp-json\/wp\/v2\/media?parent=1264"}],"wp:term":[{"taxonomy":"product_cat","embeddable":true,"href":"https:\/\/www.bazarmerlin.com\/inicio\/wp-json\/wp\/v2\/product_cat?post=1264"},{"taxonomy":"product_tag","embeddable":true,"href":"https:\/\/www.bazarmerlin.com\/inicio\/wp-json\/wp\/v2\/product_tag?post=1264"}],"curies":[{"name":"wp","href":"https:\/\/api.w.org\/{rel}","templated":true}]}}