{"id":1266,"date":"2015-07-10T18:43:36","date_gmt":"2015-07-10T18:43:36","guid":{"rendered":"https:\/\/www.bazarmerlin.com\/inicio\/?post_type=product&#038;p=1266"},"modified":"2023-03-28T23:51:28","modified_gmt":"2023-03-28T23:51:28","slug":"locion-ven-dinero","status":"publish","type":"product","link":"https:\/\/www.bazarmerlin.com\/inicio\/producto\/locion-ven-dinero\/","title":{"rendered":"Locion Ven Dinero &#8211; Oportunidades Y Clientes"},"content":{"rendered":"<p>LOCI\u00d3N VEN DINERO<br \/>\n( Abundancia, Ventas, Clientes)<\/p>\n<p>Esta Loci\u00f3n es energ\u00eda pura para quitar cualquier bloqueo que tengamos. Nos ayuda a abrirnos las puertas a la abundancia y al \u00e9xito.<\/p>\n<p>Cuando sentimos que tenemos problemas o situaciones que no avanzan, es bueno recurrir a art\u00edculos cargados de buena energ\u00eda que nos ayuden a lograr exitosamente los prop\u00f3sitos que queremos conseguir.<\/p>\n<p>Convi\u00e9rtete en un im\u00e1n para atraer dinero, abundancia y prosperidad en tu vida!!!<\/p>\n<p>Estos productos est\u00e1n preparados por expertos conocedores de la magia verdadera con ingredientes y rituales especiales para cumplir con su intenci\u00f3n.<\/p>\n<p>\u00a1\u00a1\u00a1\u00dasala en tu persona, tu almohada, tus s\u00e1banas, tu ropa, tu bolsa o cartera y te sorprender\u00e1n los resultados!!!<\/p>\n<p>&nbsp;<\/p>\n<p>&nbsp;<\/p>\n<p>BAZAR MERL\u00cdN<br \/>\nEl Lugar M\u00e1s M\u00edstico de Guadalajara<br \/>\nENVIAMOS A TODO M\u00c9XICO\u2026<\/p>\n<!-- AddThis Advanced Settings generic via filter on the_content --><!-- AddThis Share Buttons generic via filter on the_content -->","protected":false},"excerpt":{"rendered":"<p>LOCI\u00d3N VEN DINERO ( Abundancia, Ventas, Clientes) Esta Loci\u00f3n es energ\u00eda pura para quitar cualquier bloqueo que tengamos. Nos ayuda a abrirnos las puertas a la abundancia y al \u00e9xito. Cuando sentimos que tenemos problemas o situaciones que no avanzan, es bueno recurrir a art\u00edculos cargados de buena energ\u00eda que nos ayuden a lograr exitosamente&hellip;<!-- AddThis Advanced Settings generic via filter on get_the_excerpt --><!-- AddThis Share Buttons generic via filter on get_the_excerpt --><\/p>\n","protected":false},"featured_media":8135,"template":"","meta":[],"product_cat":[20],"product_tag":[799,800],"_links":{"self":[{"href":"https:\/\/www.bazarmerlin.com\/inicio\/wp-json\/wp\/v2\/product\/1266"}],"collection":[{"href":"https:\/\/www.bazarmerlin.com\/inicio\/wp-json\/wp\/v2\/product"}],"about":[{"href":"https:\/\/www.bazarmerlin.com\/inicio\/wp-json\/wp\/v2\/types\/product"}],"wp:featuredmedia":[{"embeddable":true,"href":"https:\/\/www.bazarmerlin.com\/inicio\/wp-json\/wp\/v2\/media\/8135"}],"wp:attachment":[{"href":"https:\/\/www.bazarmerlin.com\/inicio\/wp-json\/wp\/v2\/media?parent=1266"}],"wp:term":[{"taxonomy":"product_cat","embeddable":true,"href":"https:\/\/www.bazarmerlin.com\/inicio\/wp-json\/wp\/v2\/product_cat?post=1266"},{"taxonomy":"product_tag","embeddable":true,"href":"https:\/\/www.bazarmerlin.com\/inicio\/wp-json\/wp\/v2\/product_tag?post=1266"}],"curies":[{"name":"wp","href":"https:\/\/api.w.org\/{rel}","templated":true}]}}