{"id":1276,"date":"2015-07-10T19:33:44","date_gmt":"2015-07-10T19:33:44","guid":{"rendered":"https:\/\/www.bazarmerlin.com\/inicio\/?post_type=product&#038;p=1276"},"modified":"2022-10-07T20:40:11","modified_gmt":"2022-10-07T20:40:11","slug":"jabon-ven-dinero-atrae-dinero-y-oportunidades","status":"publish","type":"product","link":"https:\/\/www.bazarmerlin.com\/inicio\/producto\/jabon-ven-dinero-atrae-dinero-y-oportunidades\/","title":{"rendered":"Jab\u00f3n Ven Dinero Atrae Dinero Y Oportunidades"},"content":{"rendered":"<p><strong>PODEROSO JAB\u00d3N VEN DINERO<\/strong><\/p>\n<p>&nbsp;<\/p>\n<p>ESTE JAB\u00d3N ES IDEAL PARA ATRAER RIQUEZA Y PROSPERIDAD EN NUESTRAS VIDAS YA QUE LOGRA EQUILIBRAR NUESTRAS ENERG\u00cdAS DE MANERA MUY POSITIVA.<\/p>\n<p>Los Jabones Esot\u00e9ricos son preparados con productos, esencias y extractos especiales. Cuando tienes un problema que crees de dificil soluci\u00f3n es bueno recurrir a los rituales de magia, estos siempre nos ayudan a lograr exitosamente los objetivos que queremos conseguir.<\/p>\n<p>Las limpiezas o rituales con jabones sirven para uso diario tanto del cuerpo como de las manos y toda tu energ\u00eda c\u00f3smica y aurica equilibrando tus chakras para as\u00ed cambiar de forma inmediata tu suerte. Su fabricaci\u00f3n y su composici\u00f3n son de forma 100% artesanal por lo que llevan la esencia y extracto natural para equilibrar tu energ\u00eda, en algunos jabones hierbas en su interior.<\/p>\n<p>Logra \u00e9xito en negocios, atrae mayores oportunidades a tu vida, ya que nuestros jabones se realizan con formulas m\u00e1gicas de verdadero alto poder.<\/p>\n<p>\u00a1 UTIL\u00cdZALO DIARIO Y ATRAE \u00c9XITO EN TODO LO QUE EMPRENDAS !<\/p>\n<p>&nbsp;<\/p>\n<p>&nbsp;<\/p>\n<p><strong>BAZAR\u00a0<\/strong><b>MERL\u00cdN<\/b><br \/>\n<strong>El Lugar M\u00e1s M\u00edstico de Guadalajara<\/strong><br \/>\n<strong>ENVIAMOS A TODO M\u00c9XICO&#8230;<\/strong><\/p>\n<!-- AddThis Advanced Settings generic via filter on the_content --><!-- AddThis Share Buttons generic via filter on the_content -->","protected":false},"excerpt":{"rendered":"<p>PODEROSO JAB\u00d3N VEN DINERO &nbsp; ESTE JAB\u00d3N ES IDEAL PARA ATRAER RIQUEZA Y PROSPERIDAD EN NUESTRAS VIDAS YA QUE LOGRA EQUILIBRAR NUESTRAS ENERG\u00cdAS DE MANERA MUY POSITIVA. Los Jabones Esot\u00e9ricos son preparados con productos, esencias y extractos especiales. Cuando tienes un problema que crees de dificil soluci\u00f3n es bueno recurrir a los rituales de magia,&hellip;<!-- AddThis Advanced Settings generic via filter on get_the_excerpt --><!-- AddThis Share Buttons generic via filter on get_the_excerpt --><\/p>\n","protected":false},"featured_media":10266,"template":"","meta":[],"product_cat":[14],"product_tag":[805],"_links":{"self":[{"href":"https:\/\/www.bazarmerlin.com\/inicio\/wp-json\/wp\/v2\/product\/1276"}],"collection":[{"href":"https:\/\/www.bazarmerlin.com\/inicio\/wp-json\/wp\/v2\/product"}],"about":[{"href":"https:\/\/www.bazarmerlin.com\/inicio\/wp-json\/wp\/v2\/types\/product"}],"wp:featuredmedia":[{"embeddable":true,"href":"https:\/\/www.bazarmerlin.com\/inicio\/wp-json\/wp\/v2\/media\/10266"}],"wp:attachment":[{"href":"https:\/\/www.bazarmerlin.com\/inicio\/wp-json\/wp\/v2\/media?parent=1276"}],"wp:term":[{"taxonomy":"product_cat","embeddable":true,"href":"https:\/\/www.bazarmerlin.com\/inicio\/wp-json\/wp\/v2\/product_cat?post=1276"},{"taxonomy":"product_tag","embeddable":true,"href":"https:\/\/www.bazarmerlin.com\/inicio\/wp-json\/wp\/v2\/product_tag?post=1276"}],"curies":[{"name":"wp","href":"https:\/\/api.w.org\/{rel}","templated":true}]}}