{"id":1283,"date":"2015-07-11T17:31:28","date_gmt":"2015-07-11T17:31:28","guid":{"rendered":"https:\/\/www.bazarmerlin.com\/inicio\/?post_type=product&#038;p=1283"},"modified":"2022-12-23T23:54:22","modified_gmt":"2022-12-23T23:54:22","slug":"terapia-con-angeles-te-ayudan-a-sanar-doreen-virtue","status":"publish","type":"product","link":"https:\/\/www.bazarmerlin.com\/inicio\/producto\/terapia-con-angeles-te-ayudan-a-sanar-doreen-virtue\/","title":{"rendered":"Terapia Con \u00c1ngeles Te Ayudan A Sanar &#8211; Doreen Virtue"},"content":{"rendered":"<p><strong>TERAPIA CON \u00c1NGELES TE AYUDAN A SANAR &#8211; DOREEN VIRTUE<\/strong><\/p>\n<p>&nbsp;<\/p>\n<p>Mensajes que te ayudan a sanar todas y cada una de las \u00e1reas de tu vida<br \/>\n\u00a1A los \u00e1ngeles les encanta ayudarte!<\/p>\n<p>La vida de la Dra. Doreen Virtue cambio dr\u00e1sticamente cuando los \u00e1ngeles le advirtieron del peligro, de manera milagrosa y despu\u00e9s intervinieron para evitar el robo de su auto.<\/p>\n<p>Luego de ese encuentro con los \u00e1ngeles, Doreen comenz\u00f3 a pedirles ayuda cuando la necesitaba y ellos respond\u00edan a sus peticiones con palabras claras y dulces. La doctora explica c\u00f3mo los \u00e1ngeles han influido en su trabajo como psicoterapeuta&#8230;<\/p>\n<p>&nbsp;<\/p>\n<p>&nbsp;<\/p>\n<p><strong>BAZAR MERL\u00cdN<\/strong><br \/>\n<strong>El Lugar M\u00e1s M\u00edstico de Guadalajara<\/strong><br \/>\n<strong>ENVIAMOS A TODO M\u00c9XICO&#8230;<\/strong><\/p>\n<!-- AddThis Advanced Settings generic via filter on the_content --><!-- AddThis Share Buttons generic via filter on the_content -->","protected":false},"excerpt":{"rendered":"<p>TERAPIA CON \u00c1NGELES TE AYUDAN A SANAR &#8211; DOREEN VIRTUE &nbsp; Mensajes que te ayudan a sanar todas y cada una de las \u00e1reas de tu vida \u00a1A los \u00e1ngeles les encanta ayudarte! La vida de la Dra. Doreen Virtue cambio dr\u00e1sticamente cuando los \u00e1ngeles le advirtieron del peligro, de manera milagrosa y despu\u00e9s intervinieron&hellip;<!-- AddThis Advanced Settings generic via filter on get_the_excerpt --><!-- AddThis Share Buttons generic via filter on get_the_excerpt --><\/p>\n","protected":false},"featured_media":11239,"template":"","meta":[],"product_cat":[13],"product_tag":[129,807],"_links":{"self":[{"href":"https:\/\/www.bazarmerlin.com\/inicio\/wp-json\/wp\/v2\/product\/1283"}],"collection":[{"href":"https:\/\/www.bazarmerlin.com\/inicio\/wp-json\/wp\/v2\/product"}],"about":[{"href":"https:\/\/www.bazarmerlin.com\/inicio\/wp-json\/wp\/v2\/types\/product"}],"wp:featuredmedia":[{"embeddable":true,"href":"https:\/\/www.bazarmerlin.com\/inicio\/wp-json\/wp\/v2\/media\/11239"}],"wp:attachment":[{"href":"https:\/\/www.bazarmerlin.com\/inicio\/wp-json\/wp\/v2\/media?parent=1283"}],"wp:term":[{"taxonomy":"product_cat","embeddable":true,"href":"https:\/\/www.bazarmerlin.com\/inicio\/wp-json\/wp\/v2\/product_cat?post=1283"},{"taxonomy":"product_tag","embeddable":true,"href":"https:\/\/www.bazarmerlin.com\/inicio\/wp-json\/wp\/v2\/product_tag?post=1283"}],"curies":[{"name":"wp","href":"https:\/\/api.w.org\/{rel}","templated":true}]}}