{"id":1287,"date":"2015-07-11T17:41:28","date_gmt":"2015-07-11T17:41:28","guid":{"rendered":"https:\/\/www.bazarmerlin.com\/inicio\/?post_type=product&#038;p=1287"},"modified":"2022-12-21T00:56:42","modified_gmt":"2022-12-21T00:56:42","slug":"mensaje-de-los-angeles-doreen-virtue","status":"publish","type":"product","link":"https:\/\/www.bazarmerlin.com\/inicio\/producto\/mensaje-de-los-angeles-doreen-virtue\/","title":{"rendered":"Libro Mensaje De Los \u00c1ngeles &#8211; Doreen Virtue"},"content":{"rendered":"<p><strong>LIBRO MENSAJE DE LOS \u00c1NGELES &#8211; DOREEN VIRTUE<\/strong><\/p>\n<p>&nbsp;<\/p>\n<p>Incre\u00edbles lecturas atinadas con \u00e1ngeles para encontrar tu misi\u00f3n en la vida. Cada carta con una pintura y un mensaje. Esta gu\u00eda de instrucciones y las 44 cartas del Or\u00e1culo est\u00e1 cargada de la energ\u00eda de la luz y del amor divinos, y ten la certeza de que es sorprendentemente precisa. Cada carta incluye la imagen de un precioso \u00e1ngel, que te aporta un mensaje especial.<\/p>\n<p>Todas las cartas te permitir\u00e1n realizar una lectura extraordinariamente fiel tanto para ti como para otras personas.<\/p>\n<p>Os ayudar\u00e1n a conocer cu\u00e1l es el prop\u00f3sito de vuestras vidas, a saber si ten\u00e9is o no un alma gemela, a qu\u00e9 hacer con vuestra situaci\u00f3n laboral y otras cuestiones importantes de la vida. Doreen Virtue ha basado estas cartas en sus propias lecturas de los \u00e1ngeles, usando las preguntas m\u00e1s frecuentes y las respuestas ang\u00e9licas para crear una baraja definitiva tanto para principiantes como para personas experimentadas.<\/p>\n<p>&nbsp;<\/p>\n<p>&nbsp;<\/p>\n<p><strong>BAZAR MERL\u00cdN\u00ae<\/strong><br \/>\n<strong>El Lugar M\u00e1s M\u00edstico de Guadalajara<\/strong><br \/>\n<strong>ENVIAMOS A TODO M\u00c9XICO<\/strong><\/p>\n<!-- AddThis Advanced Settings generic via filter on the_content --><!-- AddThis Share Buttons generic via filter on the_content -->","protected":false},"excerpt":{"rendered":"<p>LIBRO MENSAJE DE LOS \u00c1NGELES &#8211; DOREEN VIRTUE &nbsp; Incre\u00edbles lecturas atinadas con \u00e1ngeles para encontrar tu misi\u00f3n en la vida. Cada carta con una pintura y un mensaje. Esta gu\u00eda de instrucciones y las 44 cartas del Or\u00e1culo est\u00e1 cargada de la energ\u00eda de la luz y del amor divinos, y ten la certeza&hellip;<!-- AddThis Advanced Settings generic via filter on get_the_excerpt --><!-- AddThis Share Buttons generic via filter on get_the_excerpt --><\/p>\n","protected":false},"featured_media":11203,"template":"","meta":[],"product_cat":[13],"product_tag":[129,808],"_links":{"self":[{"href":"https:\/\/www.bazarmerlin.com\/inicio\/wp-json\/wp\/v2\/product\/1287"}],"collection":[{"href":"https:\/\/www.bazarmerlin.com\/inicio\/wp-json\/wp\/v2\/product"}],"about":[{"href":"https:\/\/www.bazarmerlin.com\/inicio\/wp-json\/wp\/v2\/types\/product"}],"wp:featuredmedia":[{"embeddable":true,"href":"https:\/\/www.bazarmerlin.com\/inicio\/wp-json\/wp\/v2\/media\/11203"}],"wp:attachment":[{"href":"https:\/\/www.bazarmerlin.com\/inicio\/wp-json\/wp\/v2\/media?parent=1287"}],"wp:term":[{"taxonomy":"product_cat","embeddable":true,"href":"https:\/\/www.bazarmerlin.com\/inicio\/wp-json\/wp\/v2\/product_cat?post=1287"},{"taxonomy":"product_tag","embeddable":true,"href":"https:\/\/www.bazarmerlin.com\/inicio\/wp-json\/wp\/v2\/product_tag?post=1287"}],"curies":[{"name":"wp","href":"https:\/\/api.w.org\/{rel}","templated":true}]}}