{"id":1294,"date":"2015-07-14T22:12:37","date_gmt":"2015-07-14T22:12:37","guid":{"rendered":"https:\/\/www.bazarmerlin.com\/inicio\/?post_type=product&#038;p=1294"},"modified":"2025-10-06T23:15:01","modified_gmt":"2025-10-06T23:15:01","slug":"oraculo-terapia-angelical-doreen-virtue-44-cartas-y-manual","status":"publish","type":"product","link":"https:\/\/www.bazarmerlin.com\/inicio\/producto\/oraculo-terapia-angelical-doreen-virtue-44-cartas-y-manual\/","title":{"rendered":"Cartas Or\u00e1culo De Las Vidas Pasadas &#8211; 44 Cartas Y Libro"},"content":{"rendered":"<div style=\"text-align: center;\">\n<div style=\"text-align: center;\">\n<div style=\"text-align: left;\"><strong>CARTAS OR\u00c1CULO VIDAS PASADAS.<\/strong><br \/>\n<strong>(LIBRO Y 44 CARTAS)<\/strong><\/div>\n<div><\/div>\n<div style=\"text-align: left;\">\n<p>Autor: Brian L. Weiss<\/p>\n<p>\u00bfQui\u00e9n eras en una vida pasada?<\/p>\n<p>Tu alma eterna ha vivido otras vidas que afectan tu carrera profesional, tus relaciones, tu familia e incluso las lecciones que aprendes de la vida. Brian L. Weiss para crear una herramienta sencilla, segura y agradable con la que podr\u00e1s desentra\u00f1ar los mensajes relacionados con tus vidas anteriores. En la gu\u00eda que acompa\u00f1a a las cartas encontrar\u00e1s las claves para comprender tus propios comportamientos y aprender\u00e1s a superar tus bloqueos negativos para disfrutar de m\u00e1s felicidad, bienestar y amor.<\/p>\n<p>ORACULO DE VIDAS PASADAS.<br \/>\n44 CARTAS Y LIBRO<\/p>\n<p>&nbsp;<\/p>\n<p><strong>BAZAR MERLIN<\/strong><br \/>\n<strong>El Lugar M\u00e1s M\u00edstico de Guadalajara<\/strong><br \/>\n<strong>ENVIAMOS A TODO M\u00c9XICO&#8230;<\/strong><\/p>\n<\/div>\n<\/div>\n<\/div>\n<p>&nbsp;<\/p>\n<!-- AddThis Advanced Settings generic via filter on the_content --><!-- AddThis Share Buttons generic via filter on the_content -->","protected":false},"excerpt":{"rendered":"<p>CARTAS OR\u00c1CULO VIDAS PASADAS. (LIBRO Y 44 CARTAS) Autor: Brian L. Weiss \u00bfQui\u00e9n eras en una vida pasada? Tu alma eterna ha vivido otras vidas que afectan tu carrera profesional, tus relaciones, tu familia e incluso las lecciones que aprendes de la vida. Brian L. Weiss para crear una herramienta sencilla, segura y agradable con&hellip;<!-- AddThis Advanced Settings generic via filter on get_the_excerpt --><!-- AddThis Share Buttons generic via filter on get_the_excerpt --><\/p>\n","protected":false},"featured_media":8294,"template":"","meta":[],"product_cat":[15],"product_tag":[811],"_links":{"self":[{"href":"https:\/\/www.bazarmerlin.com\/inicio\/wp-json\/wp\/v2\/product\/1294"}],"collection":[{"href":"https:\/\/www.bazarmerlin.com\/inicio\/wp-json\/wp\/v2\/product"}],"about":[{"href":"https:\/\/www.bazarmerlin.com\/inicio\/wp-json\/wp\/v2\/types\/product"}],"wp:featuredmedia":[{"embeddable":true,"href":"https:\/\/www.bazarmerlin.com\/inicio\/wp-json\/wp\/v2\/media\/8294"}],"wp:attachment":[{"href":"https:\/\/www.bazarmerlin.com\/inicio\/wp-json\/wp\/v2\/media?parent=1294"}],"wp:term":[{"taxonomy":"product_cat","embeddable":true,"href":"https:\/\/www.bazarmerlin.com\/inicio\/wp-json\/wp\/v2\/product_cat?post=1294"},{"taxonomy":"product_tag","embeddable":true,"href":"https:\/\/www.bazarmerlin.com\/inicio\/wp-json\/wp\/v2\/product_tag?post=1294"}],"curies":[{"name":"wp","href":"https:\/\/api.w.org\/{rel}","templated":true}]}}