{"id":1314,"date":"2015-07-13T21:53:10","date_gmt":"2015-07-13T21:53:10","guid":{"rendered":"https:\/\/www.bazarmerlin.com\/inicio\/?post_type=product&#038;p=1314"},"modified":"2022-10-03T22:48:49","modified_gmt":"2022-10-03T22:48:49","slug":"jabon-de-coco-eleggua-quita-bloqueos-y-mala-suerte","status":"publish","type":"product","link":"https:\/\/www.bazarmerlin.com\/inicio\/producto\/jabon-de-coco-eleggua-quita-bloqueos-y-mala-suerte\/","title":{"rendered":"Jab\u00f3n De Coco Eleggua \/ Quita Bloqueos Y Mala Suerte"},"content":{"rendered":"<div style=\"text-align: center;\">\n<div style=\"text-align: center;\">\n<div style=\"text-align: left;\">\n<p><strong>PODEROSO JAB\u00d3N COCO ELEGGUA\u00a0<\/strong><\/p>\n<p>DESBLOQUEA DE FORMA R\u00c1PIDA Y INMEDIATA.<\/p>\n<p>&nbsp;<\/p>\n<p>\u00bfLA MALA SUERTE TE PERSIGUE?<br \/>\n\u00bfTE VA MAL ECON\u00d3MICAMENTE?<br \/>\n\u00bfHAY FRACASO EN EL AMOR?<br \/>\n\u00bfO PLEITOS SEGUIDOS CON TU PAREJA?<\/p>\n<p>\u00a1CORTA DE TAJO TODA ESA MALA SUERTE!<\/p>\n<p>Los Jabones Esot\u00e9ricos son preparados con productos, esencias y extractos especiales. Cuando tienes un problema que crees de dificil soluci\u00f3n es bueno recurrir a los rituales de magia, estos siempre nos ayudan a lograr exitosa mente los objetivos que queremos conseguir.<\/p>\n<p>Las limpiezas o rituales con jabones sirven para uso diario tanto del cuerpo como de las manos y toda tu energ\u00eda c\u00f3smica y aurica equilibrando tus chakras para as\u00ed cambiar de forma inmediata tu suerte. Su fabricaci\u00f3n y su composici\u00f3n son de forma 100% artesanal por lo que llevan la esencia y extracto natural para equilibrar tu energ\u00eda, en algunos jabones hierbas en su interior.<\/p>\n<p>Este poderoso jab\u00f3n te ayudar\u00e1 a alejar esa mala vibra que traes contigo en AMOR, DINERO Y SALUD Logrando equilibrarte y quitando todo da\u00f1o de tu energ\u00eda \u00e1urica o tu persona.<\/p>\n<p>\u00a1PARA QUE LOGRES TODAS TUS METAS CON \u00c9XITO DE FORMA R\u00c1PIDA!<\/p>\n<p>\u00a1\u00daSALO TODOS LOS D\u00cdAS Y DILE ADI\u00d3S A LA MALA SUERTE!<\/p>\n<\/div>\n<\/div>\n<\/div>\n<p>&nbsp;<\/p>\n<p>&nbsp;<\/p>\n<div style=\"text-align: center;\">\n<div style=\"text-align: center;\">\n<div style=\"text-align: left;\">\n<p><strong>BAZAR\u00a0<\/strong><b>MERL\u00cdN<\/b><br \/>\n<strong>El Lugar M\u00e1s M\u00edstico de Guadalajara<\/strong><br \/>\n<strong>ENVIAMOS A TODO M\u00c9XICO&#8230;<\/strong><\/p>\n<\/div>\n<\/div>\n<\/div>\n<p>&nbsp;<\/p>\n<!-- AddThis Advanced Settings generic via filter on the_content --><!-- AddThis Share Buttons generic via filter on the_content -->","protected":false},"excerpt":{"rendered":"<p>PODEROSO JAB\u00d3N COCO ELEGGUA\u00a0 DESBLOQUEA DE FORMA R\u00c1PIDA Y INMEDIATA. &nbsp; \u00bfLA MALA SUERTE TE PERSIGUE? \u00bfTE VA MAL ECON\u00d3MICAMENTE? \u00bfHAY FRACASO EN EL AMOR? \u00bfO PLEITOS SEGUIDOS CON TU PAREJA? \u00a1CORTA DE TAJO TODA ESA MALA SUERTE! Los Jabones Esot\u00e9ricos son preparados con productos, esencias y extractos especiales. Cuando tienes un problema que crees&hellip;<!-- AddThis Advanced Settings generic via filter on get_the_excerpt --><!-- AddThis Share Buttons generic via filter on get_the_excerpt --><\/p>\n","protected":false},"featured_media":10232,"template":"","meta":[],"product_cat":[14],"product_tag":[816,817],"_links":{"self":[{"href":"https:\/\/www.bazarmerlin.com\/inicio\/wp-json\/wp\/v2\/product\/1314"}],"collection":[{"href":"https:\/\/www.bazarmerlin.com\/inicio\/wp-json\/wp\/v2\/product"}],"about":[{"href":"https:\/\/www.bazarmerlin.com\/inicio\/wp-json\/wp\/v2\/types\/product"}],"wp:featuredmedia":[{"embeddable":true,"href":"https:\/\/www.bazarmerlin.com\/inicio\/wp-json\/wp\/v2\/media\/10232"}],"wp:attachment":[{"href":"https:\/\/www.bazarmerlin.com\/inicio\/wp-json\/wp\/v2\/media?parent=1314"}],"wp:term":[{"taxonomy":"product_cat","embeddable":true,"href":"https:\/\/www.bazarmerlin.com\/inicio\/wp-json\/wp\/v2\/product_cat?post=1314"},{"taxonomy":"product_tag","embeddable":true,"href":"https:\/\/www.bazarmerlin.com\/inicio\/wp-json\/wp\/v2\/product_tag?post=1314"}],"curies":[{"name":"wp","href":"https:\/\/api.w.org\/{rel}","templated":true}]}}