{"id":1316,"date":"2015-07-13T21:55:50","date_gmt":"2015-07-13T21:55:50","guid":{"rendered":"https:\/\/www.bazarmerlin.com\/inicio\/?post_type=product&#038;p=1316"},"modified":"2022-10-13T20:55:48","modified_gmt":"2022-10-13T20:55:48","slug":"polvo-odio-para-bloquear-y-hechar-mal-de-ojo","status":"publish","type":"product","link":"https:\/\/www.bazarmerlin.com\/inicio\/producto\/polvo-odio-para-bloquear-y-hechar-mal-de-ojo\/","title":{"rendered":"Polvo Odio &#8211; Para Bloquear Y Hechar Mal De Ojo"},"content":{"rendered":"<p><strong>POLVO ODIO<\/strong><\/p>\n<p>&nbsp;<\/p>\n<p>Este polvo especial esta preparado especialmente para conseguir bloquear y echar mal de ojo a la persona que odias.<\/p>\n<p>Los polvos de odio, como su nombre indica, se emplean en aquellas situaciones que por los motivos que sean, es necesario hacer que dos personas &#8211; o situaciones &#8211; se alejen. Una rival, amigos envidiosos, personas negativas&#8230; son muchas las ocasiones en que, por defender lo que es nuestro, no tenemos m\u00e1s remedio que actuar.<\/p>\n<p>En estos casos limite, estos son los polvos adecuados, usados conjuntamente con velas, velones, aceites y extractos dentro del cuadro de trabajos y rituales para esta finalidad.<\/p>\n<p>En el caso de trabajos de este tipo, es imperativo tomar ba\u00f1os de descarga para antes y despu\u00e9s, as\u00ed como limpiar despu\u00e9s la casa, o al menos la habitaci\u00f3n donde se ha desarrollado el ritual, con riego destructor o similar, a fin de asegurarnos que ninguna de las energ\u00edas que hemos movido, quedar\u00e1 pegada a nosotros.<\/p>\n<p>&nbsp;<\/p>\n<p>&nbsp;<\/p>\n<p><strong>BAZAR MERL\u00cdN<\/strong><br \/>\n<strong>El Lugar M\u00e1s M\u00edstico de Guadalajara<\/strong><br \/>\n<strong>ENVIAMOS A TODO M\u00c9XICO&#8230;<\/strong><\/p>\n<!-- AddThis Advanced Settings generic via filter on the_content --><!-- AddThis Share Buttons generic via filter on the_content -->","protected":false},"excerpt":{"rendered":"<p>POLVO ODIO &nbsp; Este polvo especial esta preparado especialmente para conseguir bloquear y echar mal de ojo a la persona que odias. Los polvos de odio, como su nombre indica, se emplean en aquellas situaciones que por los motivos que sean, es necesario hacer que dos personas &#8211; o situaciones &#8211; se alejen. Una rival,&hellip;<!-- AddThis Advanced Settings generic via filter on get_the_excerpt --><!-- AddThis Share Buttons generic via filter on get_the_excerpt --><\/p>\n","protected":false},"featured_media":10329,"template":"","meta":[],"product_cat":[14],"product_tag":[819,818],"_links":{"self":[{"href":"https:\/\/www.bazarmerlin.com\/inicio\/wp-json\/wp\/v2\/product\/1316"}],"collection":[{"href":"https:\/\/www.bazarmerlin.com\/inicio\/wp-json\/wp\/v2\/product"}],"about":[{"href":"https:\/\/www.bazarmerlin.com\/inicio\/wp-json\/wp\/v2\/types\/product"}],"wp:featuredmedia":[{"embeddable":true,"href":"https:\/\/www.bazarmerlin.com\/inicio\/wp-json\/wp\/v2\/media\/10329"}],"wp:attachment":[{"href":"https:\/\/www.bazarmerlin.com\/inicio\/wp-json\/wp\/v2\/media?parent=1316"}],"wp:term":[{"taxonomy":"product_cat","embeddable":true,"href":"https:\/\/www.bazarmerlin.com\/inicio\/wp-json\/wp\/v2\/product_cat?post=1316"},{"taxonomy":"product_tag","embeddable":true,"href":"https:\/\/www.bazarmerlin.com\/inicio\/wp-json\/wp\/v2\/product_tag?post=1316"}],"curies":[{"name":"wp","href":"https:\/\/api.w.org\/{rel}","templated":true}]}}