{"id":1324,"date":"2015-07-13T22:14:27","date_gmt":"2015-07-13T22:14:27","guid":{"rendered":"https:\/\/www.bazarmerlin.com\/inicio\/?post_type=product&#038;p=1324"},"modified":"2022-10-17T21:52:11","modified_gmt":"2022-10-17T21:52:11","slug":"wind-chime-modelo-catedral-para-armonizar","status":"publish","type":"product","link":"https:\/\/www.bazarmerlin.com\/inicio\/producto\/wind-chime-modelo-catedral-para-armonizar\/","title":{"rendered":"Wind Chime Modelo Catedral Para Armonizar"},"content":{"rendered":"<p><strong>WIND CHIME CATEDRAL DE 1.10 MT **<\/strong><br \/>\n<strong>MEDIDA DEL WIND CHIME ES DE 1.10 MT (De la madera superior a madera inferior)<\/strong><\/p>\n<p>&nbsp;<\/p>\n<p>Es un artefacto que produce sonidos o frecuencias que nos ayuda a ROMPER o QUITAR toda MALA ENERG\u00cdA, DA\u00d1O o BRUJER\u00cdA en casa o negocio y las notas que produce son capaces de atraer seres de luz hac\u00eda nosotros que nos dar\u00e1n:<\/p>\n<p>ARMON\u00cdA, TRANQUILIDAD Y QUITAR\u00c1N ENVIDIAS para que todos est\u00e9n en armon\u00eda y llegue la luz a nuestra vida.<\/p>\n<p>NUESTRAS CAMPANAS DE VIENTO SON HECHAS UNA POR UNA, ARMONIZANDO CADA TUBO Y SU SONIDO<\/p>\n<p>El wind chime producir\u00e1 una energ\u00eda sonora circular que resulta sumamente protectora y curativa.<br \/>\nEl wind chime (campana de viento) puede tener un efecto sanador en la mente y en el cuerpo. La resonancia y la vibraci\u00f3n del sonido libera el stress y el bloqueo emocional en el cuerpo, y calma la mente, expandiendo el conocimiento consciente y la conexi\u00f3n con el esp\u00edritu. Los sonidos positivos del wind chime promueven la relajaci\u00f3n, reducen el enojo y la tensi\u00f3n. Se cree que el wind chime ayuda a fortalecer la conexi\u00f3n mente\/cuerpo\/esp\u00edritu, dejando una sensaci\u00f3n de paz. Tambi\u00e9n se dice que puede proporcionar balance y armon\u00eda a nuestro jard\u00edn y nuestra casa, y son especialmente recomendados por expertos en feng shui.<\/p>\n<p>TAMBIEN SE RECOMIENDA PARA ROMPER O QUITAR TODA MALA ENERG\u00cdA, DA\u00d1O O BRUJER\u00cdA.<\/p>\n<p>MEDIDA DEL WIND CHIME CATEDRAL ES DE 1.10 MT (De la madera superior a madera inferior)<\/p>\n<p>&nbsp;<\/p>\n<p>&nbsp;<\/p>\n<p><strong>BAZAR MERL\u00cdN<\/strong><br \/>\n<strong>El Lugar M\u00e1s M\u00edstico de Guadalajara<\/strong><br \/>\n<strong>ENVIAMOS A TODO M\u00c9XICO&#8230;<\/strong><\/p>\n<!-- AddThis Advanced Settings generic via filter on the_content --><!-- AddThis Share Buttons generic via filter on the_content -->","protected":false},"excerpt":{"rendered":"<p>WIND CHIME CATEDRAL DE 1.10 MT ** MEDIDA DEL WIND CHIME ES DE 1.10 MT (De la madera superior a madera inferior) &nbsp; Es un artefacto que produce sonidos o frecuencias que nos ayuda a ROMPER o QUITAR toda MALA ENERG\u00cdA, DA\u00d1O o BRUJER\u00cdA en casa o negocio y las notas que produce son capaces&hellip;<!-- AddThis Advanced Settings generic via filter on get_the_excerpt --><!-- AddThis Share Buttons generic via filter on get_the_excerpt --><\/p>\n","protected":false},"featured_media":10380,"template":"","meta":[],"product_cat":[14],"product_tag":[825],"_links":{"self":[{"href":"https:\/\/www.bazarmerlin.com\/inicio\/wp-json\/wp\/v2\/product\/1324"}],"collection":[{"href":"https:\/\/www.bazarmerlin.com\/inicio\/wp-json\/wp\/v2\/product"}],"about":[{"href":"https:\/\/www.bazarmerlin.com\/inicio\/wp-json\/wp\/v2\/types\/product"}],"wp:featuredmedia":[{"embeddable":true,"href":"https:\/\/www.bazarmerlin.com\/inicio\/wp-json\/wp\/v2\/media\/10380"}],"wp:attachment":[{"href":"https:\/\/www.bazarmerlin.com\/inicio\/wp-json\/wp\/v2\/media?parent=1324"}],"wp:term":[{"taxonomy":"product_cat","embeddable":true,"href":"https:\/\/www.bazarmerlin.com\/inicio\/wp-json\/wp\/v2\/product_cat?post=1324"},{"taxonomy":"product_tag","embeddable":true,"href":"https:\/\/www.bazarmerlin.com\/inicio\/wp-json\/wp\/v2\/product_tag?post=1324"}],"curies":[{"name":"wp","href":"https:\/\/api.w.org\/{rel}","templated":true}]}}