{"id":133,"date":"2015-06-19T22:16:12","date_gmt":"2015-06-19T22:16:12","guid":{"rendered":"https:\/\/www.bazarmerlin.com\/inicio\/?post_type=product&#038;p=133"},"modified":"2022-12-07T22:03:03","modified_gmt":"2022-12-07T22:03:03","slug":"133","status":"publish","type":"product","link":"https:\/\/www.bazarmerlin.com\/inicio\/producto\/133\/","title":{"rendered":"Loci\u00f3n Rtn &#8211; Retira Trabajos Negros En Tu Persona"},"content":{"rendered":"<h3><strong>PODEROSA LOCI\u00d3N RTN<\/strong><\/h3>\n<p><strong>Retira Trabajo Negro Y Toda Brujer\u00eda<\/strong><\/p>\n<p>&nbsp;<\/p>\n<p>PODEROSA LOCI\u00d3N RTN, QUITA TODO TIPO DE TRABAJO DE BRUJER\u00cdA Y HECHICER\u00cdA.<\/p>\n<p>LOCI\u00d3N RTN El aroma de este poderoso perfume, fuerte y exquisito. Elaborado con extracto 100% natural y concentrado de la india. Exquisito aroma duradero, usado por hombres y mujeres que cambie su vida a \u00e9xito por el poder y magnetismo de la esencia.<\/p>\n<p>Te ayudar\u00e1 a quitar todo tipo de trabajo de magia negra como brujer\u00eda, por su calidad y preparaci\u00f3n la puedes usar en tu cuerpo, en tu ropa, en tu casa o negocio para equilibrar tu energ\u00eda y campo \u00e1urico debida a su exquisita reparaci\u00f3n santera, apl\u00edcala con mucha fe y tu vida cambiar\u00e1 de una vez por todo.<\/p>\n<p>Este poderosa loci\u00f3n est\u00e1 elaborado totalmente a mano y preparado especialmente para ti bajo un ritual muy poderoso de activaci\u00f3n y de verdadera alta magia.<\/p>\n<p>&nbsp;<\/p>\n<p>&nbsp;<\/p>\n<p><strong>BAZAR MERL\u00cdN<\/strong><br \/>\n<strong>El Lugar M\u00e1s M\u00edstico de Guadalajara<\/strong><br \/>\n<strong>ENVIAMOS A TODO M\u00c9XICO<\/strong><\/p>\n<!-- AddThis Advanced Settings generic via filter on the_content --><!-- AddThis Share Buttons generic via filter on the_content -->","protected":false},"excerpt":{"rendered":"<p>PODEROSA LOCI\u00d3N RTN Retira Trabajo Negro Y Toda Brujer\u00eda &nbsp; PODEROSA LOCI\u00d3N RTN, QUITA TODO TIPO DE TRABAJO DE BRUJER\u00cdA Y HECHICER\u00cdA. LOCI\u00d3N RTN El aroma de este poderoso perfume, fuerte y exquisito. Elaborado con extracto 100% natural y concentrado de la india. Exquisito aroma duradero, usado por hombres y mujeres que cambie su vida&hellip;<!-- AddThis Advanced Settings generic via filter on get_the_excerpt --><!-- AddThis Share Buttons generic via filter on get_the_excerpt --><\/p>\n","protected":false},"featured_media":10997,"template":"","meta":[],"product_cat":[20],"product_tag":[425,426],"_links":{"self":[{"href":"https:\/\/www.bazarmerlin.com\/inicio\/wp-json\/wp\/v2\/product\/133"}],"collection":[{"href":"https:\/\/www.bazarmerlin.com\/inicio\/wp-json\/wp\/v2\/product"}],"about":[{"href":"https:\/\/www.bazarmerlin.com\/inicio\/wp-json\/wp\/v2\/types\/product"}],"wp:featuredmedia":[{"embeddable":true,"href":"https:\/\/www.bazarmerlin.com\/inicio\/wp-json\/wp\/v2\/media\/10997"}],"wp:attachment":[{"href":"https:\/\/www.bazarmerlin.com\/inicio\/wp-json\/wp\/v2\/media?parent=133"}],"wp:term":[{"taxonomy":"product_cat","embeddable":true,"href":"https:\/\/www.bazarmerlin.com\/inicio\/wp-json\/wp\/v2\/product_cat?post=133"},{"taxonomy":"product_tag","embeddable":true,"href":"https:\/\/www.bazarmerlin.com\/inicio\/wp-json\/wp\/v2\/product_tag?post=133"}],"curies":[{"name":"wp","href":"https:\/\/api.w.org\/{rel}","templated":true}]}}