{"id":1352,"date":"2015-07-13T23:01:12","date_gmt":"2015-07-13T23:01:12","guid":{"rendered":"https:\/\/www.bazarmerlin.com\/inicio\/?post_type=product&#038;p=1352"},"modified":"2023-08-19T00:52:07","modified_gmt":"2023-08-19T00:52:07","slug":"esencia-doble-suerte-logra-amor-triunfo-y-exito","status":"publish","type":"product","link":"https:\/\/www.bazarmerlin.com\/inicio\/producto\/esencia-doble-suerte-logra-amor-triunfo-y-exito\/","title":{"rendered":"Esencia Doble Suerte \/ Logra Amor, Triunfo Y \u00c9xito"},"content":{"rendered":"<div style=\"text-align: center;\">\n<div style=\"text-align: center;\">\n<div style=\"text-align: left;\"><strong>PODEROSA ESENCIA DOBLE SUERTE<\/strong><br \/>\n<em><strong>-Para quitar BLOQUEOS Y LOGRAR AMOR, TRIUNFO Y \u00c9XITO-<\/strong><\/em><\/div>\n<\/div>\n<div><\/div>\n<div style=\"text-align: center;\">\n<div style=\"text-align: left;\">\n<p>Esta PODEROSA ESENCIA logra desbloquear todo Da\u00f1o que se encuentre en tu persona, as\u00ed tu energ\u00eda estar\u00e1 bien equilibrada y por l\u00f3gica aumentara tu BUENA SUERTE.<\/p>\n<p>*Al utilizarla podr\u00e1s alcanzar tus PRINCIPALES METAS Y OBJETIVOS de la manera m\u00e1s f\u00e1cil.*<\/p>\n<p>\u00bfSABES POR QUE?<br \/>\nPorque esta maravillosa esencia esta preparada con ESENCIAS MUY PODEROSAS, tiene el poder y el magnetismo de atraer a quien lo use: AMOR, DINERO, SALUD, Uni\u00f3n en el Hogar, Uni\u00f3n de Novios, Paz, Tranquilidad, Suerte y Prosperidad en todo negocio que emprenda.<\/p>\n<p>Modo de uso:<br \/>\nFr\u00f3tese suavemente sobre el cuerpo.<br \/>\nSe puede repetir la oraci\u00f3n o frase preferida.<\/p>\n<p>&nbsp;<\/p>\n<\/div>\n<div><\/div>\n<div style=\"text-align: left;\">\n<p><strong>BAZAR\u00a0<\/strong><b>MERL\u00cdN<\/b><br \/>\n<strong>El Lugar M\u00e1s M\u00edstico de Guadalajara<\/strong><br \/>\n<strong>ENVIAMOS A TODO\u00a0<\/strong><span style=\"text-align: center;\"><b>M\u00c9XICO&#8230;<\/b><\/span><\/p>\n<\/div>\n<\/div>\n<\/div>\n<!-- AddThis Advanced Settings generic via filter on the_content --><!-- AddThis Share Buttons generic via filter on the_content -->","protected":false},"excerpt":{"rendered":"<p>PODEROSA ESENCIA DOBLE SUERTE -Para quitar BLOQUEOS Y LOGRAR AMOR, TRIUNFO Y \u00c9XITO- Esta PODEROSA ESENCIA logra desbloquear todo Da\u00f1o que se encuentre en tu persona, as\u00ed tu energ\u00eda estar\u00e1 bien equilibrada y por l\u00f3gica aumentara tu BUENA SUERTE. *Al utilizarla podr\u00e1s alcanzar tus PRINCIPALES METAS Y OBJETIVOS de la manera m\u00e1s f\u00e1cil.* \u00bfSABES POR&hellip;<!-- AddThis Advanced Settings generic via filter on get_the_excerpt --><!-- AddThis Share Buttons generic via filter on get_the_excerpt --><\/p>\n","protected":false},"featured_media":10201,"template":"","meta":[],"product_cat":[14],"product_tag":[839,840,841],"_links":{"self":[{"href":"https:\/\/www.bazarmerlin.com\/inicio\/wp-json\/wp\/v2\/product\/1352"}],"collection":[{"href":"https:\/\/www.bazarmerlin.com\/inicio\/wp-json\/wp\/v2\/product"}],"about":[{"href":"https:\/\/www.bazarmerlin.com\/inicio\/wp-json\/wp\/v2\/types\/product"}],"wp:featuredmedia":[{"embeddable":true,"href":"https:\/\/www.bazarmerlin.com\/inicio\/wp-json\/wp\/v2\/media\/10201"}],"wp:attachment":[{"href":"https:\/\/www.bazarmerlin.com\/inicio\/wp-json\/wp\/v2\/media?parent=1352"}],"wp:term":[{"taxonomy":"product_cat","embeddable":true,"href":"https:\/\/www.bazarmerlin.com\/inicio\/wp-json\/wp\/v2\/product_cat?post=1352"},{"taxonomy":"product_tag","embeddable":true,"href":"https:\/\/www.bazarmerlin.com\/inicio\/wp-json\/wp\/v2\/product_tag?post=1352"}],"curies":[{"name":"wp","href":"https:\/\/api.w.org\/{rel}","templated":true}]}}