{"id":1354,"date":"2015-07-13T23:04:07","date_gmt":"2015-07-13T23:04:07","guid":{"rendered":"https:\/\/www.bazarmerlin.com\/inicio\/?post_type=product&#038;p=1354"},"modified":"2023-08-19T00:52:07","modified_gmt":"2023-08-19T00:52:07","slug":"spray-arraza-brujeria-protegete-de-malas-vibras","status":"publish","type":"product","link":"https:\/\/www.bazarmerlin.com\/inicio\/producto\/spray-arraza-brujeria-protegete-de-malas-vibras\/","title":{"rendered":"Aerosol Arraza Brujer\u00eda &#8211; Vs Malas Vibra, Envidias Y Males"},"content":{"rendered":"<p><strong>AEROSOL ARRASA BRUJER\u00cdA<\/strong><\/p>\n<p>&nbsp;<\/p>\n<p>Utilice este spray para:<\/p>\n<p>Protegerse de las malas personas que lo envidian y librarse de brujer\u00ecas como hechizos que hubieran sido puestos en su contra.<\/p>\n<p>Este Poderoso Spray ARRASA BRUJER\u00cdA<\/p>\n<p>Esta hecho con ciertas esencias M\u00ecsticas que sirven para cortar &#8220;Trabajos Negros&#8221; o de Mag\u00eca.<\/p>\n<p>Ayudando a que la persona logre equilibrar su aura, para alcanzar: EXITO, PROTECCI\u00d3N Y ARMON\u00cdA EN TODO..<\/p>\n<p>&nbsp;<\/p>\n<p>&nbsp;<\/p>\n<p><strong>BAZAR MERLIN\u00ae<\/strong><br \/>\n<strong>El Lugar M\u00e1s M\u00edstico de Guadalajara<\/strong><br \/>\n<strong>ENVIAMOS A TODO M\u00c9XICO&#8230;<\/strong><\/p>\n<!-- AddThis Advanced Settings generic via filter on the_content --><!-- AddThis Share Buttons generic via filter on the_content -->","protected":false},"excerpt":{"rendered":"<p>AEROSOL ARRASA BRUJER\u00cdA &nbsp; Utilice este spray para: Protegerse de las malas personas que lo envidian y librarse de brujer\u00ecas como hechizos que hubieran sido puestos en su contra. Este Poderoso Spray ARRASA BRUJER\u00cdA Esta hecho con ciertas esencias M\u00ecsticas que sirven para cortar &#8220;Trabajos Negros&#8221; o de Mag\u00eca. Ayudando a que la persona logre&hellip;<!-- AddThis Advanced Settings generic via filter on get_the_excerpt --><!-- AddThis Share Buttons generic via filter on get_the_excerpt --><\/p>\n","protected":false},"featured_media":10132,"template":"","meta":[],"product_cat":[14],"product_tag":[842,844,843],"_links":{"self":[{"href":"https:\/\/www.bazarmerlin.com\/inicio\/wp-json\/wp\/v2\/product\/1354"}],"collection":[{"href":"https:\/\/www.bazarmerlin.com\/inicio\/wp-json\/wp\/v2\/product"}],"about":[{"href":"https:\/\/www.bazarmerlin.com\/inicio\/wp-json\/wp\/v2\/types\/product"}],"wp:featuredmedia":[{"embeddable":true,"href":"https:\/\/www.bazarmerlin.com\/inicio\/wp-json\/wp\/v2\/media\/10132"}],"wp:attachment":[{"href":"https:\/\/www.bazarmerlin.com\/inicio\/wp-json\/wp\/v2\/media?parent=1354"}],"wp:term":[{"taxonomy":"product_cat","embeddable":true,"href":"https:\/\/www.bazarmerlin.com\/inicio\/wp-json\/wp\/v2\/product_cat?post=1354"},{"taxonomy":"product_tag","embeddable":true,"href":"https:\/\/www.bazarmerlin.com\/inicio\/wp-json\/wp\/v2\/product_tag?post=1354"}],"curies":[{"name":"wp","href":"https:\/\/api.w.org\/{rel}","templated":true}]}}