{"id":1359,"date":"2015-07-13T23:08:43","date_gmt":"2015-07-13T23:08:43","guid":{"rendered":"https:\/\/www.bazarmerlin.com\/inicio\/?post_type=product&#038;p=1359"},"modified":"2023-08-19T00:52:07","modified_gmt":"2023-08-19T00:52:07","slug":"spray-llama-clientes-clientes-suerte-y-prosperidad","status":"publish","type":"product","link":"https:\/\/www.bazarmerlin.com\/inicio\/producto\/spray-llama-clientes-clientes-suerte-y-prosperidad\/","title":{"rendered":"Aerosol Llama Clientes &#8211; Abundancia Y Ventas"},"content":{"rendered":"<p><strong>PODEROSO SPRAY\u00a0 LLAMA\u00a0 CLIENTE<\/strong><\/p>\n<p>&nbsp;<\/p>\n<p>Utilice este spray para atraer clientes suerte y prosperidad en negocio o casa aplic\u00e1ndolo todos los d\u00edas<br \/>\nen la entrada de tu negocio y en la caja del dinero lograr\u00e1s que la abundancia y las oportunidades<br \/>\nlleguen mucho m\u00e1s f\u00e1cil.<\/p>\n<p>Atrae un flujo de ventas seguras estables y abundantes a tu negocio.<\/p>\n<p><em>**Oraci\u00f3n al momento de aplicarlo**<\/em><\/p>\n<p><em>Os ruego, oh esp\u00edritus celestes, potencias y deidades c\u00f3smicas que<\/em><br \/>\n<em>favoreisc\u00e1is con largueza a esta empresa, o negocio.<\/em><br \/>\n<em>Trayendo clientes, suerte y prosperidad, ruego en especial a la diosa abundancia, madre de las alegr\u00edas y de la<\/em><br \/>\n<em>opulencia, ayuda a la prosperidad de esta empresa.<\/em><\/p>\n<p>&nbsp;<\/p>\n<p><strong>BAZAR MERLIN\u00ae<\/strong><br \/>\n<strong>El Lugar M\u00e1s M\u00edstico de Guadalajara<\/strong><br \/>\n<strong>ENVIAMOS A TODO M\u00c9XICO&#8230;<\/strong><\/p>\n<!-- AddThis Advanced Settings generic via filter on the_content --><!-- AddThis Share Buttons generic via filter on the_content -->","protected":false},"excerpt":{"rendered":"<p>PODEROSO SPRAY\u00a0 LLAMA\u00a0 CLIENTE &nbsp; Utilice este spray para atraer clientes suerte y prosperidad en negocio o casa aplic\u00e1ndolo todos los d\u00edas en la entrada de tu negocio y en la caja del dinero lograr\u00e1s que la abundancia y las oportunidades lleguen mucho m\u00e1s f\u00e1cil. Atrae un flujo de ventas seguras estables y abundantes a&hellip;<!-- AddThis Advanced Settings generic via filter on get_the_excerpt --><!-- AddThis Share Buttons generic via filter on get_the_excerpt --><\/p>\n","protected":false},"featured_media":10133,"template":"","meta":[],"product_cat":[14],"product_tag":[848,847],"_links":{"self":[{"href":"https:\/\/www.bazarmerlin.com\/inicio\/wp-json\/wp\/v2\/product\/1359"}],"collection":[{"href":"https:\/\/www.bazarmerlin.com\/inicio\/wp-json\/wp\/v2\/product"}],"about":[{"href":"https:\/\/www.bazarmerlin.com\/inicio\/wp-json\/wp\/v2\/types\/product"}],"wp:featuredmedia":[{"embeddable":true,"href":"https:\/\/www.bazarmerlin.com\/inicio\/wp-json\/wp\/v2\/media\/10133"}],"wp:attachment":[{"href":"https:\/\/www.bazarmerlin.com\/inicio\/wp-json\/wp\/v2\/media?parent=1359"}],"wp:term":[{"taxonomy":"product_cat","embeddable":true,"href":"https:\/\/www.bazarmerlin.com\/inicio\/wp-json\/wp\/v2\/product_cat?post=1359"},{"taxonomy":"product_tag","embeddable":true,"href":"https:\/\/www.bazarmerlin.com\/inicio\/wp-json\/wp\/v2\/product_tag?post=1359"}],"curies":[{"name":"wp","href":"https:\/\/api.w.org\/{rel}","templated":true}]}}