{"id":1374,"date":"2015-07-13T23:27:14","date_gmt":"2015-07-13T23:27:14","guid":{"rendered":"https:\/\/www.bazarmerlin.com\/inicio\/?post_type=product&#038;p=1374"},"modified":"2022-10-14T22:29:18","modified_gmt":"2022-10-14T22:29:18","slug":"santa-muerte-en-figura-de-resina-para-rituales-y-trabajos","status":"publish","type":"product","link":"https:\/\/www.bazarmerlin.com\/inicio\/producto\/santa-muerte-en-figura-de-resina-para-rituales-y-trabajos\/","title":{"rendered":"Santa Muerte En Figura De Resina \/ Para Rituales Y Trabajos"},"content":{"rendered":"<p><strong>SANTA MUERTE EN RESINA 30 CMS DE ALTURA<\/strong><br \/>\n<strong>COLOR DORADA PARA LA ABUNDANCIA.<\/strong><\/p>\n<p>&nbsp;<\/p>\n<p>PARA: RITUALES, ORACIONES Y OFRENDAS DE ALTO PODER.<\/p>\n<p>FINAMENTE TERMINADOS PARA TRABAJOS DE MAGIA PARA SU ALTAR O PARA PEDIR QUE NOS AYUDE EN TODO LO QUE EMPRENDAMOS A CONSEGUIR TRABAJO, AMOR O DINERO.<\/p>\n<p>Se dice que cuando la SANTA MUERTE concede un favor se cobra con alguno de nuestros familiares; eso es totalmente falso, ya que por el contrario, protege de cualquier mal provocado por alg\u00fan trabajo de MAGIA NEGRA, HECHICER\u00cdA O ENFERMEDAD NATURAL.<\/p>\n<p>\u00bfQUE CASTIGA CUANDO NO LE RENDIMOS PENITENCIA?<\/p>\n<p>Eso tambi\u00e9n es una falsedad, ya que ella no trabaja as\u00ed, ella viene para ayudarnos, no para castigar a sus devotos. Aunque MUCHOS nunca la han visto con buenos ojos, cada d\u00eda que pasa la SANT\u00cdSIMA MUERTE tiene mas devotos y seguidores.<\/p>\n<p>Busquemos la manera de realizar acciones de poder utilizando velas, veladoras, b\u00e1lsamos, inciensos, hierbas y ofrendas para que todos los aspectos que tienen que ver con la SALUD, EL AMOR, EL TRABAJO, EL DINERO Y LA ARMON\u00cdA lleguen a nuestra vida de una manera natural, r\u00e1pida y compartida. conozcamos la forma de REALIZAR RITUALES para que se establezca conexi\u00f3n con esta entidad santa y as\u00ed obtengamos su gu\u00eda y protecci\u00f3n, siempre y cuando las pretensiones de nuestras intenciones, tengan como misi\u00f3n hacer el bien a los dem\u00e1s.<\/p>\n<p>Cuando elaboremos un ritual frente a ella, procuremos estar a solas, evitemos estar con otra persona, ya que con esto nos restar\u00e1 energ\u00eda y concentraci\u00f3n. Cuando recemos y hagamos nuestras peticiones, estas deber\u00e1n decirse con fe y firmeza nunca titubeemos de lo que estamos haciendo y diciendo.<\/p>\n<p>disponible en colores:<\/p>\n<p>*DORADA *BLANCA *ROJA *NEGRA *VERDE *AZUL<\/p>\n<p>ADEMAS SE TE ENTREGA DEBIDAMENTE RITUALIZADA PARA QUE LA EMPIECES A USAR DE FORMA INMEDIATA.<\/p>\n<p>SANTA MUERTE EN RESINA 30 CMS DE ALTURA<br \/>\nCOLOR DORADA PARA LA ABUNDANCIA.<\/p>\n<p>&nbsp;<\/p>\n<p>&nbsp;<\/p>\n<p><strong>BAZAR MERL\u00cdN<\/strong><br \/>\n<strong>El Lugar M\u00e1s M\u00edstico de Guadalajara<\/strong><br \/>\n<strong>ENVIAMOS A TODO M\u00c9XICO..<\/strong><\/p>\n<!-- AddThis Advanced Settings generic via filter on the_content --><!-- AddThis Share Buttons generic via filter on the_content -->","protected":false},"excerpt":{"rendered":"<p>SANTA MUERTE EN RESINA 30 CMS DE ALTURA COLOR DORADA PARA LA ABUNDANCIA. &nbsp; PARA: RITUALES, ORACIONES Y OFRENDAS DE ALTO PODER. FINAMENTE TERMINADOS PARA TRABAJOS DE MAGIA PARA SU ALTAR O PARA PEDIR QUE NOS AYUDE EN TODO LO QUE EMPRENDAMOS A CONSEGUIR TRABAJO, AMOR O DINERO. Se dice que cuando la SANTA MUERTE&hellip;<!-- AddThis Advanced Settings generic via filter on get_the_excerpt --><!-- AddThis Share Buttons generic via filter on get_the_excerpt --><\/p>\n","protected":false},"featured_media":10362,"template":"","meta":[],"product_cat":[14],"product_tag":[852,851],"_links":{"self":[{"href":"https:\/\/www.bazarmerlin.com\/inicio\/wp-json\/wp\/v2\/product\/1374"}],"collection":[{"href":"https:\/\/www.bazarmerlin.com\/inicio\/wp-json\/wp\/v2\/product"}],"about":[{"href":"https:\/\/www.bazarmerlin.com\/inicio\/wp-json\/wp\/v2\/types\/product"}],"wp:featuredmedia":[{"embeddable":true,"href":"https:\/\/www.bazarmerlin.com\/inicio\/wp-json\/wp\/v2\/media\/10362"}],"wp:attachment":[{"href":"https:\/\/www.bazarmerlin.com\/inicio\/wp-json\/wp\/v2\/media?parent=1374"}],"wp:term":[{"taxonomy":"product_cat","embeddable":true,"href":"https:\/\/www.bazarmerlin.com\/inicio\/wp-json\/wp\/v2\/product_cat?post=1374"},{"taxonomy":"product_tag","embeddable":true,"href":"https:\/\/www.bazarmerlin.com\/inicio\/wp-json\/wp\/v2\/product_tag?post=1374"}],"curies":[{"name":"wp","href":"https:\/\/api.w.org\/{rel}","templated":true}]}}