{"id":1376,"date":"2015-07-13T23:30:03","date_gmt":"2015-07-13T23:30:03","guid":{"rendered":"https:\/\/www.bazarmerlin.com\/inicio\/?post_type=product&#038;p=1376"},"modified":"2022-10-13T23:52:42","modified_gmt":"2022-10-13T23:52:42","slug":"sales-de-bano-para-el-amor-atrae-y-conserva-pareja","status":"publish","type":"product","link":"https:\/\/www.bazarmerlin.com\/inicio\/producto\/sales-de-bano-para-el-amor-atrae-y-conserva-pareja\/","title":{"rendered":"Sal De Ba\u00f1o Para El Amor \/ Atrae Y Conserva Pareja"},"content":{"rendered":"<p><strong>SALES DE AMOR PARA ATRAER Y CONSERVAR EL AMOR<\/strong><\/p>\n<p>&nbsp;<\/p>\n<p>Es un elemento que sirve para purificar y armonizar contiene fuerza para cortar da\u00f1os, hechizos, maldiciones, envidias o quitar bloqueos.<\/p>\n<p>Agregando estos elementos, esencias y conjuros, sirve para:<\/p>\n<p>Incrementar tu atracci\u00f3n vuelvete mas atrayente armoniza tu energ\u00eda, remueve resentimientos y sube tu autoestima, para que el amor venga a ti m\u00e1s f\u00e1cil modo de empleo: hervir las sal(1\/3 de este frasco aprox.) Junto con dos rosas y un pu\u00f1o de coco rayado.<\/p>\n<p>&nbsp;<\/p>\n<p>Viertalo en la tina o en su defecto uselo como aguade enjuague al final de un ba\u00f1o en regadera.<\/p>\n<p>&nbsp;<\/p>\n<p>&nbsp;<\/p>\n<p><strong>BAZAR MERL\u00cdN<\/strong><br \/>\n<strong>El Lugar M\u00e1s M\u00edstico de Guadalajara<\/strong><br \/>\n<strong>ENVIAMOS A TODO M\u00c9XICO&#8230;<\/strong><\/p>\n<!-- AddThis Advanced Settings generic via filter on the_content --><!-- AddThis Share Buttons generic via filter on the_content -->","protected":false},"excerpt":{"rendered":"<p>SALES DE AMOR PARA ATRAER Y CONSERVAR EL AMOR &nbsp; Es un elemento que sirve para purificar y armonizar contiene fuerza para cortar da\u00f1os, hechizos, maldiciones, envidias o quitar bloqueos. Agregando estos elementos, esencias y conjuros, sirve para: Incrementar tu atracci\u00f3n vuelvete mas atrayente armoniza tu energ\u00eda, remueve resentimientos y sube tu autoestima, para que&hellip;<!-- AddThis Advanced Settings generic via filter on get_the_excerpt --><!-- AddThis Share Buttons generic via filter on get_the_excerpt --><\/p>\n","protected":false},"featured_media":10352,"template":"","meta":[],"product_cat":[14],"product_tag":[854,853],"_links":{"self":[{"href":"https:\/\/www.bazarmerlin.com\/inicio\/wp-json\/wp\/v2\/product\/1376"}],"collection":[{"href":"https:\/\/www.bazarmerlin.com\/inicio\/wp-json\/wp\/v2\/product"}],"about":[{"href":"https:\/\/www.bazarmerlin.com\/inicio\/wp-json\/wp\/v2\/types\/product"}],"wp:featuredmedia":[{"embeddable":true,"href":"https:\/\/www.bazarmerlin.com\/inicio\/wp-json\/wp\/v2\/media\/10352"}],"wp:attachment":[{"href":"https:\/\/www.bazarmerlin.com\/inicio\/wp-json\/wp\/v2\/media?parent=1376"}],"wp:term":[{"taxonomy":"product_cat","embeddable":true,"href":"https:\/\/www.bazarmerlin.com\/inicio\/wp-json\/wp\/v2\/product_cat?post=1376"},{"taxonomy":"product_tag","embeddable":true,"href":"https:\/\/www.bazarmerlin.com\/inicio\/wp-json\/wp\/v2\/product_tag?post=1376"}],"curies":[{"name":"wp","href":"https:\/\/api.w.org\/{rel}","templated":true}]}}