{"id":1382,"date":"2015-07-13T23:40:32","date_gmt":"2015-07-13T23:40:32","guid":{"rendered":"https:\/\/www.bazarmerlin.com\/inicio\/?post_type=product&#038;p=1382"},"modified":"2022-10-14T21:13:39","modified_gmt":"2022-10-14T21:13:39","slug":"sales-de-bano-para-limpia-quita-hechizos-y-maldiciones","status":"publish","type":"product","link":"https:\/\/www.bazarmerlin.com\/inicio\/producto\/sales-de-bano-para-limpia-quita-hechizos-y-maldiciones\/","title":{"rendered":"Sal De Ba\u00f1o Para Limpia \/ Quita Hechizos Y Maldiciones"},"content":{"rendered":"<p><strong>BA\u00d1O DE SAL MARINA PARA LIMPIAS<\/strong><\/p>\n<p>&nbsp;<\/p>\n<p>Contiene escenc\u00edas para limpiar y energetizar el aura de las personas.<br \/>\nFavorecer\u00e1 que todo lo bueno que la vida quiera darnos venga a nosotros sin problemas y en grandes cantidades, adem\u00e1s favorece las buenas relaciones y una buena impresi\u00f3n de nosotros mismos a los dem\u00e1s.<\/p>\n<p>Tras una limpieza de aura notaremos un estado de paz y tranquilidad mucho mayor, nuestras energ\u00edas habr\u00e1n dejado de estar contaminadas y se encontrar\u00e1n en armon\u00eda: nuestro cuerpo, mente, emociones y esp\u00edritu.<\/p>\n<p>&nbsp;<\/p>\n<p>&nbsp;<\/p>\n<p><strong>BAZAR\u00a0<\/strong><b>MERL\u00cdN<\/b><br \/>\n<strong>El Lugar M\u00e1s M\u00edstico de Guadalajara<\/strong><br \/>\n<strong>ENVIAMOS A TODO M\u00c9XICO..<\/strong><\/p>\n<!-- AddThis Advanced Settings generic via filter on the_content --><!-- AddThis Share Buttons generic via filter on the_content -->","protected":false},"excerpt":{"rendered":"<p>BA\u00d1O DE SAL MARINA PARA LIMPIAS &nbsp; Contiene escenc\u00edas para limpiar y energetizar el aura de las personas. Favorecer\u00e1 que todo lo bueno que la vida quiera darnos venga a nosotros sin problemas y en grandes cantidades, adem\u00e1s favorece las buenas relaciones y una buena impresi\u00f3n de nosotros mismos a los dem\u00e1s. Tras una limpieza&hellip;<!-- AddThis Advanced Settings generic via filter on get_the_excerpt --><!-- AddThis Share Buttons generic via filter on get_the_excerpt --><\/p>\n","protected":false},"featured_media":10353,"template":"","meta":[],"product_cat":[14],"product_tag":[860,859],"_links":{"self":[{"href":"https:\/\/www.bazarmerlin.com\/inicio\/wp-json\/wp\/v2\/product\/1382"}],"collection":[{"href":"https:\/\/www.bazarmerlin.com\/inicio\/wp-json\/wp\/v2\/product"}],"about":[{"href":"https:\/\/www.bazarmerlin.com\/inicio\/wp-json\/wp\/v2\/types\/product"}],"wp:featuredmedia":[{"embeddable":true,"href":"https:\/\/www.bazarmerlin.com\/inicio\/wp-json\/wp\/v2\/media\/10353"}],"wp:attachment":[{"href":"https:\/\/www.bazarmerlin.com\/inicio\/wp-json\/wp\/v2\/media?parent=1382"}],"wp:term":[{"taxonomy":"product_cat","embeddable":true,"href":"https:\/\/www.bazarmerlin.com\/inicio\/wp-json\/wp\/v2\/product_cat?post=1382"},{"taxonomy":"product_tag","embeddable":true,"href":"https:\/\/www.bazarmerlin.com\/inicio\/wp-json\/wp\/v2\/product_tag?post=1382"}],"curies":[{"name":"wp","href":"https:\/\/api.w.org\/{rel}","templated":true}]}}