{"id":1384,"date":"2015-07-13T23:43:09","date_gmt":"2015-07-13T23:43:09","guid":{"rendered":"https:\/\/www.bazarmerlin.com\/inicio\/?post_type=product&#038;p=1384"},"modified":"2022-12-20T23:20:09","modified_gmt":"2022-12-20T23:20:09","slug":"libro-brujeria-hechizos-conjuros-y-encantamientos-de-tamara","status":"publish","type":"product","link":"https:\/\/www.bazarmerlin.com\/inicio\/producto\/libro-brujeria-hechizos-conjuros-y-encantamientos-de-tamara\/","title":{"rendered":"Libro Brujer\u00eda Hechizos Conjuros Y Encantamientos De Tamara"},"content":{"rendered":"<p><strong>BRUJER\u00cdA. HECHIZOS, CONJUROS Y ENCANTAMIENTOS<\/strong><\/p>\n<p>Tamara.<\/p>\n<p>Este libro, ofrece al lector una variada y sencilla selecci\u00f3n de f\u00f3rmulas, conjuros, hechizos y encantamientos, para lograr los m\u00e1s diversos objetivos a trav\u00e9s de los enormes poderes de la brujer\u00eda.<\/p>\n<p>* Como curar y evitar enfermedades<\/p>\n<p>* C\u00f3mo alcanzar el amor<\/p>\n<p>* C\u00f3mo obtener trabajo<\/p>\n<p>* Qu\u00e9 hacer para tener buena suerte<\/p>\n<p>* C\u00f3mo alejar a personas indeseables<\/p>\n<p>* Que hacer para librarse de maldiciones, salaciones, envidias y mal de ojo.<\/p>\n<p>&nbsp;<\/p>\n<p>&nbsp;<\/p>\n<p>&nbsp;<\/p>\n<p><strong>BAZAR MERL\u00cdN<\/strong><br \/>\n<strong>El Lugar M\u00e1s M\u00edstico de Guadalajara<\/strong><br \/>\n<strong>ENVIAMOS A TODO M\u00c9XICO<\/strong><\/p>\n<!-- AddThis Advanced Settings generic via filter on the_content --><!-- AddThis Share Buttons generic via filter on the_content -->","protected":false},"excerpt":{"rendered":"<p>BRUJER\u00cdA. HECHIZOS, CONJUROS Y ENCANTAMIENTOS Tamara. Este libro, ofrece al lector una variada y sencilla selecci\u00f3n de f\u00f3rmulas, conjuros, hechizos y encantamientos, para lograr los m\u00e1s diversos objetivos a trav\u00e9s de los enormes poderes de la brujer\u00eda. * Como curar y evitar enfermedades * C\u00f3mo alcanzar el amor * C\u00f3mo obtener trabajo * Qu\u00e9 hacer&hellip;<!-- AddThis Advanced Settings generic via filter on get_the_excerpt --><!-- AddThis Share Buttons generic via filter on get_the_excerpt --><\/p>\n","protected":false},"featured_media":11184,"template":"","meta":[],"product_cat":[13],"product_tag":[861],"_links":{"self":[{"href":"https:\/\/www.bazarmerlin.com\/inicio\/wp-json\/wp\/v2\/product\/1384"}],"collection":[{"href":"https:\/\/www.bazarmerlin.com\/inicio\/wp-json\/wp\/v2\/product"}],"about":[{"href":"https:\/\/www.bazarmerlin.com\/inicio\/wp-json\/wp\/v2\/types\/product"}],"wp:featuredmedia":[{"embeddable":true,"href":"https:\/\/www.bazarmerlin.com\/inicio\/wp-json\/wp\/v2\/media\/11184"}],"wp:attachment":[{"href":"https:\/\/www.bazarmerlin.com\/inicio\/wp-json\/wp\/v2\/media?parent=1384"}],"wp:term":[{"taxonomy":"product_cat","embeddable":true,"href":"https:\/\/www.bazarmerlin.com\/inicio\/wp-json\/wp\/v2\/product_cat?post=1384"},{"taxonomy":"product_tag","embeddable":true,"href":"https:\/\/www.bazarmerlin.com\/inicio\/wp-json\/wp\/v2\/product_tag?post=1384"}],"curies":[{"name":"wp","href":"https:\/\/api.w.org\/{rel}","templated":true}]}}