{"id":1386,"date":"2015-07-13T23:45:29","date_gmt":"2015-07-13T23:45:29","guid":{"rendered":"https:\/\/www.bazarmerlin.com\/inicio\/?post_type=product&#038;p=1386"},"modified":"2022-12-08T23:41:31","modified_gmt":"2022-12-08T23:41:31","slug":"perfume-manzana-canela-100-concentrado-y-original","status":"publish","type":"product","link":"https:\/\/www.bazarmerlin.com\/inicio\/producto\/perfume-manzana-canela-100-concentrado-y-original\/","title":{"rendered":"Perfume Manzana Canela &#8211; Suerte En Amor Dinero Y Protecci\u00f3n"},"content":{"rendered":"<h3><strong>PERFUME MANZANA CANELA<\/strong><br \/>\n<strong>-Atrae SUERTE, ARMON\u00cdA, \u00c9XITO, DINERO Y AMOR-<\/strong><\/h3>\n<p>&nbsp;<\/p>\n<p>&nbsp;<\/p>\n<p>LA CANELA:<br \/>\nDa energ\u00eda al cuerpo y da seguridad. Aumenta la capacidad para penetrar en nuestra conciencia ps\u00edquica. Por tanto, mejora la econom\u00eda.<\/p>\n<p>LA MANZANA ROJA: Atrae Felicidad y Amor.<\/p>\n<p>*Especial para retirar todo ESTORBO O INFLUENCIA NEGATIVA en la persona, casa o negocio, obteniendo proteccion y abundancia*<\/p>\n<p>\u00bfPorque es tan poderosa esta Combinaci\u00f3n de MANZANA Y CANELA?<br \/>\nLa Canela nos ayuda en la toma de decisiones importantes, ya sea en los negocios o en las relaciones, multiplica las ganancias, propicia la buena suerte en los negocios y juegos de azar. La manzana nos da estabilidad y certeza, la cual junto con la canela, con llevan a una vida de \u00c9XITO, AMOR Y PROSPERIDAD.<\/p>\n<p>-FORMULA 100% ORIGINAL de 125 ml-<\/p>\n<p>&nbsp;<\/p>\n<p>&nbsp;<\/p>\n<p><strong>BAZAR MERLIN\u00ae<\/strong><br \/>\n<strong>El Lugar M\u00e1s M\u00edstico de Guadalajara<\/strong><br \/>\n<strong>ENVIAMOS A TODO M\u00c9XICO&#8230;<\/strong><\/p>\n<!-- AddThis Advanced Settings generic via filter on the_content --><!-- AddThis Share Buttons generic via filter on the_content -->","protected":false},"excerpt":{"rendered":"<p>PERFUME MANZANA CANELA -Atrae SUERTE, ARMON\u00cdA, \u00c9XITO, DINERO Y AMOR- &nbsp; &nbsp; LA CANELA: Da energ\u00eda al cuerpo y da seguridad. Aumenta la capacidad para penetrar en nuestra conciencia ps\u00edquica. Por tanto, mejora la econom\u00eda. LA MANZANA ROJA: Atrae Felicidad y Amor. *Especial para retirar todo ESTORBO O INFLUENCIA NEGATIVA en la persona, casa o&hellip;<!-- AddThis Advanced Settings generic via filter on get_the_excerpt --><!-- AddThis Share Buttons generic via filter on get_the_excerpt --><\/p>\n","protected":false},"featured_media":11031,"template":"","meta":[],"product_cat":[20],"product_tag":[862,863],"_links":{"self":[{"href":"https:\/\/www.bazarmerlin.com\/inicio\/wp-json\/wp\/v2\/product\/1386"}],"collection":[{"href":"https:\/\/www.bazarmerlin.com\/inicio\/wp-json\/wp\/v2\/product"}],"about":[{"href":"https:\/\/www.bazarmerlin.com\/inicio\/wp-json\/wp\/v2\/types\/product"}],"wp:featuredmedia":[{"embeddable":true,"href":"https:\/\/www.bazarmerlin.com\/inicio\/wp-json\/wp\/v2\/media\/11031"}],"wp:attachment":[{"href":"https:\/\/www.bazarmerlin.com\/inicio\/wp-json\/wp\/v2\/media?parent=1386"}],"wp:term":[{"taxonomy":"product_cat","embeddable":true,"href":"https:\/\/www.bazarmerlin.com\/inicio\/wp-json\/wp\/v2\/product_cat?post=1386"},{"taxonomy":"product_tag","embeddable":true,"href":"https:\/\/www.bazarmerlin.com\/inicio\/wp-json\/wp\/v2\/product_tag?post=1386"}],"curies":[{"name":"wp","href":"https:\/\/api.w.org\/{rel}","templated":true}]}}