{"id":1388,"date":"2015-07-13T23:48:17","date_gmt":"2015-07-13T23:48:17","guid":{"rendered":"https:\/\/www.bazarmerlin.com\/inicio\/?post_type=product&#038;p=1388"},"modified":"2023-01-10T00:54:46","modified_gmt":"2023-01-10T00:54:46","slug":"locion-cubana-contra-danos-limpie-su-aura-y-su-persona","status":"publish","type":"product","link":"https:\/\/www.bazarmerlin.com\/inicio\/producto\/locion-cubana-contra-danos-limpie-su-aura-y-su-persona\/","title":{"rendered":"Loci\u00f3n Cubana Contra Da\u00f1os Negativos y malas vibras"},"content":{"rendered":"<p><strong>LOCI\u00d3N CONTRA DA\u00d1OS<\/strong><\/p>\n<p>&nbsp;<\/p>\n<p>LIMPIE SU AURA DE TODO DA\u00d1O NEGATIVO<br \/>\nAPLIQUE ESTA LOCI\u00d3N DESPU\u00c9S DEL BA\u00d1O DIARIO Y LE AYUDAR\u00c1 A CONTRARRESTRAR CUALQUIER TIPO DE DA\u00d1O.<\/p>\n<p>\u2022 EN TU PERSONA<\/p>\n<p>OBTENGA RESULTADOS CON SOLO<br \/>\nAPLICARLO EN TODO SU CUERPO,<\/p>\n<p>F\u00d3RMULA CUBANA:<br \/>\nESPECIALMENTE PREPARADO POR SANTEROS CUBANOS PARA RETIRAR O RECHAZAR TODO DA\u00d1O NEGATIVO,<\/p>\n<p>REVIERTA CUALQUIER TRABAJO DE MAGIA NEGRA<\/p>\n<p>&nbsp;<\/p>\n<p>&nbsp;<\/p>\n<p><strong>BAZAR MERLIN\u00ae<\/strong><br \/>\n<strong>El Lugar M\u00e1s M\u00edstico de Guadalajara<\/strong><br \/>\n<strong>ENVIAMOS A TODO M\u00c9XICO&#8230;<\/strong><\/p>\n<!-- AddThis Advanced Settings generic via filter on the_content --><!-- AddThis Share Buttons generic via filter on the_content -->","protected":false},"excerpt":{"rendered":"<p>LOCI\u00d3N CONTRA DA\u00d1OS &nbsp; LIMPIE SU AURA DE TODO DA\u00d1O NEGATIVO APLIQUE ESTA LOCI\u00d3N DESPU\u00c9S DEL BA\u00d1O DIARIO Y LE AYUDAR\u00c1 A CONTRARRESTRAR CUALQUIER TIPO DE DA\u00d1O. \u2022 EN TU PERSONA OBTENGA RESULTADOS CON SOLO APLICARLO EN TODO SU CUERPO, F\u00d3RMULA CUBANA: ESPECIALMENTE PREPARADO POR SANTEROS CUBANOS PARA RETIRAR O RECHAZAR TODO DA\u00d1O NEGATIVO, REVIERTA&hellip;<!-- AddThis Advanced Settings generic via filter on get_the_excerpt --><!-- AddThis Share Buttons generic via filter on get_the_excerpt --><\/p>\n","protected":false},"featured_media":10967,"template":"","meta":[],"product_cat":[20],"product_tag":[864],"_links":{"self":[{"href":"https:\/\/www.bazarmerlin.com\/inicio\/wp-json\/wp\/v2\/product\/1388"}],"collection":[{"href":"https:\/\/www.bazarmerlin.com\/inicio\/wp-json\/wp\/v2\/product"}],"about":[{"href":"https:\/\/www.bazarmerlin.com\/inicio\/wp-json\/wp\/v2\/types\/product"}],"wp:featuredmedia":[{"embeddable":true,"href":"https:\/\/www.bazarmerlin.com\/inicio\/wp-json\/wp\/v2\/media\/10967"}],"wp:attachment":[{"href":"https:\/\/www.bazarmerlin.com\/inicio\/wp-json\/wp\/v2\/media?parent=1388"}],"wp:term":[{"taxonomy":"product_cat","embeddable":true,"href":"https:\/\/www.bazarmerlin.com\/inicio\/wp-json\/wp\/v2\/product_cat?post=1388"},{"taxonomy":"product_tag","embeddable":true,"href":"https:\/\/www.bazarmerlin.com\/inicio\/wp-json\/wp\/v2\/product_tag?post=1388"}],"curies":[{"name":"wp","href":"https:\/\/api.w.org\/{rel}","templated":true}]}}