{"id":1390,"date":"2015-07-13T23:50:32","date_gmt":"2015-07-13T23:50:32","guid":{"rendered":"https:\/\/www.bazarmerlin.com\/inicio\/?post_type=product&#038;p=1390"},"modified":"2022-10-05T23:35:34","modified_gmt":"2022-10-05T23:35:34","slug":"jabon-rosas-y-miel-para-atraer-y-conservar-pareja","status":"publish","type":"product","link":"https:\/\/www.bazarmerlin.com\/inicio\/producto\/jabon-rosas-y-miel-para-atraer-y-conservar-pareja\/","title":{"rendered":"Jab\u00f3n Rosas Y Miel &#8211; 2 Piezas &#8211; Para Atraer Conservar Pareja"},"content":{"rendered":"<p><strong>2 PIEZAS DE PODEROSO JAB\u00d3N ROSAS CON MIEL<\/strong><\/p>\n<p><strong>PARA ATRAER Y CONSERVAR LA PAREJA<\/strong><\/p>\n<p>&nbsp;<\/p>\n<p>Los Jabones Esot\u00e9ricos son preparados con productos, esencias y extractos especiales. Cuando tienes un problema que crees de dif\u00edcil soluci\u00f3n es bueno recurrir a los rituales de magia, estos siempre nos ayudan a lograr exitosamente los objetivos que queremos conseguir.<\/p>\n<p>Las limpiezas o rituales con jabones sirven para uso diario tanto del cuerpo como de las manos y toda tu energ\u00eda c\u00f3smica y aurica equilibrando tus chakras para as\u00ed cambiar de forma inmediata tu suerte. Su fabricaci\u00f3n y su composici\u00f3n son de forma 100% artesanal por lo que llevan la esencia y extracto natural para equilibrar tu energ\u00eda, en algunos jabones hierbas en su interior.<\/p>\n<p>Este poderoso jab\u00f3n ayudara a atraer el amor de nuestras vidas de una manera r\u00e1pida y muy efectiva, ya que equilibrando nuestra energ\u00eda y equilibrando nuestro campo aurico como tus 7 chakras esto ayudara a que te limpies de una manera muy sencilla y sana como poderosa. garantizado para que cambies esa mala suerte en \u00e9xito, no habr\u00e1 mujer que se resista a ti por el poder de este jab\u00f3n elaborado con extractos 100% naturales.<\/p>\n<p>EL JAB\u00d3N DE ROSAS Y MIEL UNE FUERTEMENTE LOS LAZOS AMOROSOS DE QUIEN LO USA Y ENVUELVE DE ROMANCE LA RELACI\u00d3N.<\/p>\n<p>&nbsp;<\/p>\n<p>&nbsp;<\/p>\n<p><strong>BAZAR MERL\u00cdN<\/strong><br \/>\n<strong>El Lugar M\u00e1s M\u00edstico de Guadalajara<\/strong><br \/>\n<strong>ENVIAMOS A TODO M\u00c9XICO&#8230;<\/strong><\/p>\n<!-- AddThis Advanced Settings generic via filter on the_content --><!-- AddThis Share Buttons generic via filter on the_content -->","protected":false},"excerpt":{"rendered":"<p>2 PIEZAS DE PODEROSO JAB\u00d3N ROSAS CON MIEL PARA ATRAER Y CONSERVAR LA PAREJA &nbsp; Los Jabones Esot\u00e9ricos son preparados con productos, esencias y extractos especiales. Cuando tienes un problema que crees de dif\u00edcil soluci\u00f3n es bueno recurrir a los rituales de magia, estos siempre nos ayudan a lograr exitosamente los objetivos que queremos conseguir.&hellip;<!-- AddThis Advanced Settings generic via filter on get_the_excerpt --><!-- AddThis Share Buttons generic via filter on get_the_excerpt --><\/p>\n","protected":false},"featured_media":9461,"template":"","meta":[],"product_cat":[14],"product_tag":[865,866],"_links":{"self":[{"href":"https:\/\/www.bazarmerlin.com\/inicio\/wp-json\/wp\/v2\/product\/1390"}],"collection":[{"href":"https:\/\/www.bazarmerlin.com\/inicio\/wp-json\/wp\/v2\/product"}],"about":[{"href":"https:\/\/www.bazarmerlin.com\/inicio\/wp-json\/wp\/v2\/types\/product"}],"wp:featuredmedia":[{"embeddable":true,"href":"https:\/\/www.bazarmerlin.com\/inicio\/wp-json\/wp\/v2\/media\/9461"}],"wp:attachment":[{"href":"https:\/\/www.bazarmerlin.com\/inicio\/wp-json\/wp\/v2\/media?parent=1390"}],"wp:term":[{"taxonomy":"product_cat","embeddable":true,"href":"https:\/\/www.bazarmerlin.com\/inicio\/wp-json\/wp\/v2\/product_cat?post=1390"},{"taxonomy":"product_tag","embeddable":true,"href":"https:\/\/www.bazarmerlin.com\/inicio\/wp-json\/wp\/v2\/product_tag?post=1390"}],"curies":[{"name":"wp","href":"https:\/\/api.w.org\/{rel}","templated":true}]}}