{"id":1396,"date":"2015-07-14T00:00:06","date_gmt":"2015-07-14T00:00:06","guid":{"rendered":"https:\/\/www.bazarmerlin.com\/inicio\/?post_type=product&#038;p=1396"},"modified":"2022-10-14T22:05:15","modified_gmt":"2022-10-14T22:05:15","slug":"santa-muerte-amarilla-dinero-abundancia-y-proteccion","status":"publish","type":"product","link":"https:\/\/www.bazarmerlin.com\/inicio\/producto\/santa-muerte-amarilla-dinero-abundancia-y-proteccion\/","title":{"rendered":"Santa Muerte Amarilla &#8211; Dinero, Abundancia y Proteccion"},"content":{"rendered":"<p><strong>FIGURA SANTA MUERTE AMARILLA\u00a0<\/strong><br \/>\npara rituales y dinero<\/p>\n<p>&nbsp;<\/p>\n<p>En color amarillo para atraer abundancia, dinero y oportunidades finamente terminada para trabajos de magia para su altar o para pedir que nos ayude a conseguir un mejor trabajo, dinero; o para abrir camino y generar nuevas oportunidades para el \u00e9xito.<\/p>\n<p>Obt\u00e9n amor, trabajo y \u00e9xito en todo. Con esta poderosa figura, que se te manda preparada y consagrada.<\/p>\n<p>&nbsp;<\/p>\n<p>&nbsp;<\/p>\n<p><strong>BAZAR\u00a0<\/strong><b>MERL\u00cdN<\/b><br \/>\n<strong>El Lugar M\u00e1s M\u00edstico de Guadalajara<\/strong><br \/>\n<strong>ENVIAMOS A TODO M\u00c9XICO\u2026<\/strong><\/p>\n<!-- AddThis Advanced Settings generic via filter on the_content --><!-- AddThis Share Buttons generic via filter on the_content -->","protected":false},"excerpt":{"rendered":"<p>FIGURA SANTA MUERTE AMARILLA\u00a0 para rituales y dinero &nbsp; En color amarillo para atraer abundancia, dinero y oportunidades finamente terminada para trabajos de magia para su altar o para pedir que nos ayude a conseguir un mejor trabajo, dinero; o para abrir camino y generar nuevas oportunidades para el \u00e9xito. Obt\u00e9n amor, trabajo y \u00e9xito&hellip;<!-- AddThis Advanced Settings generic via filter on get_the_excerpt --><!-- AddThis Share Buttons generic via filter on get_the_excerpt --><\/p>\n","protected":false},"featured_media":10358,"template":"","meta":[],"product_cat":[14],"product_tag":[490,264,872],"_links":{"self":[{"href":"https:\/\/www.bazarmerlin.com\/inicio\/wp-json\/wp\/v2\/product\/1396"}],"collection":[{"href":"https:\/\/www.bazarmerlin.com\/inicio\/wp-json\/wp\/v2\/product"}],"about":[{"href":"https:\/\/www.bazarmerlin.com\/inicio\/wp-json\/wp\/v2\/types\/product"}],"wp:featuredmedia":[{"embeddable":true,"href":"https:\/\/www.bazarmerlin.com\/inicio\/wp-json\/wp\/v2\/media\/10358"}],"wp:attachment":[{"href":"https:\/\/www.bazarmerlin.com\/inicio\/wp-json\/wp\/v2\/media?parent=1396"}],"wp:term":[{"taxonomy":"product_cat","embeddable":true,"href":"https:\/\/www.bazarmerlin.com\/inicio\/wp-json\/wp\/v2\/product_cat?post=1396"},{"taxonomy":"product_tag","embeddable":true,"href":"https:\/\/www.bazarmerlin.com\/inicio\/wp-json\/wp\/v2\/product_tag?post=1396"}],"curies":[{"name":"wp","href":"https:\/\/api.w.org\/{rel}","templated":true}]}}