{"id":1410,"date":"2015-07-14T00:17:59","date_gmt":"2015-07-14T00:17:59","guid":{"rendered":"https:\/\/www.bazarmerlin.com\/inicio\/?post_type=product&#038;p=1410"},"modified":"2022-10-11T22:41:04","modified_gmt":"2022-10-11T22:41:04","slug":"medalla-de-san-benito-para-casa-o-negocio-12-5-cm-diametro-2","status":"publish","type":"product","link":"https:\/\/www.bazarmerlin.com\/inicio\/producto\/medalla-de-san-benito-para-casa-o-negocio-12-5-cm-diametro-2\/","title":{"rendered":"Medalla De San Benito Para Casa O Negocio \/ 12.5 Cm Diametro"},"content":{"rendered":"<p><b>MEDALLA DE SAN BENITO EN ALEACI\u00d3N DE 7 METALES.<\/b><br \/>\n<strong>TERMINADA EN ACABADO COLONIAL ANTIGUO.<\/strong><\/p>\n<p>&nbsp;<\/p>\n<p>(OJO: El tono o color de la medalla puede variar un poco)<\/p>\n<p>TAMA\u00d1O EXTRA GRANDE 12.5 CMS DE DI\u00c1METRO<\/p>\n<p>La Mejor Protecci\u00f3n Contra Maleficios Y Mala Suerte.<\/p>\n<p>Esta hermosa medalla se encuentra por el frente con la imagen del santo patriarca y por la vuelta la cruz de san Benito con las letras iniciales de la siguiente oraci\u00f3n:<\/p>\n<p>crux sancti patris benedicti<br \/>\ncruz del santo padre benito<\/p>\n<p>crux sacra sit mihi lux<br \/>\nmi luz sea la cruz santa,<\/p>\n<p>non draco sit mihi dux<br \/>\nno sea el demonio mi gu\u00eda<\/p>\n<p>vade retro satana<br \/>\n\u00a1ap\u00e1rtate, satan\u00e1s!<\/p>\n<p>Numquam Suade Mihi Vana<br \/>\nNo sugieras cosas vanas,<\/p>\n<p>Sunt Mala Quae Libas<br \/>\nPues maldad es lo que brindas<\/p>\n<p>Ipse Venena Bibas<br \/>\nBebe t\u00fa mismo el veneno.<\/p>\n<p>La medalla de san Benito ha sido propagada por todo el mundo desde hace mas de 300 a\u00f1os por su gran poder y fuerza espiritual que tiene a quien la porte, especialmente portada por los monjes benedictos cubra por su eficacia ante cualquier demonio y sus manifestaciones; en defensa contra maleficios de cualquier genero, contra enfermedades, como previene cualquier tipo de accidente en casa, veh\u00edculos o negocios, ayuda atraer el \u00e9xito a quien la poder por el poder de su simbolog\u00eda.<\/p>\n<p>MEDALLA DE SAN BENITO EN ALEACION DE 7 METALES<\/p>\n<p>MEDALLA IMPORTADA.<\/p>\n<p>&nbsp;<\/p>\n<p>&nbsp;<\/p>\n<p><strong>BAZAR\u00a0<\/strong><b>MERL\u00cdN<\/b><br \/>\n<strong>El Lugar M\u00e1s M\u00edstico de Guadalajara<\/strong><br \/>\n<strong>ENVIAMOS A TODO M\u00c9XICO&#8230;<\/strong><\/p>\n<!-- AddThis Advanced Settings generic via filter on the_content --><!-- AddThis Share Buttons generic via filter on the_content -->","protected":false},"excerpt":{"rendered":"<p>MEDALLA DE SAN BENITO EN ALEACI\u00d3N DE 7 METALES. TERMINADA EN ACABADO COLONIAL ANTIGUO. &nbsp; (OJO: El tono o color de la medalla puede variar un poco) TAMA\u00d1O EXTRA GRANDE 12.5 CMS DE DI\u00c1METRO La Mejor Protecci\u00f3n Contra Maleficios Y Mala Suerte. Esta hermosa medalla se encuentra por el frente con la imagen del santo&hellip;<!-- AddThis Advanced Settings generic via filter on get_the_excerpt --><!-- AddThis Share Buttons generic via filter on get_the_excerpt --><\/p>\n","protected":false},"featured_media":10289,"template":"","meta":[],"product_cat":[14],"product_tag":[874],"_links":{"self":[{"href":"https:\/\/www.bazarmerlin.com\/inicio\/wp-json\/wp\/v2\/product\/1410"}],"collection":[{"href":"https:\/\/www.bazarmerlin.com\/inicio\/wp-json\/wp\/v2\/product"}],"about":[{"href":"https:\/\/www.bazarmerlin.com\/inicio\/wp-json\/wp\/v2\/types\/product"}],"wp:featuredmedia":[{"embeddable":true,"href":"https:\/\/www.bazarmerlin.com\/inicio\/wp-json\/wp\/v2\/media\/10289"}],"wp:attachment":[{"href":"https:\/\/www.bazarmerlin.com\/inicio\/wp-json\/wp\/v2\/media?parent=1410"}],"wp:term":[{"taxonomy":"product_cat","embeddable":true,"href":"https:\/\/www.bazarmerlin.com\/inicio\/wp-json\/wp\/v2\/product_cat?post=1410"},{"taxonomy":"product_tag","embeddable":true,"href":"https:\/\/www.bazarmerlin.com\/inicio\/wp-json\/wp\/v2\/product_tag?post=1410"}],"curies":[{"name":"wp","href":"https:\/\/api.w.org\/{rel}","templated":true}]}}